{"id":9353,"date":"2015-09-24T22:36:20","date_gmt":"2015-09-25T03:36:20","guid":{"rendered":"http:\/\/kitesurfvacation.com\/?page_id=9353"},"modified":"2015-09-24T22:42:20","modified_gmt":"2015-09-25T03:42:20","slug":"casa-one","status":"publish","type":"page","link":"https:\/\/kitesurfvacation.com\/?page_id=9353","title":{"rendered":"Casa One"},"content":{"rendered":"<div id=\"tweetbutton9353\" class=\"tw_button\" style=\"\"><a href=\"http:\/\/twitter.com\/share?url=https%3A%2F%2Fkitesurfvacation.com%2F%3Fpage_id%3D9353&amp;text=Casa%20One&amp;related=&amp;lang=en&amp;count=horizontal&amp;counturl=https%3A%2F%2Fkitesurfvacation.com%2F%3Fpage_id%3D9353\" class=\"twitter-share-button\"  style=\"width:55px;height:22px;background:transparent url('https:\/\/kitesurfvacation.com\/wp-content\/plugins\/wp-tweet-button\/tweetn.png') no-repeat  0 0;text-align:left;text-indent:-9999px;display:block;\">Tweet<\/a><\/div>\n<!-- Facebook Like Button v1.9.6 BEGIN [http:\/\/blog.bottomlessinc.com] -->\n<iframe src=\"http:\/\/www.facebook.com\/plugins\/like.php?href=https%3A%2F%2Fkitesurfvacation.com%2F%3Fpage_id%3D9353&amp;layout=standard&amp;show_faces=false&amp;width=450&amp;action=like&amp;colorscheme=light\" scrolling=\"no\" frameborder=\"0\" allowTransparency=\"true\" style=\"border:none; overflow:hidden; width:450px; height: 30px; align: left; margin: 2px 0px 2px 0px\"><\/iframe>\n<!-- Facebook Like Button END -->\n<table>\n<tbody>\n<tr>\n<td><img decoding=\"async\" src=\"_images\/casaoneelcuyo640.jpg\" alt=\"\" \/><\/td>\n<td><\/td>\n<td><img decoding=\"async\" src=\"_images\/elcuyovillamap.jpg\" alt=\"\" \/><\/td>\n<\/tr>\n<tr>\n<td style=\"vertical-align: top; text-align: justify;\" colspan=\"3\" width=\"845\"><!-- CONTENIDO DE INFO --><\/p>\n<p style=\"text-align: justify;\">Casa ubicada en la zona residencial del Cuyo frente a la playa. La casa cuenta con una sola recamara con una cama queen size para alojar 2 personas y se puede a\u00f1adir otra cama extra en caso de ser 3 o hasta 4 personas. Esta propiedad cuenta con una cocina toda equipada, ba\u00f1o completo y  comedor. As\u00ed mismo, la casa tiene aire acondicionado,  agua caliente, estacionamiento privado, incre\u00edbles vistas al mar desde el cuarto, internet WI FI, regadera exterior, hamacas, sillas y todo lo que necesite para descansar.<\/p>\n<p style=\"text-align: justify;\">La casa cuenta con 1 recamara  y capacidad para recibir hasta 4 personas. La estancia es de 2 noches minimo.  El precio regular es de $ 100 usd por noche y del 18 de diciembre al 11 de enero, as\u00ed como semanas santa y pascua, el precio es de  $130  usd por noche. Impuestos del 16% + 3% no est\u00e1n inclu\u00eddos.<\/p>\n<p style=\"text-align: justify;\">Cont\u00e1ctanos para revisar disponibilidad y m\u00e1s informaci\u00f3n.<\/p>\n\n\t\t<style type=\"text\/css\">\n\t\t\t#gallery-1 {\n\t\t\t\tmargin: auto;\n\t\t\t}\n\t\t\t#gallery-1 .gallery-item {\n\t\t\t\tfloat: left;\n\t\t\t\tmargin-top: 10px;\n\t\t\t\ttext-align: center;\n\t\t\t\twidth: 33%;\n\t\t\t}\n\t\t\t#gallery-1 img {\n\t\t\t\tborder: 2px solid #cfcfcf;\n\t\t\t}\n\t\t\t#gallery-1 .gallery-caption {\n\t\t\t\tmargin-left: 0;\n\t\t\t}\n\t\t\t\/* see gallery_shortcode() in wp-includes\/media.php *\/\n\t\t<\/style>\n\t\t<div id='gallery-1' class='gallery galleryid-9353 gallery-columns-3 gallery-size-medium'><dl class='gallery-item'>\n\t\t\t<dt class='gallery-icon landscape'>\n\t\t\t\t<a rel='wp-prettyPhoto[gallery]' href='https:\/\/kitesurfvacation.com\/wp-content\/uploads\/2015\/09\/casaoneelcuyo-2.jpg'><img loading=\"lazy\" decoding=\"async\" width=\"300\" height=\"200\" src=\"https:\/\/kitesurfvacation.com\/wp-content\/uploads\/2015\/09\/casaoneelcuyo-2-300x200.jpg\" class=\"attachment-medium size-medium\" alt=\"\" srcset=\"https:\/\/kitesurfvacation.com\/wp-content\/uploads\/2015\/09\/casaoneelcuyo-2-300x200.jpg 300w, https:\/\/kitesurfvacation.com\/wp-content\/uploads\/2015\/09\/casaoneelcuyo-2.jpg 800w\" sizes=\"auto, (max-width: 300px) 100vw, 300px\" \/><\/a>\n\t\t\t<\/dt><\/dl><dl class='gallery-item'>\n\t\t\t<dt class='gallery-icon landscape'>\n\t\t\t\t<a rel='wp-prettyPhoto[gallery]' href='https:\/\/kitesurfvacation.com\/wp-content\/uploads\/2015\/09\/casaoneelcuyo-3.jpg'><img loading=\"lazy\" decoding=\"async\" width=\"300\" height=\"222\" src=\"https:\/\/kitesurfvacation.com\/wp-content\/uploads\/2015\/09\/casaoneelcuyo-3-300x222.jpg\" class=\"attachment-medium size-medium\" alt=\"\" srcset=\"https:\/\/kitesurfvacation.com\/wp-content\/uploads\/2015\/09\/casaoneelcuyo-3-300x222.jpg 300w, https:\/\/kitesurfvacation.com\/wp-content\/uploads\/2015\/09\/casaoneelcuyo-3.jpg 800w\" sizes=\"auto, (max-width: 300px) 100vw, 300px\" \/><\/a>\n\t\t\t<\/dt><\/dl><dl class='gallery-item'>\n\t\t\t<dt class='gallery-icon landscape'>\n\t\t\t\t<a rel='wp-prettyPhoto[gallery]' href='https:\/\/kitesurfvacation.com\/wp-content\/uploads\/2015\/09\/casaoneelcuyo-4.jpg'><img loading=\"lazy\" decoding=\"async\" width=\"300\" height=\"231\" src=\"https:\/\/kitesurfvacation.com\/wp-content\/uploads\/2015\/09\/casaoneelcuyo-4-300x231.jpg\" class=\"attachment-medium size-medium\" alt=\"\" srcset=\"https:\/\/kitesurfvacation.com\/wp-content\/uploads\/2015\/09\/casaoneelcuyo-4-300x231.jpg 300w, https:\/\/kitesurfvacation.com\/wp-content\/uploads\/2015\/09\/casaoneelcuyo-4.jpg 800w\" sizes=\"auto, (max-width: 300px) 100vw, 300px\" \/><\/a>\n\t\t\t<\/dt><\/dl><br style=\"clear: both\" \/><dl class='gallery-item'>\n\t\t\t<dt class='gallery-icon landscape'>\n\t\t\t\t<a rel='wp-prettyPhoto[gallery]' href='https:\/\/kitesurfvacation.com\/wp-content\/uploads\/2015\/09\/casaoneelcuyo-5.jpg'><img loading=\"lazy\" decoding=\"async\" width=\"300\" height=\"222\" src=\"https:\/\/kitesurfvacation.com\/wp-content\/uploads\/2015\/09\/casaoneelcuyo-5-300x222.jpg\" class=\"attachment-medium size-medium\" alt=\"\" srcset=\"https:\/\/kitesurfvacation.com\/wp-content\/uploads\/2015\/09\/casaoneelcuyo-5-300x222.jpg 300w, https:\/\/kitesurfvacation.com\/wp-content\/uploads\/2015\/09\/casaoneelcuyo-5.jpg 800w\" sizes=\"auto, (max-width: 300px) 100vw, 300px\" \/><\/a>\n\t\t\t<\/dt><\/dl><dl class='gallery-item'>\n\t\t\t<dt class='gallery-icon landscape'>\n\t\t\t\t<a rel='wp-prettyPhoto[gallery]' href='https:\/\/kitesurfvacation.com\/wp-content\/uploads\/2015\/09\/casaoneelcuyo-6.jpg'><img loading=\"lazy\" decoding=\"async\" width=\"300\" height=\"228\" src=\"https:\/\/kitesurfvacation.com\/wp-content\/uploads\/2015\/09\/casaoneelcuyo-6-300x228.jpg\" class=\"attachment-medium size-medium\" alt=\"\" srcset=\"https:\/\/kitesurfvacation.com\/wp-content\/uploads\/2015\/09\/casaoneelcuyo-6-300x228.jpg 300w, https:\/\/kitesurfvacation.com\/wp-content\/uploads\/2015\/09\/casaoneelcuyo-6.jpg 800w\" sizes=\"auto, (max-width: 300px) 100vw, 300px\" \/><\/a>\n\t\t\t<\/dt><\/dl><dl class='gallery-item'>\n\t\t\t<dt class='gallery-icon landscape'>\n\t\t\t\t<a rel='wp-prettyPhoto[gallery]' href='https:\/\/kitesurfvacation.com\/wp-content\/uploads\/2015\/09\/casaoneelcuyo-7.jpg'><img loading=\"lazy\" decoding=\"async\" width=\"300\" height=\"200\" src=\"https:\/\/kitesurfvacation.com\/wp-content\/uploads\/2015\/09\/casaoneelcuyo-7-300x200.jpg\" class=\"attachment-medium size-medium\" alt=\"\" srcset=\"https:\/\/kitesurfvacation.com\/wp-content\/uploads\/2015\/09\/casaoneelcuyo-7-300x200.jpg 300w, https:\/\/kitesurfvacation.com\/wp-content\/uploads\/2015\/09\/casaoneelcuyo-7.jpg 800w\" sizes=\"auto, (max-width: 300px) 100vw, 300px\" \/><\/a>\n\t\t\t<\/dt><\/dl><br style=\"clear: both\" \/><dl class='gallery-item'>\n\t\t\t<dt class='gallery-icon landscape'>\n\t\t\t\t<a rel='wp-prettyPhoto[gallery]' href='https:\/\/kitesurfvacation.com\/wp-content\/uploads\/2015\/09\/casaoneelcuyo-8.jpg'><img loading=\"lazy\" decoding=\"async\" width=\"300\" height=\"200\" src=\"https:\/\/kitesurfvacation.com\/wp-content\/uploads\/2015\/09\/casaoneelcuyo-8-300x200.jpg\" class=\"attachment-medium size-medium\" alt=\"\" srcset=\"https:\/\/kitesurfvacation.com\/wp-content\/uploads\/2015\/09\/casaoneelcuyo-8-300x200.jpg 300w, https:\/\/kitesurfvacation.com\/wp-content\/uploads\/2015\/09\/casaoneelcuyo-8.jpg 800w\" sizes=\"auto, (max-width: 300px) 100vw, 300px\" \/><\/a>\n\t\t\t<\/dt><\/dl><dl class='gallery-item'>\n\t\t\t<dt class='gallery-icon landscape'>\n\t\t\t\t<a rel='wp-prettyPhoto[gallery]' href='https:\/\/kitesurfvacation.com\/wp-content\/uploads\/2015\/09\/casaoneelcuyo.jpg'><img loading=\"lazy\" decoding=\"async\" width=\"300\" height=\"200\" src=\"https:\/\/kitesurfvacation.com\/wp-content\/uploads\/2015\/09\/casaoneelcuyo-300x200.jpg\" class=\"attachment-medium size-medium\" alt=\"\" srcset=\"https:\/\/kitesurfvacation.com\/wp-content\/uploads\/2015\/09\/casaoneelcuyo-300x200.jpg 300w, https:\/\/kitesurfvacation.com\/wp-content\/uploads\/2015\/09\/casaoneelcuyo.jpg 800w\" sizes=\"auto, (max-width: 300px) 100vw, 300px\" \/><\/a>\n\t\t\t<\/dt><\/dl>\n\t\t\t<br style='clear: both' \/>\n\t\t<\/div>\n\n<td><\/td>\n<\/tr>\n<tr>\n<td>\n                <a class=\"medium custom-button align-btn-left\" href=\"http:\/\/kitesurfvacation.com\/?page_id=7409#prop\" title=\"m\u00e1s info\"><span style=\"background-color:#FF5C00; color:#FFFFFF\"> :: m\u00e1s propiedades en El Cuyo :: <\/span><\/a>\n\t     <\/td>\n<\/tr>\n<\/tbody>\n<\/table>\n\n<!-- Facebook Like Button v1.9.6 BEGIN [http:\/\/blog.bottomlessinc.com] -->\n<iframe src=\"http:\/\/www.facebook.com\/plugins\/like.php?href=https%3A%2F%2Fkitesurfvacation.com%2F%3Fpage_id%3D9353&amp;layout=standard&amp;show_faces=false&amp;width=450&amp;action=like&amp;colorscheme=light\" scrolling=\"no\" frameborder=\"0\" allowTransparency=\"true\" style=\"border:none; overflow:hidden; width:450px; height: 30px; align: left; margin: 2px 0px 2px 0px\"><\/iframe>\n<!-- Facebook Like Button END -->\n","protected":false},"excerpt":{"rendered":"<p>Casa ubicada en la zona residencial del Cuyo frente a la playa. La casa cuenta con una sola recamara con una cama queen size para alojar 2 personas y se puede a\u00f1adir otra cama extra en caso de ser 3 o hasta 4 personas. Esta propiedad cuenta [&hellip;]<\/p>\n","protected":false},"author":1,"featured_media":0,"parent":0,"menu_order":0,"comment_status":"closed","ping_status":"closed","template":"page-FullWidth.php","meta":{"footnotes":""},"class_list":["post-9353","page","type-page","status-publish","hentry"],"_links":{"self":[{"href":"https:\/\/kitesurfvacation.com\/index.php?rest_route=\/wp\/v2\/pages\/9353","targetHints":{"allow":["GET"]}}],"collection":[{"href":"https:\/\/kitesurfvacation.com\/index.php?rest_route=\/wp\/v2\/pages"}],"about":[{"href":"https:\/\/kitesurfvacation.com\/index.php?rest_route=\/wp\/v2\/types\/page"}],"author":[{"embeddable":true,"href":"https:\/\/kitesurfvacation.com\/index.php?rest_route=\/wp\/v2\/users\/1"}],"replies":[{"embeddable":true,"href":"https:\/\/kitesurfvacation.com\/index.php?rest_route=%2Fwp%2Fv2%2Fcomments&post=9353"}],"version-history":[{"count":4,"href":"https:\/\/kitesurfvacation.com\/index.php?rest_route=\/wp\/v2\/pages\/9353\/revisions"}],"predecessor-version":[{"id":9389,"href":"https:\/\/kitesurfvacation.com\/index.php?rest_route=\/wp\/v2\/pages\/9353\/revisions\/9389"}],"wp:attachment":[{"href":"https:\/\/kitesurfvacation.com\/index.php?rest_route=%2Fwp%2Fv2%2Fmedia&parent=9353"}],"curies":[{"name":"wp","href":"https:\/\/api.w.org\/{rel}","templated":true}]}}