{"id":9210,"date":"2015-09-24T22:14:29","date_gmt":"2015-09-25T03:14:29","guid":{"rendered":"http:\/\/kitesurfvacation.com\/?page_id=9210"},"modified":"2016-02-08T11:37:54","modified_gmt":"2016-02-08T17:37:54","slug":"casa-alcocer","status":"publish","type":"page","link":"https:\/\/kitesurfvacation.com\/?page_id=9210","title":{"rendered":"Casa Alcocer"},"content":{"rendered":"<div id=\"tweetbutton9210\" class=\"tw_button\" style=\"\"><a href=\"http:\/\/twitter.com\/share?url=https%3A%2F%2Fkitesurfvacation.com%2F%3Fpage_id%3D9210&amp;text=Casa%20Alcocer&amp;related=&amp;lang=en&amp;count=horizontal&amp;counturl=https%3A%2F%2Fkitesurfvacation.com%2F%3Fpage_id%3D9210\" class=\"twitter-share-button\"  style=\"width:55px;height:22px;background:transparent url('https:\/\/kitesurfvacation.com\/wp-content\/plugins\/wp-tweet-button\/tweetn.png') no-repeat  0 0;text-align:left;text-indent:-9999px;display:block;\">Tweet<\/a><\/div>\n<!-- Facebook Like Button v1.9.6 BEGIN [http:\/\/blog.bottomlessinc.com] -->\n<iframe src=\"http:\/\/www.facebook.com\/plugins\/like.php?href=https%3A%2F%2Fkitesurfvacation.com%2F%3Fpage_id%3D9210&amp;layout=standard&amp;show_faces=false&amp;width=450&amp;action=like&amp;colorscheme=light\" scrolling=\"no\" frameborder=\"0\" allowTransparency=\"true\" style=\"border:none; overflow:hidden; width:450px; height: 30px; align: left; margin: 2px 0px 2px 0px\"><\/iframe>\n<!-- Facebook Like Button END -->\n<table>\n<tbody>\n<tr>\n<td><img decoding=\"async\" src=\"_images\/casaelcuyo640.jpg\" alt=\"\" \/><\/td>\n<td><\/td>\n<td><img decoding=\"async\" src=\"_images\/elcuyovillamap.jpg\" alt=\"\" \/><\/td>\n<\/tr>\n<tr>\n<td style=\"vertical-align: top; text-align: justify;\" colspan=\"3\" width=\"845\"><!-- CONTENIDO DE INFO --><\/p>\n<p style=\"text-align: justify;\">La casa esta ubicada en la playa dentro de la zona residencial del Cuyo. La casa es de dos niveles y amueblada completamente. En la planta alta cuenta con 3 habitaciones cada una con ba\u00f1o y closet propio,  2 de ellas con un amplio balc\u00f3n con vista al mar. Adem\u00e1s de una peque\u00f1a \u00e1rea de estar. En la planta baja, cuenta con 1 habitaci\u00f3n con closet y ba\u00f1o de uso compartido. Todas las habitaciones tienen 2 camas matrimoniales.  La casa cuenta con sala, comedor, aire acondicionado, cocina equipada con todos los utensilios, bodega, amplia terraza con vista al mar, estacionamiento, piscina, TV,  no cuenta con internet. <\/p>\n<p style=\"text-align: justify;\">El precio de renta es de $180 usd por noche y $195 usd d\u00edas festivos. Estancia m\u00ednima 7 d\u00edas. Ocupaci\u00f3n hasta 12 personas en 4 habitaciones.<\/p>\n<p style=\"text-align: justify;\">Cont\u00e1ctanos para verificar disponibilidad y m\u00e1s informaci\u00f3n.<br \/>\n\n\t\t<style type=\"text\/css\">\n\t\t\t#gallery-1 {\n\t\t\t\tmargin: auto;\n\t\t\t}\n\t\t\t#gallery-1 .gallery-item {\n\t\t\t\tfloat: left;\n\t\t\t\tmargin-top: 10px;\n\t\t\t\ttext-align: center;\n\t\t\t\twidth: 33%;\n\t\t\t}\n\t\t\t#gallery-1 img {\n\t\t\t\tborder: 2px solid #cfcfcf;\n\t\t\t}\n\t\t\t#gallery-1 .gallery-caption {\n\t\t\t\tmargin-left: 0;\n\t\t\t}\n\t\t\t\/* see gallery_shortcode() in wp-includes\/media.php *\/\n\t\t<\/style>\n\t\t<div id='gallery-1' class='gallery galleryid-9210 gallery-columns-3 gallery-size-medium'><dl class='gallery-item'>\n\t\t\t<dt class='gallery-icon landscape'>\n\t\t\t\t<a rel='wp-prettyPhoto[gallery]' href='https:\/\/kitesurfvacation.com\/wp-content\/uploads\/2015\/09\/casaelcuyo-2.jpg'><img loading=\"lazy\" decoding=\"async\" width=\"300\" height=\"200\" src=\"https:\/\/kitesurfvacation.com\/wp-content\/uploads\/2015\/09\/casaelcuyo-2-300x200.jpg\" class=\"attachment-medium size-medium\" alt=\"\" srcset=\"https:\/\/kitesurfvacation.com\/wp-content\/uploads\/2015\/09\/casaelcuyo-2-300x200.jpg 300w, https:\/\/kitesurfvacation.com\/wp-content\/uploads\/2015\/09\/casaelcuyo-2.jpg 800w\" sizes=\"auto, (max-width: 300px) 100vw, 300px\" \/><\/a>\n\t\t\t<\/dt><\/dl><dl class='gallery-item'>\n\t\t\t<dt class='gallery-icon landscape'>\n\t\t\t\t<a rel='wp-prettyPhoto[gallery]' href='https:\/\/kitesurfvacation.com\/wp-content\/uploads\/2015\/09\/casaelcuyo-3.jpg'><img loading=\"lazy\" decoding=\"async\" width=\"300\" height=\"200\" src=\"https:\/\/kitesurfvacation.com\/wp-content\/uploads\/2015\/09\/casaelcuyo-3-300x200.jpg\" class=\"attachment-medium size-medium\" alt=\"\" srcset=\"https:\/\/kitesurfvacation.com\/wp-content\/uploads\/2015\/09\/casaelcuyo-3-300x200.jpg 300w, https:\/\/kitesurfvacation.com\/wp-content\/uploads\/2015\/09\/casaelcuyo-3.jpg 800w\" sizes=\"auto, (max-width: 300px) 100vw, 300px\" \/><\/a>\n\t\t\t<\/dt><\/dl><dl class='gallery-item'>\n\t\t\t<dt class='gallery-icon landscape'>\n\t\t\t\t<a rel='wp-prettyPhoto[gallery]' href='https:\/\/kitesurfvacation.com\/wp-content\/uploads\/2015\/09\/casaelcuyo-4.jpg'><img loading=\"lazy\" decoding=\"async\" width=\"300\" height=\"200\" src=\"https:\/\/kitesurfvacation.com\/wp-content\/uploads\/2015\/09\/casaelcuyo-4-300x200.jpg\" class=\"attachment-medium size-medium\" alt=\"\" srcset=\"https:\/\/kitesurfvacation.com\/wp-content\/uploads\/2015\/09\/casaelcuyo-4-300x200.jpg 300w, https:\/\/kitesurfvacation.com\/wp-content\/uploads\/2015\/09\/casaelcuyo-4.jpg 800w\" sizes=\"auto, (max-width: 300px) 100vw, 300px\" \/><\/a>\n\t\t\t<\/dt><\/dl><br style=\"clear: both\" \/><dl class='gallery-item'>\n\t\t\t<dt class='gallery-icon landscape'>\n\t\t\t\t<a rel='wp-prettyPhoto[gallery]' href='https:\/\/kitesurfvacation.com\/wp-content\/uploads\/2015\/09\/casaelcuyo-5.jpg'><img loading=\"lazy\" decoding=\"async\" width=\"300\" height=\"200\" src=\"https:\/\/kitesurfvacation.com\/wp-content\/uploads\/2015\/09\/casaelcuyo-5-300x200.jpg\" class=\"attachment-medium size-medium\" alt=\"\" srcset=\"https:\/\/kitesurfvacation.com\/wp-content\/uploads\/2015\/09\/casaelcuyo-5-300x200.jpg 300w, https:\/\/kitesurfvacation.com\/wp-content\/uploads\/2015\/09\/casaelcuyo-5.jpg 800w\" sizes=\"auto, (max-width: 300px) 100vw, 300px\" \/><\/a>\n\t\t\t<\/dt><\/dl><dl class='gallery-item'>\n\t\t\t<dt class='gallery-icon landscape'>\n\t\t\t\t<a rel='wp-prettyPhoto[gallery]' href='https:\/\/kitesurfvacation.com\/wp-content\/uploads\/2015\/09\/casaelcuyo-6.jpg'><img loading=\"lazy\" decoding=\"async\" width=\"300\" height=\"200\" src=\"https:\/\/kitesurfvacation.com\/wp-content\/uploads\/2015\/09\/casaelcuyo-6-300x200.jpg\" class=\"attachment-medium size-medium\" alt=\"\" srcset=\"https:\/\/kitesurfvacation.com\/wp-content\/uploads\/2015\/09\/casaelcuyo-6-300x200.jpg 300w, https:\/\/kitesurfvacation.com\/wp-content\/uploads\/2015\/09\/casaelcuyo-6.jpg 800w\" sizes=\"auto, (max-width: 300px) 100vw, 300px\" \/><\/a>\n\t\t\t<\/dt><\/dl><dl class='gallery-item'>\n\t\t\t<dt class='gallery-icon landscape'>\n\t\t\t\t<a rel='wp-prettyPhoto[gallery]' href='https:\/\/kitesurfvacation.com\/wp-content\/uploads\/2015\/09\/casaelcuyo-7.jpg'><img loading=\"lazy\" decoding=\"async\" width=\"300\" height=\"200\" src=\"https:\/\/kitesurfvacation.com\/wp-content\/uploads\/2015\/09\/casaelcuyo-7-300x200.jpg\" class=\"attachment-medium size-medium\" alt=\"\" srcset=\"https:\/\/kitesurfvacation.com\/wp-content\/uploads\/2015\/09\/casaelcuyo-7-300x200.jpg 300w, https:\/\/kitesurfvacation.com\/wp-content\/uploads\/2015\/09\/casaelcuyo-7.jpg 800w\" sizes=\"auto, (max-width: 300px) 100vw, 300px\" \/><\/a>\n\t\t\t<\/dt><\/dl><br style=\"clear: both\" \/><dl class='gallery-item'>\n\t\t\t<dt class='gallery-icon landscape'>\n\t\t\t\t<a rel='wp-prettyPhoto[gallery]' href='https:\/\/kitesurfvacation.com\/wp-content\/uploads\/2015\/09\/casaelcuyo-8.jpg'><img loading=\"lazy\" decoding=\"async\" width=\"300\" height=\"200\" src=\"https:\/\/kitesurfvacation.com\/wp-content\/uploads\/2015\/09\/casaelcuyo-8-300x200.jpg\" class=\"attachment-medium size-medium\" alt=\"\" srcset=\"https:\/\/kitesurfvacation.com\/wp-content\/uploads\/2015\/09\/casaelcuyo-8-300x200.jpg 300w, https:\/\/kitesurfvacation.com\/wp-content\/uploads\/2015\/09\/casaelcuyo-8.jpg 800w\" sizes=\"auto, (max-width: 300px) 100vw, 300px\" \/><\/a>\n\t\t\t<\/dt><\/dl><dl class='gallery-item'>\n\t\t\t<dt class='gallery-icon landscape'>\n\t\t\t\t<a rel='wp-prettyPhoto[gallery]' href='https:\/\/kitesurfvacation.com\/wp-content\/uploads\/2015\/09\/casaelcuyo.jpg'><img loading=\"lazy\" decoding=\"async\" width=\"300\" height=\"200\" src=\"https:\/\/kitesurfvacation.com\/wp-content\/uploads\/2015\/09\/casaelcuyo-300x200.jpg\" class=\"attachment-medium size-medium\" alt=\"\" srcset=\"https:\/\/kitesurfvacation.com\/wp-content\/uploads\/2015\/09\/casaelcuyo-300x200.jpg 300w, https:\/\/kitesurfvacation.com\/wp-content\/uploads\/2015\/09\/casaelcuyo.jpg 800w\" sizes=\"auto, (max-width: 300px) 100vw, 300px\" \/><\/a>\n\t\t\t<\/dt><\/dl>\n\t\t\t<br style='clear: both' \/>\n\t\t<\/div>\n\n<td><\/td>\n<\/tr>\n<tr>\n<td>\n                <a class=\"medium custom-button align-btn-left\" href=\"http:\/\/kitesurfvacation.com\/?page_id=7409#prop\" title=\"m\u00e1s info\"><span style=\"background-color:#FF5C00; color:#FFFFFF\"> :: m\u00e1s propiedades en El Cuyo :: <\/span><\/a>\n\t     <\/td>\n<\/tr>\n<\/tbody>\n<\/table>\n\n<!-- Facebook Like Button v1.9.6 BEGIN [http:\/\/blog.bottomlessinc.com] -->\n<iframe src=\"http:\/\/www.facebook.com\/plugins\/like.php?href=https%3A%2F%2Fkitesurfvacation.com%2F%3Fpage_id%3D9210&amp;layout=standard&amp;show_faces=false&amp;width=450&amp;action=like&amp;colorscheme=light\" scrolling=\"no\" frameborder=\"0\" allowTransparency=\"true\" style=\"border:none; overflow:hidden; width:450px; height: 30px; align: left; margin: 2px 0px 2px 0px\"><\/iframe>\n<!-- Facebook Like Button END -->\n","protected":false},"excerpt":{"rendered":"<p>La casa esta ubicada en la playa dentro de la zona residencial del Cuyo. La casa es de dos niveles y amueblada completamente. En la planta alta cuenta con 3 habitaciones cada una con ba\u00f1o y closet propio, 2 de ellas con un amplio balc\u00f3n con vista [&hellip;]<\/p>\n","protected":false},"author":1,"featured_media":0,"parent":0,"menu_order":0,"comment_status":"closed","ping_status":"closed","template":"page-FullWidth.php","meta":{"footnotes":""},"class_list":["post-9210","page","type-page","status-publish","hentry"],"_links":{"self":[{"href":"https:\/\/kitesurfvacation.com\/index.php?rest_route=\/wp\/v2\/pages\/9210","targetHints":{"allow":["GET"]}}],"collection":[{"href":"https:\/\/kitesurfvacation.com\/index.php?rest_route=\/wp\/v2\/pages"}],"about":[{"href":"https:\/\/kitesurfvacation.com\/index.php?rest_route=\/wp\/v2\/types\/page"}],"author":[{"embeddable":true,"href":"https:\/\/kitesurfvacation.com\/index.php?rest_route=\/wp\/v2\/users\/1"}],"replies":[{"embeddable":true,"href":"https:\/\/kitesurfvacation.com\/index.php?rest_route=%2Fwp%2Fv2%2Fcomments&post=9210"}],"version-history":[{"count":6,"href":"https:\/\/kitesurfvacation.com\/index.php?rest_route=\/wp\/v2\/pages\/9210\/revisions"}],"predecessor-version":[{"id":11211,"href":"https:\/\/kitesurfvacation.com\/index.php?rest_route=\/wp\/v2\/pages\/9210\/revisions\/11211"}],"wp:attachment":[{"href":"https:\/\/kitesurfvacation.com\/index.php?rest_route=%2Fwp%2Fv2%2Fmedia&parent=9210"}],"curies":[{"name":"wp","href":"https:\/\/api.w.org\/{rel}","templated":true}]}}