{"id":7133,"date":"2014-07-02T13:46:57","date_gmt":"2014-07-02T13:46:57","guid":{"rendered":"http:\/\/kitesurfvacation.com\/?page_id=7133"},"modified":"2018-10-14T11:29:55","modified_gmt":"2018-10-14T16:29:55","slug":"videos-de-kiteboarding-y-actividades-de-kitesurf-vacation-mexico","status":"publish","type":"page","link":"https:\/\/kitesurfvacation.com\/?page_id=7133","title":{"rendered":"Videos de Kiteboarding y actividades de Kitesurf Vacation Mexico"},"content":{"rendered":"<div id=\"tweetbutton7133\" class=\"tw_button\" style=\"\"><a href=\"http:\/\/twitter.com\/share?url=https%3A%2F%2Fkitesurfvacation.com%2F%3Fpage_id%3D7133&amp;text=Videos%20de%20Kiteboarding%20y%20actividades%20de%20Kitesurf%20Vacation%20Mexico&amp;related=&amp;lang=en&amp;count=horizontal&amp;counturl=https%3A%2F%2Fkitesurfvacation.com%2F%3Fpage_id%3D7133\" class=\"twitter-share-button\"  style=\"width:55px;height:22px;background:transparent url('https:\/\/kitesurfvacation.com\/wp-content\/plugins\/wp-tweet-button\/tweetn.png') no-repeat  0 0;text-align:left;text-indent:-9999px;display:block;\">Tweet<\/a><\/div>\n<!-- Facebook Like Button v1.9.6 BEGIN [http:\/\/blog.bottomlessinc.com] -->\n<iframe src=\"http:\/\/www.facebook.com\/plugins\/like.php?href=https%3A%2F%2Fkitesurfvacation.com%2F%3Fpage_id%3D7133&amp;layout=standard&amp;show_faces=false&amp;width=450&amp;action=like&amp;colorscheme=light\" scrolling=\"no\" frameborder=\"0\" allowTransparency=\"true\" style=\"border:none; overflow:hidden; width:450px; height: 30px; align: left; margin: 2px 0px 2px 0px\"><\/iframe>\n<!-- Facebook Like Button END -->\n<p><a href=\"http:\/\/kitesurfvacation.com\/wp-content\/uploads\/2014\/07\/kitevideos.jpg\" rel=\"wp-prettyPhoto[7133]\"><img loading=\"lazy\" decoding=\"async\" class=\"aligncenter size-full wp-image-7139\" src=\"http:\/\/kitesurfvacation.com\/wp-content\/uploads\/2014\/07\/kitevideos.jpg\" alt=\"kitesurfing videos\" width=\"800\" height=\"200\" srcset=\"https:\/\/kitesurfvacation.com\/wp-content\/uploads\/2014\/07\/kitevideos.jpg 800w, https:\/\/kitesurfvacation.com\/wp-content\/uploads\/2014\/07\/kitevideos-300x75.jpg 300w\" sizes=\"auto, (max-width: 800px) 100vw, 800px\" \/><\/a><\/p>\n<p style=\"text-align: justify;\">En esta <strong>secci\u00f3n de v\u00eddeos<\/strong> podr\u00e1s ver algunos de los clips, pel\u00edculas y videos que hemos realizado a lo largo de varios a\u00f1os de trabajo de Kitesurf Vacation Mexico. Encontrar\u00e1s <strong>v\u00eddeos de kitesurfing, viajes y otras actividades o deportes acu\u00e1ticos<\/strong> que ofrecemos a nuestros visitantes. Podr\u00e1s apreciar en cada uno de los v\u00eddeos los incre\u00edbles y paradisiacos destinos que nuestro pa\u00eds Mexico tiene para compartir, adem\u00e1s de su riqueza en costumbres y cultura.<\/p>\n<p><strong>VIDEOS:<\/strong><\/p>\n<p style=\"text-align: justify;\"><strong>-KITE CAMP 2018-<\/strong><\/p>\n<p style=\"text-align: center;\"><iframe loading=\"lazy\" width=\"640\" height=\"360\" src=\"https:\/\/www.youtube.com\/embed\/qPGDHC73YFg\" frameborder=\"0\" allow=\"autoplay; encrypted-media\" allowfullscreen><\/iframe><\/p>\n<p style=\"text-align: justify;\"><strong>-MOMENTO YUCATECO<\/strong><\/p>\n<p style=\"text-align: center;\"><iframe loading=\"lazy\" width=\"640\" height=\"360\" src=\"https:\/\/www.youtube.com\/embed\/Y-jN3CeMbXY\" frameborder=\"0\" allow=\"autoplay; encrypted-media\" allowfullscreen><\/iframe><\/p>\n<p style=\"text-align: justify;\"><strong>-EL CUYO-<\/strong> <\/p>\n<p style=\"text-align: center;\"><iframe loading=\"lazy\" width=\"640\" height=\"360\" src=\"https:\/\/www.youtube.com\/embed\/FQ-u5kTlArE\" frameborder=\"0\" allow=\"autoplay; encrypted-media\" allowfullscreen><\/iframe><\/iframe><\/p>\n<p><st\n\n\n<p style=\"text-align: justify;\"><strong>-ONE SEASON IN LA VENTANA-<\/strong> <\/p>\n<p style=\"text-align: center;\"><iframe loading=\"lazy\" width=\"640\" height=\"360\" src=\"https:\/\/www.youtube.com\/embed\/ci07gmvopH0\" frameborder=\"0\" allow=\"autoplay; encrypted-media\" allowfullscreen><\/iframe><\/p>\n<p style=\"text-align: justify;\"><strong>-LORD OF THE WIND, LOS BARRILES 2015-<\/strong><\/p>\n<p style=\"text-align: center;\"><iframe loading=\"lazy\" width=\"640\" height=\"360\" src=\"https:\/\/www.youtube.com\/embed\/cJmNmPWRcwg?feature=player_detailpage\" frameborder=\"0\" allowfullscreen><\/iframe><\/p>\n<p style=\"text-align: justify;\"><strong>-ALASOLAS-<\/strong><\/p>\n<p style=\"text-align: center;\"><iframe loading=\"lazy\" width=\"640\" height=\"360\" src=\"https:\/\/www.youtube.com\/embed\/9oUkNEUHB44\" frameborder=\"0\" allow=\"autoplay; encrypted-media\" allowfullscreen><\/iframe><\/p>\n<p style=\"text-align: justify;\"><strong>-SEA LIONS, WHALE SHARKS AND VIRGIN BEACHES TOUR IN LA PAZ, BAJA CALIFORNIA-<\/strong><\/p>\n<p style=\"text-align: center;\">&lt;<iframe loading=\"lazy\" width=\"640\" height=\"360\" src=\"https:\/\/www.youtube.com\/embed\/KOn1oXARZG0?feature=player_detailpage\" frameborder=\"0\" allowfullscreen><\/iframe><\/p>\n<p style=\"text-align: justify;\"><strong>ISLA DE LA PASION COZUMEL<\/strong>:<\/p>\n<p style=\"text-align: center;\"><iframe loading=\"lazy\" width=\"640\" height=\"360\" src=\"https:\/\/www.youtube.com\/embed\/8IfKIWIgito\" frameborder=\"0\" allow=\"autoplay; encrypted-media\" allowfullscreen><\/iframe><\/p>\n<p style=\"text-align: justify;\"><strong>-JESUS WALK IN LA VENTANA, BAJA CALIFORNIA<\/strong><\/p>\n<p style=\"text-align: center;\"><iframe loading=\"lazy\" src=\"https:\/\/www.youtube.com\/embed\/sE3LnLZwHmA?feature=player_detailpage\" width=\"640\" height=\"360\" frameborder=\"0\" allowfullscreen=\"allowfullscreen\"><\/iframe><\/p>\n<p style=\"text-align: justify;\"><strong>-PLAYA DEL CARMEN LIFESTYLE-<\/strong><\/p>\n<p style=\"text-align: center;\"><iframe loading=\"lazy\" src=\"\/\/www.youtube.com\/embed\/hV4Ku0U8uGg?feature=player_detailpage\" width=\"640\" height=\"360\" frameborder=\"0\" allowfullscreen=\"allowfullscreen\"><\/iframe><br \/>\n<strong>-SWIMMING WITH WHALESHARKS AND MANTAS-<\/strong><\/p>\n<p style=\"text-align: center;\">&lt;<iframe loading=\"lazy\" src=\"\/\/www.youtube.com\/embed\/0rdGMIPa3m8?feature=player_detailpage\" width=\"640\" height=\"360\" frameborder=\"0\" allowfullscreen=\"allowfullscreen\"><\/iframe><\/p>\n<p><strong>KITE SUMMER DAYS TULUM<\/strong>:<\/p>\n<p style=\"text-align: center;\"><iframe loading=\"lazy\" src=\"\/\/www.youtube.com\/embed\/Gi7ip8NhgCY?feature=player_detailpage\" width=\"640\" height=\"360\" frameborder=\"0\" allowfullscreen=\"allowfullscreen\"><\/iframe><\/p>\n<p style=\"text-align: justify;\">&#8211;<strong>HOLBOX Y YUCATAN KITEBOARDING TRIP<\/strong>:<\/p>\n<p style=\"text-align: center;\"><iframe loading=\"lazy\" src=\"\/\/www.youtube.com\/embed\/bqC-3Ngsnmc?feature=player_detailpage\" width=\"640\" height=\"360\" frameborder=\"0\" allowfullscreen=\"allowfullscreen\"><\/iframe><\/p>\n<p style=\"text-align: justify;\"><strong>-CENOTE CARWASH EN TULUM-<\/strong><\/p>\n<p style=\"text-align: center;\"><iframe loading=\"lazy\" src=\"\/\/www.youtube.com\/embed\/1BS0UG7ELHs?feature=player_detailpage\" width=\"640\" height=\"360\" frameborder=\"0\" allowfullscreen=\"allowfullscreen\"><\/iframe><\/p>\n<p style=\"text-align: justify;\">&#8211;<strong>KITEBOARDING EN ISLA BLANCA, MEXICO<\/strong>: Isla Blanca es uno de los mejores destinos de kiteboarding en M\u00e9xico. Esta laguna junto al mar nos ofrece agua plana y de baja profundidad, playas de arena blanca y sol caribe\u00f1o a s\u00f3lo 25 minutos de Cancun. Kiteboarders Jaime Ancira, Tina Lang, Anthar Racca y Bia (el perro) nos muestran un poco de este m\u00e1gico lugar..<\/p>\n<p style=\"text-align: center;\"><iframe loading=\"lazy\" src=\"\/\/www.youtube.com\/embed\/DxNTSJyIfqM?feature=player_detailpage\" width=\"640\" height=\"360\" frameborder=\"0\" allowfullscreen=\"allowfullscreen\"><\/iframe><\/p>\n<p style=\"text-align: justify;\"><strong>-RAY OF LIGHT \u00abFREEDIVING EN CENOTES\u00bb<\/strong>-Apnea o Freediving no es s\u00f3lo profundidad. Jaime Ancira y Daniel Buenrostro descubren incre\u00edbles cenotes, jugando con los filtros de luz y apreciando bellas formaciones dentro de la selva entre Playa del Carmen y Tulum.<\/p>\n<p style=\"text-align: center;\"><iframe loading=\"lazy\" src=\"\/\/www.youtube.com\/embed\/saHLcO2QIh0?feature=player_detailpage\" width=\"640\" height=\"360\" frameborder=\"0\" allowfullscreen=\"allowfullscreen\"><\/iframe><\/p>\n<p style=\"text-align: justify;\"><strong>-XPU HA BEACH RIVIERA MAYA<\/strong>&#8211; Otro d\u00eda de sol en una playa excelente para hacer snorkel, kiteboarding, paddleboard y descansar en la playa.<\/p>\n<p style=\"text-align: center;\"><iframe loading=\"lazy\" src=\"\/\/www.youtube.com\/embed\/v6gMhtH5OOY?feature=player_detailpage\" width=\"640\" height=\"360\" frameborder=\"0\" allowfullscreen=\"allowfullscreen\"><\/iframe><\/p>\n<p style=\"text-align: justify;\"><strong>-AKUMAL TURTLE BAY-<\/strong> La playa de Akumal es un santuario de tortugas marinas. Este d\u00eda disfrutamos con nuestros amigos un excelente tarde de snorkel y slackline.<\/p>\n<p style=\"text-align: center;\"><iframe loading=\"lazy\" src=\"\/\/www.youtube.com\/embed\/oSogBhDCeZ0?feature=player_detailpage\" width=\"640\" height=\"360\" frameborder=\"0\" allowfullscreen=\"allowfullscreen\"><\/iframe><\/p>\n<p style=\"text-align: justify;\"><strong>-CLASES DE KITEBOARDING POR KITESURF VACATION TEAM-<\/strong>Nuestro instructor y equipo ofrecen un curso de kiteboarding a uno de nuestros visitantes quien adquiri\u00f3 un paquete de viaje con hospedaje, comidas, transporte y clases de kite.<\/p>\n<p style=\"text-align: center;\"><iframe loading=\"lazy\" src=\"\/\/www.youtube.com\/embed\/DOVR-zXEW1M?feature=player_detailpage\" width=\"640\" height=\"360\" frameborder=\"0\" allowfullscreen=\"allowfullscreen\"><\/iframe><\/p>\n\n<!-- Facebook Like Button v1.9.6 BEGIN [http:\/\/blog.bottomlessinc.com] -->\n<iframe src=\"http:\/\/www.facebook.com\/plugins\/like.php?href=https%3A%2F%2Fkitesurfvacation.com%2F%3Fpage_id%3D7133&amp;layout=standard&amp;show_faces=false&amp;width=450&amp;action=like&amp;colorscheme=light\" scrolling=\"no\" frameborder=\"0\" allowTransparency=\"true\" style=\"border:none; overflow:hidden; width:450px; height: 30px; align: left; margin: 2px 0px 2px 0px\"><\/iframe>\n<!-- Facebook Like Button END -->\n","protected":false},"excerpt":{"rendered":"<p>En esta secci\u00f3n de v\u00eddeos podr\u00e1s ver algunos de los clips, pel\u00edculas y videos que hemos realizado a lo largo de varios a\u00f1os de trabajo de Kitesurf Vacation Mexico. Encontrar\u00e1s v\u00eddeos de kitesurfing, viajes y otras actividades o deportes acu\u00e1ticos que ofrecemos a nuestros visitantes. Podr\u00e1s apreciar [&hellip;]<\/p>\n","protected":false},"author":1,"featured_media":0,"parent":0,"menu_order":0,"comment_status":"closed","ping_status":"closed","template":"page-FullWidth.php","meta":{"footnotes":""},"class_list":["post-7133","page","type-page","status-publish","hentry"],"_links":{"self":[{"href":"https:\/\/kitesurfvacation.com\/index.php?rest_route=\/wp\/v2\/pages\/7133","targetHints":{"allow":["GET"]}}],"collection":[{"href":"https:\/\/kitesurfvacation.com\/index.php?rest_route=\/wp\/v2\/pages"}],"about":[{"href":"https:\/\/kitesurfvacation.com\/index.php?rest_route=\/wp\/v2\/types\/page"}],"author":[{"embeddable":true,"href":"https:\/\/kitesurfvacation.com\/index.php?rest_route=\/wp\/v2\/users\/1"}],"replies":[{"embeddable":true,"href":"https:\/\/kitesurfvacation.com\/index.php?rest_route=%2Fwp%2Fv2%2Fcomments&post=7133"}],"version-history":[{"count":21,"href":"https:\/\/kitesurfvacation.com\/index.php?rest_route=\/wp\/v2\/pages\/7133\/revisions"}],"predecessor-version":[{"id":8655,"href":"https:\/\/kitesurfvacation.com\/index.php?rest_route=\/wp\/v2\/pages\/7133\/revisions\/8655"}],"wp:attachment":[{"href":"https:\/\/kitesurfvacation.com\/index.php?rest_route=%2Fwp%2Fv2%2Fmedia&parent=7133"}],"curies":[{"name":"wp","href":"https:\/\/api.w.org\/{rel}","templated":true}]}}