{"id":6562,"date":"2013-10-25T22:54:26","date_gmt":"2013-10-25T22:54:26","guid":{"rendered":"http:\/\/kitesurfvacation.com\/?page_id=6562"},"modified":"2017-12-14T22:52:56","modified_gmt":"2017-12-15T04:52:56","slug":"condos-tulum","status":"publish","type":"page","link":"https:\/\/kitesurfvacation.com\/?page_id=6562","title":{"rendered":"Condos Tulum"},"content":{"rendered":"<div id=\"tweetbutton6562\" class=\"tw_button\" style=\"\"><a href=\"http:\/\/twitter.com\/share?url=https%3A%2F%2Fkitesurfvacation.com%2F%3Fpage_id%3D6562&amp;text=Condos%20Tulum&amp;related=&amp;lang=en&amp;count=horizontal&amp;counturl=https%3A%2F%2Fkitesurfvacation.com%2F%3Fpage_id%3D6562\" class=\"twitter-share-button\"  style=\"width:55px;height:22px;background:transparent url('https:\/\/kitesurfvacation.com\/wp-content\/plugins\/wp-tweet-button\/tweetn.png') no-repeat  0 0;text-align:left;text-indent:-9999px;display:block;\">Tweet<\/a><\/div>\n<!-- Facebook Like Button v1.9.6 BEGIN [http:\/\/blog.bottomlessinc.com] -->\n<iframe src=\"http:\/\/www.facebook.com\/plugins\/like.php?href=https%3A%2F%2Fkitesurfvacation.com%2F%3Fpage_id%3D6562&amp;layout=standard&amp;show_faces=false&amp;width=450&amp;action=like&amp;colorscheme=light\" scrolling=\"no\" frameborder=\"0\" allowTransparency=\"true\" style=\"border:none; overflow:hidden; width:450px; height: 30px; align: left; margin: 2px 0px 2px 0px\"><\/iframe>\n<!-- Facebook Like Button END -->\n<table>\n<tbody>\n<tr>\n<td><img decoding=\"async\" src=\"_images\/condostulum.jpg\" alt=\"\" \/><\/td>\n<td><\/td>\n<td><img decoding=\"async\" src=\"_images\/condostulummap.jpg\" alt=\"\" \/><\/td>\n<\/tr>\n<tr>\n<td style=\"vertical-align: top; text-align: justify;\" colspan=\"3\" width=\"845\"><!-- CONTENIDO DE INFO --><\/p>\n<p style=\"text-align: justify;\">Villas, penthouses y departamentos de lujo en Tulum. Se encuentran localizados en Aldea Zama, un desarrollo ecol\u00f3gico entre la playa de Tulum y el pueblo. Existe un camino para las bicicletas que conecta Aldea Zama con las playas cercanas de Tulum (10 minutos en bicicleta). Existe un supermercado con cajeros autom\u00e1ticos justo enfrente del fraccionamiento donde podr\u00e1 comprar la despensa necesaria, as\u00ed como los mejores restaurantes a s\u00f3lo minutos en bicicleta, taxi o autom\u00f3vil.<\/p>\n<p style=\"text-align: justify;\">Contamos con apartamentos de 1,2 y 3 rec\u00e1maras. Para capacidades de 2, 4, 6 y hasta 8 personas. Precios desde $90 dlls a $490 dlls por noche. Dependiendo la fecha y el tipo de departamento.<\/p>\n<p style=\"text-align: justify;\">Todo el equipo es pr\u00e1cticamente nuevo, incluyendo un cuarto privado de lavado y secado. As\u00ed como el horno, microondas, cafetera, estacionamiento privado, aire acondicionado, secadora de ropa, blancos, toallas, productos organicos como shampoo, condicionador, etc. Lavadora, cable satelital, televisi\u00f3n de pantalla plana, internet. Alberca y terraza com\u00fan.<\/p>\n<p style=\"text-align: justify;\">Av\u00edsanos que fechas tienes pensado venir y con gusto te mandamos los precios exactos.<\/p>\n\n\t\t<style type=\"text\/css\">\n\t\t\t#gallery-1 {\n\t\t\t\tmargin: auto;\n\t\t\t}\n\t\t\t#gallery-1 .gallery-item {\n\t\t\t\tfloat: left;\n\t\t\t\tmargin-top: 10px;\n\t\t\t\ttext-align: center;\n\t\t\t\twidth: 33%;\n\t\t\t}\n\t\t\t#gallery-1 img {\n\t\t\t\tborder: 2px solid #cfcfcf;\n\t\t\t}\n\t\t\t#gallery-1 .gallery-caption {\n\t\t\t\tmargin-left: 0;\n\t\t\t}\n\t\t\t\/* see gallery_shortcode() in wp-includes\/media.php *\/\n\t\t<\/style>\n\t\t<div id='gallery-1' class='gallery galleryid-6562 gallery-columns-3 gallery-size-medium'><dl class='gallery-item'>\n\t\t\t<dt class='gallery-icon landscape'>\n\t\t\t\t<a rel='wp-prettyPhoto[gallery]' href='https:\/\/kitesurfvacation.com\/wp-content\/uploads\/2013\/10\/condostulum14.png'><img loading=\"lazy\" decoding=\"async\" width=\"300\" height=\"158\" src=\"https:\/\/kitesurfvacation.com\/wp-content\/uploads\/2013\/10\/condostulum14-300x158.png\" class=\"attachment-medium size-medium\" alt=\"\" srcset=\"https:\/\/kitesurfvacation.com\/wp-content\/uploads\/2013\/10\/condostulum14-300x158.png 300w, https:\/\/kitesurfvacation.com\/wp-content\/uploads\/2013\/10\/condostulum14.png 633w\" sizes=\"auto, (max-width: 300px) 100vw, 300px\" \/><\/a>\n\t\t\t<\/dt><\/dl><dl class='gallery-item'>\n\t\t\t<dt class='gallery-icon landscape'>\n\t\t\t\t<a rel='wp-prettyPhoto[gallery]' href='https:\/\/kitesurfvacation.com\/wp-content\/uploads\/2013\/10\/condostulum.png'><img loading=\"lazy\" decoding=\"async\" width=\"300\" height=\"203\" src=\"https:\/\/kitesurfvacation.com\/wp-content\/uploads\/2013\/10\/condostulum-300x203.png\" class=\"attachment-medium size-medium\" alt=\"\" srcset=\"https:\/\/kitesurfvacation.com\/wp-content\/uploads\/2013\/10\/condostulum-300x203.png 300w, https:\/\/kitesurfvacation.com\/wp-content\/uploads\/2013\/10\/condostulum.png 637w\" sizes=\"auto, (max-width: 300px) 100vw, 300px\" \/><\/a>\n\t\t\t<\/dt><\/dl><dl class='gallery-item'>\n\t\t\t<dt class='gallery-icon landscape'>\n\t\t\t\t<a rel='wp-prettyPhoto[gallery]' href='https:\/\/kitesurfvacation.com\/wp-content\/uploads\/2013\/10\/condostulum6.png'><img loading=\"lazy\" decoding=\"async\" width=\"300\" height=\"200\" src=\"https:\/\/kitesurfvacation.com\/wp-content\/uploads\/2013\/10\/condostulum6-300x200.png\" class=\"attachment-medium size-medium\" alt=\"\" srcset=\"https:\/\/kitesurfvacation.com\/wp-content\/uploads\/2013\/10\/condostulum6-300x200.png 300w, https:\/\/kitesurfvacation.com\/wp-content\/uploads\/2013\/10\/condostulum6.png 630w\" sizes=\"auto, (max-width: 300px) 100vw, 300px\" \/><\/a>\n\t\t\t<\/dt><\/dl><br style=\"clear: both\" \/><dl class='gallery-item'>\n\t\t\t<dt class='gallery-icon landscape'>\n\t\t\t\t<a rel='wp-prettyPhoto[gallery]' href='https:\/\/kitesurfvacation.com\/wp-content\/uploads\/2013\/10\/condostulum9.png'><img loading=\"lazy\" decoding=\"async\" width=\"300\" height=\"202\" src=\"https:\/\/kitesurfvacation.com\/wp-content\/uploads\/2013\/10\/condostulum9-300x202.png\" class=\"attachment-medium size-medium\" alt=\"\" srcset=\"https:\/\/kitesurfvacation.com\/wp-content\/uploads\/2013\/10\/condostulum9-300x202.png 300w, https:\/\/kitesurfvacation.com\/wp-content\/uploads\/2013\/10\/condostulum9.png 630w\" sizes=\"auto, (max-width: 300px) 100vw, 300px\" \/><\/a>\n\t\t\t<\/dt><\/dl><dl class='gallery-item'>\n\t\t\t<dt class='gallery-icon landscape'>\n\t\t\t\t<a rel='wp-prettyPhoto[gallery]' href='https:\/\/kitesurfvacation.com\/wp-content\/uploads\/2013\/10\/condostulum1-3.jpg'><img loading=\"lazy\" decoding=\"async\" width=\"300\" height=\"150\" src=\"https:\/\/kitesurfvacation.com\/wp-content\/uploads\/2013\/10\/condostulum1-3-300x150.jpg\" class=\"attachment-medium size-medium\" alt=\"\" srcset=\"https:\/\/kitesurfvacation.com\/wp-content\/uploads\/2013\/10\/condostulum1-3-300x150.jpg 300w, https:\/\/kitesurfvacation.com\/wp-content\/uploads\/2013\/10\/condostulum1-3-768x384.jpg 768w, https:\/\/kitesurfvacation.com\/wp-content\/uploads\/2013\/10\/condostulum1-3.jpg 1000w\" sizes=\"auto, (max-width: 300px) 100vw, 300px\" \/><\/a>\n\t\t\t<\/dt><\/dl><dl class='gallery-item'>\n\t\t\t<dt class='gallery-icon landscape'>\n\t\t\t\t<a rel='wp-prettyPhoto[gallery]' href='https:\/\/kitesurfvacation.com\/wp-content\/uploads\/2013\/10\/condostulum1-4.jpg'><img loading=\"lazy\" decoding=\"async\" width=\"300\" height=\"150\" src=\"https:\/\/kitesurfvacation.com\/wp-content\/uploads\/2013\/10\/condostulum1-4-300x150.jpg\" class=\"attachment-medium size-medium\" alt=\"\" srcset=\"https:\/\/kitesurfvacation.com\/wp-content\/uploads\/2013\/10\/condostulum1-4-300x150.jpg 300w, https:\/\/kitesurfvacation.com\/wp-content\/uploads\/2013\/10\/condostulum1-4-768x384.jpg 768w, https:\/\/kitesurfvacation.com\/wp-content\/uploads\/2013\/10\/condostulum1-4.jpg 1000w\" sizes=\"auto, (max-width: 300px) 100vw, 300px\" \/><\/a>\n\t\t\t<\/dt><\/dl><br style=\"clear: both\" \/><dl class='gallery-item'>\n\t\t\t<dt class='gallery-icon landscape'>\n\t\t\t\t<a rel='wp-prettyPhoto[gallery]' href='https:\/\/kitesurfvacation.com\/wp-content\/uploads\/2013\/10\/condostulum1-6.jpg'><img loading=\"lazy\" decoding=\"async\" width=\"300\" height=\"150\" src=\"https:\/\/kitesurfvacation.com\/wp-content\/uploads\/2013\/10\/condostulum1-6-300x150.jpg\" class=\"attachment-medium size-medium\" alt=\"\" srcset=\"https:\/\/kitesurfvacation.com\/wp-content\/uploads\/2013\/10\/condostulum1-6-300x150.jpg 300w, https:\/\/kitesurfvacation.com\/wp-content\/uploads\/2013\/10\/condostulum1-6-768x384.jpg 768w, https:\/\/kitesurfvacation.com\/wp-content\/uploads\/2013\/10\/condostulum1-6.jpg 1000w\" sizes=\"auto, (max-width: 300px) 100vw, 300px\" \/><\/a>\n\t\t\t<\/dt><\/dl><dl class='gallery-item'>\n\t\t\t<dt class='gallery-icon landscape'>\n\t\t\t\t<a rel='wp-prettyPhoto[gallery]' href='https:\/\/kitesurfvacation.com\/wp-content\/uploads\/2013\/10\/condostulum1-7.jpg'><img loading=\"lazy\" decoding=\"async\" width=\"300\" height=\"150\" src=\"https:\/\/kitesurfvacation.com\/wp-content\/uploads\/2013\/10\/condostulum1-7-300x150.jpg\" class=\"attachment-medium size-medium\" alt=\"\" srcset=\"https:\/\/kitesurfvacation.com\/wp-content\/uploads\/2013\/10\/condostulum1-7-300x150.jpg 300w, https:\/\/kitesurfvacation.com\/wp-content\/uploads\/2013\/10\/condostulum1-7-768x384.jpg 768w, https:\/\/kitesurfvacation.com\/wp-content\/uploads\/2013\/10\/condostulum1-7.jpg 1000w\" sizes=\"auto, (max-width: 300px) 100vw, 300px\" \/><\/a>\n\t\t\t<\/dt><\/dl><dl class='gallery-item'>\n\t\t\t<dt class='gallery-icon landscape'>\n\t\t\t\t<a rel='wp-prettyPhoto[gallery]' href='https:\/\/kitesurfvacation.com\/wp-content\/uploads\/2013\/10\/condostulum1-8.jpg'><img loading=\"lazy\" decoding=\"async\" width=\"300\" height=\"150\" src=\"https:\/\/kitesurfvacation.com\/wp-content\/uploads\/2013\/10\/condostulum1-8-300x150.jpg\" class=\"attachment-medium size-medium\" alt=\"\" srcset=\"https:\/\/kitesurfvacation.com\/wp-content\/uploads\/2013\/10\/condostulum1-8-300x150.jpg 300w, https:\/\/kitesurfvacation.com\/wp-content\/uploads\/2013\/10\/condostulum1-8-768x384.jpg 768w, https:\/\/kitesurfvacation.com\/wp-content\/uploads\/2013\/10\/condostulum1-8.jpg 1000w\" sizes=\"auto, (max-width: 300px) 100vw, 300px\" \/><\/a>\n\t\t\t<\/dt><\/dl><br style=\"clear: both\" \/><dl class='gallery-item'>\n\t\t\t<dt class='gallery-icon landscape'>\n\t\t\t\t<a rel='wp-prettyPhoto[gallery]' href='https:\/\/kitesurfvacation.com\/wp-content\/uploads\/2013\/10\/condostulum5.png'><img loading=\"lazy\" decoding=\"async\" width=\"300\" height=\"203\" src=\"https:\/\/kitesurfvacation.com\/wp-content\/uploads\/2013\/10\/condostulum5-300x203.png\" class=\"attachment-medium size-medium\" alt=\"\" srcset=\"https:\/\/kitesurfvacation.com\/wp-content\/uploads\/2013\/10\/condostulum5-300x203.png 300w, https:\/\/kitesurfvacation.com\/wp-content\/uploads\/2013\/10\/condostulum5.png 625w\" sizes=\"auto, (max-width: 300px) 100vw, 300px\" \/><\/a>\n\t\t\t<\/dt><\/dl><dl class='gallery-item'>\n\t\t\t<dt class='gallery-icon landscape'>\n\t\t\t\t<a rel='wp-prettyPhoto[gallery]' href='https:\/\/kitesurfvacation.com\/wp-content\/uploads\/2013\/10\/condostulum1-9.jpg'><img loading=\"lazy\" decoding=\"async\" width=\"300\" height=\"163\" src=\"https:\/\/kitesurfvacation.com\/wp-content\/uploads\/2013\/10\/condostulum1-9-300x163.jpg\" class=\"attachment-medium size-medium\" alt=\"\" srcset=\"https:\/\/kitesurfvacation.com\/wp-content\/uploads\/2013\/10\/condostulum1-9-300x163.jpg 300w, https:\/\/kitesurfvacation.com\/wp-content\/uploads\/2013\/10\/condostulum1-9-768x418.jpg 768w, https:\/\/kitesurfvacation.com\/wp-content\/uploads\/2013\/10\/condostulum1-9.jpg 1000w\" sizes=\"auto, (max-width: 300px) 100vw, 300px\" \/><\/a>\n\t\t\t<\/dt><\/dl><dl class='gallery-item'>\n\t\t\t<dt class='gallery-icon landscape'>\n\t\t\t\t<a rel='wp-prettyPhoto[gallery]' href='https:\/\/kitesurfvacation.com\/wp-content\/uploads\/2013\/10\/condostulum1-10.jpg'><img loading=\"lazy\" decoding=\"async\" width=\"300\" height=\"163\" src=\"https:\/\/kitesurfvacation.com\/wp-content\/uploads\/2013\/10\/condostulum1-10-300x163.jpg\" class=\"attachment-medium size-medium\" alt=\"\" srcset=\"https:\/\/kitesurfvacation.com\/wp-content\/uploads\/2013\/10\/condostulum1-10-300x163.jpg 300w, https:\/\/kitesurfvacation.com\/wp-content\/uploads\/2013\/10\/condostulum1-10-768x418.jpg 768w, https:\/\/kitesurfvacation.com\/wp-content\/uploads\/2013\/10\/condostulum1-10.jpg 1000w\" sizes=\"auto, (max-width: 300px) 100vw, 300px\" \/><\/a>\n\t\t\t<\/dt><\/dl><br style=\"clear: both\" \/><dl class='gallery-item'>\n\t\t\t<dt class='gallery-icon landscape'>\n\t\t\t\t<a rel='wp-prettyPhoto[gallery]' href='https:\/\/kitesurfvacation.com\/wp-content\/uploads\/2013\/10\/condostulum2.png'><img loading=\"lazy\" decoding=\"async\" width=\"300\" height=\"202\" src=\"https:\/\/kitesurfvacation.com\/wp-content\/uploads\/2013\/10\/condostulum2-300x202.png\" class=\"attachment-medium size-medium\" alt=\"\" srcset=\"https:\/\/kitesurfvacation.com\/wp-content\/uploads\/2013\/10\/condostulum2-300x202.png 300w, https:\/\/kitesurfvacation.com\/wp-content\/uploads\/2013\/10\/condostulum2.png 636w\" sizes=\"auto, (max-width: 300px) 100vw, 300px\" \/><\/a>\n\t\t\t<\/dt><\/dl><dl class='gallery-item'>\n\t\t\t<dt class='gallery-icon landscape'>\n\t\t\t\t<a rel='wp-prettyPhoto[gallery]' href='https:\/\/kitesurfvacation.com\/wp-content\/uploads\/2013\/10\/condostulum1-2.jpg'><img loading=\"lazy\" decoding=\"async\" width=\"300\" height=\"150\" src=\"https:\/\/kitesurfvacation.com\/wp-content\/uploads\/2013\/10\/condostulum1-2-300x150.jpg\" class=\"attachment-medium size-medium\" alt=\"\" srcset=\"https:\/\/kitesurfvacation.com\/wp-content\/uploads\/2013\/10\/condostulum1-2-300x150.jpg 300w, https:\/\/kitesurfvacation.com\/wp-content\/uploads\/2013\/10\/condostulum1-2-768x384.jpg 768w, https:\/\/kitesurfvacation.com\/wp-content\/uploads\/2013\/10\/condostulum1-2.jpg 1000w\" sizes=\"auto, (max-width: 300px) 100vw, 300px\" \/><\/a>\n\t\t\t<\/dt><\/dl><dl class='gallery-item'>\n\t\t\t<dt class='gallery-icon landscape'>\n\t\t\t\t<a rel='wp-prettyPhoto[gallery]' href='https:\/\/kitesurfvacation.com\/wp-content\/uploads\/2013\/10\/condostulum3.png'><img loading=\"lazy\" decoding=\"async\" width=\"300\" height=\"203\" src=\"https:\/\/kitesurfvacation.com\/wp-content\/uploads\/2013\/10\/condostulum3-300x203.png\" class=\"attachment-medium size-medium\" alt=\"\" srcset=\"https:\/\/kitesurfvacation.com\/wp-content\/uploads\/2013\/10\/condostulum3-300x203.png 300w, https:\/\/kitesurfvacation.com\/wp-content\/uploads\/2013\/10\/condostulum3.png 634w\" sizes=\"auto, (max-width: 300px) 100vw, 300px\" \/><\/a>\n\t\t\t<\/dt><\/dl><br style=\"clear: both\" \/><dl class='gallery-item'>\n\t\t\t<dt class='gallery-icon landscape'>\n\t\t\t\t<a rel='wp-prettyPhoto[gallery]' href='https:\/\/kitesurfvacation.com\/wp-content\/uploads\/2013\/10\/condostulum1-1.jpg'><img loading=\"lazy\" decoding=\"async\" width=\"300\" height=\"150\" src=\"https:\/\/kitesurfvacation.com\/wp-content\/uploads\/2013\/10\/condostulum1-1-300x150.jpg\" class=\"attachment-medium size-medium\" alt=\"\" srcset=\"https:\/\/kitesurfvacation.com\/wp-content\/uploads\/2013\/10\/condostulum1-1-300x150.jpg 300w, https:\/\/kitesurfvacation.com\/wp-content\/uploads\/2013\/10\/condostulum1-1-768x384.jpg 768w, https:\/\/kitesurfvacation.com\/wp-content\/uploads\/2013\/10\/condostulum1-1.jpg 1000w\" sizes=\"auto, (max-width: 300px) 100vw, 300px\" \/><\/a>\n\t\t\t<\/dt><\/dl><dl class='gallery-item'>\n\t\t\t<dt class='gallery-icon landscape'>\n\t\t\t\t<a rel='wp-prettyPhoto[gallery]' href='https:\/\/kitesurfvacation.com\/wp-content\/uploads\/2013\/10\/condostulum4.png'><img loading=\"lazy\" decoding=\"async\" width=\"300\" height=\"202\" src=\"https:\/\/kitesurfvacation.com\/wp-content\/uploads\/2013\/10\/condostulum4-300x202.png\" class=\"attachment-medium size-medium\" alt=\"\" srcset=\"https:\/\/kitesurfvacation.com\/wp-content\/uploads\/2013\/10\/condostulum4-300x202.png 300w, https:\/\/kitesurfvacation.com\/wp-content\/uploads\/2013\/10\/condostulum4.png 635w\" sizes=\"auto, (max-width: 300px) 100vw, 300px\" \/><\/a>\n\t\t\t<\/dt><\/dl><dl class='gallery-item'>\n\t\t\t<dt class='gallery-icon landscape'>\n\t\t\t\t<a rel='wp-prettyPhoto[gallery]' href='https:\/\/kitesurfvacation.com\/wp-content\/uploads\/2013\/10\/condostulum7.png'><img loading=\"lazy\" decoding=\"async\" width=\"300\" height=\"203\" src=\"https:\/\/kitesurfvacation.com\/wp-content\/uploads\/2013\/10\/condostulum7-300x203.png\" class=\"attachment-medium size-medium\" alt=\"\" srcset=\"https:\/\/kitesurfvacation.com\/wp-content\/uploads\/2013\/10\/condostulum7-300x203.png 300w, https:\/\/kitesurfvacation.com\/wp-content\/uploads\/2013\/10\/condostulum7.png 632w\" sizes=\"auto, (max-width: 300px) 100vw, 300px\" \/><\/a>\n\t\t\t<\/dt><\/dl><br style=\"clear: both\" \/><dl class='gallery-item'>\n\t\t\t<dt class='gallery-icon landscape'>\n\t\t\t\t<a rel='wp-prettyPhoto[gallery]' href='https:\/\/kitesurfvacation.com\/wp-content\/uploads\/2013\/10\/condostulum8.png'><img loading=\"lazy\" decoding=\"async\" width=\"300\" height=\"204\" src=\"https:\/\/kitesurfvacation.com\/wp-content\/uploads\/2013\/10\/condostulum8-300x204.png\" class=\"attachment-medium size-medium\" alt=\"\" srcset=\"https:\/\/kitesurfvacation.com\/wp-content\/uploads\/2013\/10\/condostulum8-300x204.png 300w, https:\/\/kitesurfvacation.com\/wp-content\/uploads\/2013\/10\/condostulum8.png 627w\" sizes=\"auto, (max-width: 300px) 100vw, 300px\" \/><\/a>\n\t\t\t<\/dt><\/dl><dl class='gallery-item'>\n\t\t\t<dt class='gallery-icon landscape'>\n\t\t\t\t<a rel='wp-prettyPhoto[gallery]' href='https:\/\/kitesurfvacation.com\/wp-content\/uploads\/2013\/10\/condostulum1-5.jpg'><img loading=\"lazy\" decoding=\"async\" width=\"300\" height=\"150\" src=\"https:\/\/kitesurfvacation.com\/wp-content\/uploads\/2013\/10\/condostulum1-5-300x150.jpg\" class=\"attachment-medium size-medium\" alt=\"\" srcset=\"https:\/\/kitesurfvacation.com\/wp-content\/uploads\/2013\/10\/condostulum1-5-300x150.jpg 300w, https:\/\/kitesurfvacation.com\/wp-content\/uploads\/2013\/10\/condostulum1-5-768x384.jpg 768w, https:\/\/kitesurfvacation.com\/wp-content\/uploads\/2013\/10\/condostulum1-5.jpg 1000w\" sizes=\"auto, (max-width: 300px) 100vw, 300px\" \/><\/a>\n\t\t\t<\/dt><\/dl><dl class='gallery-item'>\n\t\t\t<dt class='gallery-icon landscape'>\n\t\t\t\t<a rel='wp-prettyPhoto[gallery]' href='https:\/\/kitesurfvacation.com\/wp-content\/uploads\/2013\/10\/condostulum10.png'><img loading=\"lazy\" decoding=\"async\" width=\"300\" height=\"203\" src=\"https:\/\/kitesurfvacation.com\/wp-content\/uploads\/2013\/10\/condostulum10-300x203.png\" class=\"attachment-medium size-medium\" alt=\"\" srcset=\"https:\/\/kitesurfvacation.com\/wp-content\/uploads\/2013\/10\/condostulum10-300x203.png 300w, https:\/\/kitesurfvacation.com\/wp-content\/uploads\/2013\/10\/condostulum10.png 632w\" sizes=\"auto, (max-width: 300px) 100vw, 300px\" \/><\/a>\n\t\t\t<\/dt><\/dl><br style=\"clear: both\" \/><dl class='gallery-item'>\n\t\t\t<dt class='gallery-icon landscape'>\n\t\t\t\t<a rel='wp-prettyPhoto[gallery]' href='https:\/\/kitesurfvacation.com\/wp-content\/uploads\/2013\/10\/condostulum11.png'><img loading=\"lazy\" decoding=\"async\" width=\"300\" height=\"203\" src=\"https:\/\/kitesurfvacation.com\/wp-content\/uploads\/2013\/10\/condostulum11-300x203.png\" class=\"attachment-medium size-medium\" alt=\"\" srcset=\"https:\/\/kitesurfvacation.com\/wp-content\/uploads\/2013\/10\/condostulum11-300x203.png 300w, https:\/\/kitesurfvacation.com\/wp-content\/uploads\/2013\/10\/condostulum11.png 631w\" sizes=\"auto, (max-width: 300px) 100vw, 300px\" \/><\/a>\n\t\t\t<\/dt><\/dl><dl class='gallery-item'>\n\t\t\t<dt class='gallery-icon landscape'>\n\t\t\t\t<a rel='wp-prettyPhoto[gallery]' href='https:\/\/kitesurfvacation.com\/wp-content\/uploads\/2013\/10\/condostulum12.png'><img loading=\"lazy\" decoding=\"async\" width=\"300\" height=\"200\" src=\"https:\/\/kitesurfvacation.com\/wp-content\/uploads\/2013\/10\/condostulum12-300x200.png\" class=\"attachment-medium size-medium\" alt=\"\" srcset=\"https:\/\/kitesurfvacation.com\/wp-content\/uploads\/2013\/10\/condostulum12-300x200.png 300w, https:\/\/kitesurfvacation.com\/wp-content\/uploads\/2013\/10\/condostulum12.png 633w\" sizes=\"auto, (max-width: 300px) 100vw, 300px\" \/><\/a>\n\t\t\t<\/dt><\/dl><dl class='gallery-item'>\n\t\t\t<dt class='gallery-icon landscape'>\n\t\t\t\t<a rel='wp-prettyPhoto[gallery]' href='https:\/\/kitesurfvacation.com\/wp-content\/uploads\/2013\/10\/condostulum13.png'><img loading=\"lazy\" decoding=\"async\" width=\"300\" height=\"201\" src=\"https:\/\/kitesurfvacation.com\/wp-content\/uploads\/2013\/10\/condostulum13-300x201.png\" class=\"attachment-medium size-medium\" alt=\"\" srcset=\"https:\/\/kitesurfvacation.com\/wp-content\/uploads\/2013\/10\/condostulum13-300x201.png 300w, https:\/\/kitesurfvacation.com\/wp-content\/uploads\/2013\/10\/condostulum13.png 640w\" sizes=\"auto, (max-width: 300px) 100vw, 300px\" \/><\/a>\n\t\t\t<\/dt><\/dl><br style=\"clear: both\" \/><dl class='gallery-item'>\n\t\t\t<dt class='gallery-icon landscape'>\n\t\t\t\t<a rel='wp-prettyPhoto[gallery]' href='https:\/\/kitesurfvacation.com\/wp-content\/uploads\/2013\/10\/condostulum15.jpg'><img loading=\"lazy\" decoding=\"async\" width=\"300\" height=\"156\" src=\"https:\/\/kitesurfvacation.com\/wp-content\/uploads\/2013\/10\/condostulum15-300x156.jpg\" class=\"attachment-medium size-medium\" alt=\"\" srcset=\"https:\/\/kitesurfvacation.com\/wp-content\/uploads\/2013\/10\/condostulum15-300x156.jpg 300w, https:\/\/kitesurfvacation.com\/wp-content\/uploads\/2013\/10\/condostulum15.jpg 550w\" sizes=\"auto, (max-width: 300px) 100vw, 300px\" \/><\/a>\n\t\t\t<\/dt><\/dl>\n\t\t\t<br style='clear: both' \/>\n\t\t<\/div>\n\n<p>\/&gt;[\/tab]\n[\/tabs]<\/td>\n<\/tr>\n<tr>\n<td>\n                <a class=\"medium custom-button align-btn-left\" href=\"http:\/\/kitesurfvacation.com\/?page_id=641#prop\" title=\"m\u00e1s info\"><span style=\"background-color:#FF5C00; color:#FFFFFF\"> :: m\u00e1s propiedades en Tulum :: <\/span><\/a>\n\t     <\/td>\n<\/tr>\n<\/tbody>\n<\/table>\n\n<!-- Facebook Like Button v1.9.6 BEGIN [http:\/\/blog.bottomlessinc.com] -->\n<iframe src=\"http:\/\/www.facebook.com\/plugins\/like.php?href=https%3A%2F%2Fkitesurfvacation.com%2F%3Fpage_id%3D6562&amp;layout=standard&amp;show_faces=false&amp;width=450&amp;action=like&amp;colorscheme=light\" scrolling=\"no\" frameborder=\"0\" allowTransparency=\"true\" style=\"border:none; overflow:hidden; width:450px; height: 30px; align: left; margin: 2px 0px 2px 0px\"><\/iframe>\n<!-- Facebook Like Button END -->\n","protected":false},"excerpt":{"rendered":"<p>Villas, penthouses y departamentos de lujo en Tulum. Se encuentran localizados en Aldea Zama, un desarrollo ecol\u00f3gico entre la playa de Tulum y el pueblo. Existe un camino para las bicicletas que conecta Aldea Zama con las playas cercanas de Tulum (10 minutos en bicicleta). Existe un [&hellip;]<\/p>\n","protected":false},"author":1,"featured_media":0,"parent":0,"menu_order":0,"comment_status":"closed","ping_status":"closed","template":"page-FullWidth.php","meta":{"footnotes":""},"class_list":["post-6562","page","type-page","status-publish","hentry"],"_links":{"self":[{"href":"https:\/\/kitesurfvacation.com\/index.php?rest_route=\/wp\/v2\/pages\/6562","targetHints":{"allow":["GET"]}}],"collection":[{"href":"https:\/\/kitesurfvacation.com\/index.php?rest_route=\/wp\/v2\/pages"}],"about":[{"href":"https:\/\/kitesurfvacation.com\/index.php?rest_route=\/wp\/v2\/types\/page"}],"author":[{"embeddable":true,"href":"https:\/\/kitesurfvacation.com\/index.php?rest_route=\/wp\/v2\/users\/1"}],"replies":[{"embeddable":true,"href":"https:\/\/kitesurfvacation.com\/index.php?rest_route=%2Fwp%2Fv2%2Fcomments&post=6562"}],"version-history":[{"count":9,"href":"https:\/\/kitesurfvacation.com\/index.php?rest_route=\/wp\/v2\/pages\/6562\/revisions"}],"predecessor-version":[{"id":12794,"href":"https:\/\/kitesurfvacation.com\/index.php?rest_route=\/wp\/v2\/pages\/6562\/revisions\/12794"}],"wp:attachment":[{"href":"https:\/\/kitesurfvacation.com\/index.php?rest_route=%2Fwp%2Fv2%2Fmedia&parent=6562"}],"curies":[{"name":"wp","href":"https:\/\/api.w.org\/{rel}","templated":true}]}}