{"id":6544,"date":"2013-10-25T22:14:47","date_gmt":"2013-10-25T22:14:47","guid":{"rendered":"http:\/\/kitesurfvacation.com\/?page_id=6544"},"modified":"2018-03-07T20:40:06","modified_gmt":"2018-03-08T02:40:06","slug":"hacienda-tulum","status":"publish","type":"page","link":"https:\/\/kitesurfvacation.com\/?page_id=6544","title":{"rendered":"Elegantes y modernas Suites en Tulum"},"content":{"rendered":"<div id=\"tweetbutton6544\" class=\"tw_button\" style=\"\"><a href=\"http:\/\/twitter.com\/share?url=https%3A%2F%2Fkitesurfvacation.com%2F%3Fpage_id%3D6544&amp;text=Elegantes%20y%20modernas%20Suites%20en%20Tulum&amp;related=&amp;lang=en&amp;count=horizontal&amp;counturl=https%3A%2F%2Fkitesurfvacation.com%2F%3Fpage_id%3D6544\" class=\"twitter-share-button\"  style=\"width:55px;height:22px;background:transparent url('https:\/\/kitesurfvacation.com\/wp-content\/plugins\/wp-tweet-button\/tweetn.png') no-repeat  0 0;text-align:left;text-indent:-9999px;display:block;\">Tweet<\/a><\/div>\n<!-- Facebook Like Button v1.9.6 BEGIN [http:\/\/blog.bottomlessinc.com] -->\n<iframe src=\"http:\/\/www.facebook.com\/plugins\/like.php?href=https%3A%2F%2Fkitesurfvacation.com%2F%3Fpage_id%3D6544&amp;layout=standard&amp;show_faces=false&amp;width=450&amp;action=like&amp;colorscheme=light\" scrolling=\"no\" frameborder=\"0\" allowTransparency=\"true\" style=\"border:none; overflow:hidden; width:450px; height: 30px; align: left; margin: 2px 0px 2px 0px\"><\/iframe>\n<!-- Facebook Like Button END -->\n<table>\n<tbody>\n<tr>\n<td><img decoding=\"async\" src=\"_images\/suitestulum600.jpg\" alt=\"\" \/><\/td>\n<td>&nbsp;&nbsp;&nbsp;<\/<\/td>\n<td><img decoding=\"async\" src=\"_images\/rusticcabanastulummap.jpg\" alt=\"\" \/><\/td>\n<\/tr>\n<tr>\n<td style=\"vertical-align: top; text-align: justify;\" width=\"845\" colspan=\"3\">\n<!-- CONTENIDO DE INFO --><\/p>\n<p style=\"text-align:justify\">\n Las suites  se encuentran  dentro de un complejo independiente de 3 suites, completamente nuevas rodeadas de naturaleza, elegancia, decoraci\u00f3n, confort y privacidad. <\/p>\n<p>Estas suites privadas est\u00e1n localizadas en la mejor \u00e1rea de la playa de Tulum y justo enfrente cuenta con un beach club perfecto para relajar, desayunar, tomar el sol, comer un snack o tomar algo. Tendr\u00e1s acceso gratuito al \u00e1rea de beach club con camas para el sol, palapa y el bar. En el beach club podr\u00e1s armar tu equipo de kite  y despegar ah\u00ed mismo. Esta es una de las zonas m\u00e1s bonitas y seguras para la pr\u00e1ctica del kite porque no hay mucha gente en la playa, ni lanchas ni obst\u00e1culos. Si requieres clases de kite o renta de equipo, la escuela de kite est\u00e1 a s\u00f3lo pasos del beach club. <\/p>\n<p> Las suites incluyen ba\u00f1o privado, aire acondicionado de 8pm a 8am, ventiladores, wifi, toallas, estacionamiento y 25% de descuento en el beach bar.<\/p>\n<p> Cont\u00e1ctanos para m\u00e1s informaci\u00f3n. Precios desde $135 usd por noche<br \/>\nExisten 2 suites con una cama king size para dos personas y otra suite con 2 camas dobles para 4 personas.<\/p>\n\n\t\t<style type=\"text\/css\">\n\t\t\t#gallery-1 {\n\t\t\t\tmargin: auto;\n\t\t\t}\n\t\t\t#gallery-1 .gallery-item {\n\t\t\t\tfloat: left;\n\t\t\t\tmargin-top: 10px;\n\t\t\t\ttext-align: center;\n\t\t\t\twidth: 25%;\n\t\t\t}\n\t\t\t#gallery-1 img {\n\t\t\t\tborder: 2px solid #cfcfcf;\n\t\t\t}\n\t\t\t#gallery-1 .gallery-caption {\n\t\t\t\tmargin-left: 0;\n\t\t\t}\n\t\t\t\/* see gallery_shortcode() in wp-includes\/media.php *\/\n\t\t<\/style>\n\t\t<div id='gallery-1' class='gallery galleryid-6544 gallery-columns-4 gallery-size-medium'><dl class='gallery-item'>\n\t\t\t<dt class='gallery-icon landscape'>\n\t\t\t\t<a rel='wp-prettyPhoto[gallery]' href='https:\/\/kitesurfvacation.com\/wp-content\/uploads\/2013\/10\/suitetulum1.png'><img loading=\"lazy\" decoding=\"async\" width=\"300\" height=\"183\" src=\"https:\/\/kitesurfvacation.com\/wp-content\/uploads\/2013\/10\/suitetulum1-300x183.png\" class=\"attachment-medium size-medium\" alt=\"\" srcset=\"https:\/\/kitesurfvacation.com\/wp-content\/uploads\/2013\/10\/suitetulum1-300x183.png 300w, https:\/\/kitesurfvacation.com\/wp-content\/uploads\/2013\/10\/suitetulum1.png 644w\" sizes=\"auto, (max-width: 300px) 100vw, 300px\" \/><\/a>\n\t\t\t<\/dt><\/dl><dl class='gallery-item'>\n\t\t\t<dt class='gallery-icon landscape'>\n\t\t\t\t<a rel='wp-prettyPhoto[gallery]' href='https:\/\/kitesurfvacation.com\/wp-content\/uploads\/2013\/10\/suitetulum2.png'><img loading=\"lazy\" decoding=\"async\" width=\"300\" height=\"178\" src=\"https:\/\/kitesurfvacation.com\/wp-content\/uploads\/2013\/10\/suitetulum2-300x178.png\" class=\"attachment-medium size-medium\" alt=\"\" srcset=\"https:\/\/kitesurfvacation.com\/wp-content\/uploads\/2013\/10\/suitetulum2-300x178.png 300w, https:\/\/kitesurfvacation.com\/wp-content\/uploads\/2013\/10\/suitetulum2.png 658w\" sizes=\"auto, (max-width: 300px) 100vw, 300px\" \/><\/a>\n\t\t\t<\/dt><\/dl><dl class='gallery-item'>\n\t\t\t<dt class='gallery-icon landscape'>\n\t\t\t\t<a rel='wp-prettyPhoto[gallery]' href='https:\/\/kitesurfvacation.com\/wp-content\/uploads\/2013\/10\/suitetulum3.png'><img loading=\"lazy\" decoding=\"async\" width=\"300\" height=\"184\" src=\"https:\/\/kitesurfvacation.com\/wp-content\/uploads\/2013\/10\/suitetulum3-300x184.png\" class=\"attachment-medium size-medium\" alt=\"\" srcset=\"https:\/\/kitesurfvacation.com\/wp-content\/uploads\/2013\/10\/suitetulum3-300x184.png 300w, https:\/\/kitesurfvacation.com\/wp-content\/uploads\/2013\/10\/suitetulum3.png 638w\" sizes=\"auto, (max-width: 300px) 100vw, 300px\" \/><\/a>\n\t\t\t<\/dt><\/dl><dl class='gallery-item'>\n\t\t\t<dt class='gallery-icon landscape'>\n\t\t\t\t<a rel='wp-prettyPhoto[gallery]' href='https:\/\/kitesurfvacation.com\/wp-content\/uploads\/2013\/10\/suitetulum4.png'><img loading=\"lazy\" decoding=\"async\" width=\"300\" height=\"199\" src=\"https:\/\/kitesurfvacation.com\/wp-content\/uploads\/2013\/10\/suitetulum4-300x199.png\" class=\"attachment-medium size-medium\" alt=\"\" srcset=\"https:\/\/kitesurfvacation.com\/wp-content\/uploads\/2013\/10\/suitetulum4-300x199.png 300w, https:\/\/kitesurfvacation.com\/wp-content\/uploads\/2013\/10\/suitetulum4.png 590w\" sizes=\"auto, (max-width: 300px) 100vw, 300px\" \/><\/a>\n\t\t\t<\/dt><\/dl><br style=\"clear: both\" \/><dl class='gallery-item'>\n\t\t\t<dt class='gallery-icon landscape'>\n\t\t\t\t<a rel='wp-prettyPhoto[gallery]' href='https:\/\/kitesurfvacation.com\/wp-content\/uploads\/2013\/10\/suitetulum5.png'><img loading=\"lazy\" decoding=\"async\" width=\"300\" height=\"199\" src=\"https:\/\/kitesurfvacation.com\/wp-content\/uploads\/2013\/10\/suitetulum5-300x199.png\" class=\"attachment-medium size-medium\" alt=\"\" srcset=\"https:\/\/kitesurfvacation.com\/wp-content\/uploads\/2013\/10\/suitetulum5-300x199.png 300w, https:\/\/kitesurfvacation.com\/wp-content\/uploads\/2013\/10\/suitetulum5.png 592w\" sizes=\"auto, (max-width: 300px) 100vw, 300px\" \/><\/a>\n\t\t\t<\/dt><\/dl><dl class='gallery-item'>\n\t\t\t<dt class='gallery-icon landscape'>\n\t\t\t\t<a rel='wp-prettyPhoto[gallery]' href='https:\/\/kitesurfvacation.com\/wp-content\/uploads\/2013\/10\/suitetulum6.png'><img loading=\"lazy\" decoding=\"async\" width=\"300\" height=\"199\" src=\"https:\/\/kitesurfvacation.com\/wp-content\/uploads\/2013\/10\/suitetulum6-300x199.png\" class=\"attachment-medium size-medium\" alt=\"\" srcset=\"https:\/\/kitesurfvacation.com\/wp-content\/uploads\/2013\/10\/suitetulum6-300x199.png 300w, https:\/\/kitesurfvacation.com\/wp-content\/uploads\/2013\/10\/suitetulum6.png 597w\" sizes=\"auto, (max-width: 300px) 100vw, 300px\" \/><\/a>\n\t\t\t<\/dt><\/dl><dl class='gallery-item'>\n\t\t\t<dt class='gallery-icon landscape'>\n\t\t\t\t<a rel='wp-prettyPhoto[gallery]' href='https:\/\/kitesurfvacation.com\/wp-content\/uploads\/2013\/10\/suitetulum7.png'><img loading=\"lazy\" decoding=\"async\" width=\"300\" height=\"200\" src=\"https:\/\/kitesurfvacation.com\/wp-content\/uploads\/2013\/10\/suitetulum7-300x200.png\" class=\"attachment-medium size-medium\" alt=\"\" srcset=\"https:\/\/kitesurfvacation.com\/wp-content\/uploads\/2013\/10\/suitetulum7-300x200.png 300w, https:\/\/kitesurfvacation.com\/wp-content\/uploads\/2013\/10\/suitetulum7.png 590w\" sizes=\"auto, (max-width: 300px) 100vw, 300px\" \/><\/a>\n\t\t\t<\/dt><\/dl><dl class='gallery-item'>\n\t\t\t<dt class='gallery-icon landscape'>\n\t\t\t\t<a rel='wp-prettyPhoto[gallery]' href='https:\/\/kitesurfvacation.com\/wp-content\/uploads\/2013\/10\/suitetulum8.png'><img loading=\"lazy\" decoding=\"async\" width=\"300\" height=\"203\" src=\"https:\/\/kitesurfvacation.com\/wp-content\/uploads\/2013\/10\/suitetulum8-300x203.png\" class=\"attachment-medium size-medium\" alt=\"\" srcset=\"https:\/\/kitesurfvacation.com\/wp-content\/uploads\/2013\/10\/suitetulum8-300x203.png 300w, https:\/\/kitesurfvacation.com\/wp-content\/uploads\/2013\/10\/suitetulum8.png 589w\" sizes=\"auto, (max-width: 300px) 100vw, 300px\" \/><\/a>\n\t\t\t<\/dt><\/dl><br style=\"clear: both\" \/><dl class='gallery-item'>\n\t\t\t<dt class='gallery-icon landscape'>\n\t\t\t\t<a rel='wp-prettyPhoto[gallery]' href='https:\/\/kitesurfvacation.com\/wp-content\/uploads\/2013\/10\/suitetulum9.png'><img loading=\"lazy\" decoding=\"async\" width=\"300\" height=\"187\" src=\"https:\/\/kitesurfvacation.com\/wp-content\/uploads\/2013\/10\/suitetulum9-300x187.png\" class=\"attachment-medium size-medium\" alt=\"\" srcset=\"https:\/\/kitesurfvacation.com\/wp-content\/uploads\/2013\/10\/suitetulum9-300x187.png 300w, https:\/\/kitesurfvacation.com\/wp-content\/uploads\/2013\/10\/suitetulum9.png 630w\" sizes=\"auto, (max-width: 300px) 100vw, 300px\" \/><\/a>\n\t\t\t<\/dt><\/dl><dl class='gallery-item'>\n\t\t\t<dt class='gallery-icon landscape'>\n\t\t\t\t<a rel='wp-prettyPhoto[gallery]' href='https:\/\/kitesurfvacation.com\/wp-content\/uploads\/2013\/10\/suitetulum10.png'><img loading=\"lazy\" decoding=\"async\" width=\"300\" height=\"199\" src=\"https:\/\/kitesurfvacation.com\/wp-content\/uploads\/2013\/10\/suitetulum10-300x199.png\" class=\"attachment-medium size-medium\" alt=\"\" srcset=\"https:\/\/kitesurfvacation.com\/wp-content\/uploads\/2013\/10\/suitetulum10-300x199.png 300w, https:\/\/kitesurfvacation.com\/wp-content\/uploads\/2013\/10\/suitetulum10.png 590w\" sizes=\"auto, (max-width: 300px) 100vw, 300px\" \/><\/a>\n\t\t\t<\/dt><\/dl><dl class='gallery-item'>\n\t\t\t<dt class='gallery-icon landscape'>\n\t\t\t\t<a rel='wp-prettyPhoto[gallery]' href='https:\/\/kitesurfvacation.com\/wp-content\/uploads\/2013\/10\/suitetulum11.png'><img loading=\"lazy\" decoding=\"async\" width=\"300\" height=\"201\" src=\"https:\/\/kitesurfvacation.com\/wp-content\/uploads\/2013\/10\/suitetulum11-300x201.png\" class=\"attachment-medium size-medium\" alt=\"\" srcset=\"https:\/\/kitesurfvacation.com\/wp-content\/uploads\/2013\/10\/suitetulum11-300x201.png 300w, https:\/\/kitesurfvacation.com\/wp-content\/uploads\/2013\/10\/suitetulum11.png 585w\" sizes=\"auto, (max-width: 300px) 100vw, 300px\" \/><\/a>\n\t\t\t<\/dt><\/dl><dl class='gallery-item'>\n\t\t\t<dt class='gallery-icon landscape'>\n\t\t\t\t<a rel='wp-prettyPhoto[gallery]' href='https:\/\/kitesurfvacation.com\/wp-content\/uploads\/2013\/10\/suitetulum12.png'><img loading=\"lazy\" decoding=\"async\" width=\"300\" height=\"200\" src=\"https:\/\/kitesurfvacation.com\/wp-content\/uploads\/2013\/10\/suitetulum12-300x200.png\" class=\"attachment-medium size-medium\" alt=\"\" srcset=\"https:\/\/kitesurfvacation.com\/wp-content\/uploads\/2013\/10\/suitetulum12-300x200.png 300w, https:\/\/kitesurfvacation.com\/wp-content\/uploads\/2013\/10\/suitetulum12.png 593w\" sizes=\"auto, (max-width: 300px) 100vw, 300px\" \/><\/a>\n\t\t\t<\/dt><\/dl><br style=\"clear: both\" \/><dl class='gallery-item'>\n\t\t\t<dt class='gallery-icon landscape'>\n\t\t\t\t<a rel='wp-prettyPhoto[gallery]' href='https:\/\/kitesurfvacation.com\/wp-content\/uploads\/2013\/10\/suitetulum13.png'><img loading=\"lazy\" decoding=\"async\" width=\"300\" height=\"196\" src=\"https:\/\/kitesurfvacation.com\/wp-content\/uploads\/2013\/10\/suitetulum13-300x196.png\" class=\"attachment-medium size-medium\" alt=\"\" srcset=\"https:\/\/kitesurfvacation.com\/wp-content\/uploads\/2013\/10\/suitetulum13-300x196.png 300w, https:\/\/kitesurfvacation.com\/wp-content\/uploads\/2013\/10\/suitetulum13.png 664w\" sizes=\"auto, (max-width: 300px) 100vw, 300px\" \/><\/a>\n\t\t\t<\/dt><\/dl><dl class='gallery-item'>\n\t\t\t<dt class='gallery-icon landscape'>\n\t\t\t\t<a rel='wp-prettyPhoto[gallery]' href='https:\/\/kitesurfvacation.com\/wp-content\/uploads\/2013\/10\/suitetulum14.png'><img loading=\"lazy\" decoding=\"async\" width=\"300\" height=\"196\" src=\"https:\/\/kitesurfvacation.com\/wp-content\/uploads\/2013\/10\/suitetulum14-300x196.png\" class=\"attachment-medium size-medium\" alt=\"\" srcset=\"https:\/\/kitesurfvacation.com\/wp-content\/uploads\/2013\/10\/suitetulum14-300x196.png 300w, https:\/\/kitesurfvacation.com\/wp-content\/uploads\/2013\/10\/suitetulum14.png 665w\" sizes=\"auto, (max-width: 300px) 100vw, 300px\" \/><\/a>\n\t\t\t<\/dt><\/dl><dl class='gallery-item'>\n\t\t\t<dt class='gallery-icon landscape'>\n\t\t\t\t<a rel='wp-prettyPhoto[gallery]' href='https:\/\/kitesurfvacation.com\/wp-content\/uploads\/2013\/10\/suitetulum15.png'><img loading=\"lazy\" decoding=\"async\" width=\"300\" height=\"200\" src=\"https:\/\/kitesurfvacation.com\/wp-content\/uploads\/2013\/10\/suitetulum15-300x200.png\" class=\"attachment-medium size-medium\" alt=\"\" srcset=\"https:\/\/kitesurfvacation.com\/wp-content\/uploads\/2013\/10\/suitetulum15-300x200.png 300w, https:\/\/kitesurfvacation.com\/wp-content\/uploads\/2013\/10\/suitetulum15.png 632w\" sizes=\"auto, (max-width: 300px) 100vw, 300px\" \/><\/a>\n\t\t\t<\/dt><\/dl><dl class='gallery-item'>\n\t\t\t<dt class='gallery-icon landscape'>\n\t\t\t\t<a rel='wp-prettyPhoto[gallery]' href='https:\/\/kitesurfvacation.com\/wp-content\/uploads\/2013\/10\/suitetulum16.png'><img loading=\"lazy\" decoding=\"async\" width=\"300\" height=\"203\" src=\"https:\/\/kitesurfvacation.com\/wp-content\/uploads\/2013\/10\/suitetulum16-300x203.png\" class=\"attachment-medium size-medium\" alt=\"\" srcset=\"https:\/\/kitesurfvacation.com\/wp-content\/uploads\/2013\/10\/suitetulum16-300x203.png 300w, https:\/\/kitesurfvacation.com\/wp-content\/uploads\/2013\/10\/suitetulum16.png 631w\" sizes=\"auto, (max-width: 300px) 100vw, 300px\" \/><\/a>\n\t\t\t<\/dt><\/dl><br style=\"clear: both\" \/><dl class='gallery-item'>\n\t\t\t<dt class='gallery-icon landscape'>\n\t\t\t\t<a rel='wp-prettyPhoto[gallery]' href='https:\/\/kitesurfvacation.com\/wp-content\/uploads\/2013\/10\/suitetulum17.png'><img loading=\"lazy\" decoding=\"async\" width=\"300\" height=\"200\" src=\"https:\/\/kitesurfvacation.com\/wp-content\/uploads\/2013\/10\/suitetulum17-300x200.png\" class=\"attachment-medium size-medium\" alt=\"\" srcset=\"https:\/\/kitesurfvacation.com\/wp-content\/uploads\/2013\/10\/suitetulum17-300x200.png 300w, https:\/\/kitesurfvacation.com\/wp-content\/uploads\/2013\/10\/suitetulum17.png 633w\" sizes=\"auto, (max-width: 300px) 100vw, 300px\" \/><\/a>\n\t\t\t<\/dt><\/dl>\n\t\t\t<br style='clear: both' \/>\n\t\t<\/div>\n\n<p><!-- FIN DE INFO--><\/p>\n<\/td>\n<td><\/td>\n<\/tr>\n<\/table>\n\n<!-- Facebook Like Button v1.9.6 BEGIN [http:\/\/blog.bottomlessinc.com] -->\n<iframe src=\"http:\/\/www.facebook.com\/plugins\/like.php?href=https%3A%2F%2Fkitesurfvacation.com%2F%3Fpage_id%3D6544&amp;layout=standard&amp;show_faces=false&amp;width=450&amp;action=like&amp;colorscheme=light\" scrolling=\"no\" frameborder=\"0\" allowTransparency=\"true\" style=\"border:none; overflow:hidden; width:450px; height: 30px; align: left; margin: 2px 0px 2px 0px\"><\/iframe>\n<!-- Facebook Like Button END -->\n","protected":false},"excerpt":{"rendered":"<p>&nbsp;&nbsp;&nbsp;<\/p>\n","protected":false},"author":1,"featured_media":0,"parent":0,"menu_order":0,"comment_status":"closed","ping_status":"closed","template":"page-FullWidth.php","meta":{"footnotes":""},"class_list":["post-6544","page","type-page","status-publish","hentry"],"_links":{"self":[{"href":"https:\/\/kitesurfvacation.com\/index.php?rest_route=\/wp\/v2\/pages\/6544","targetHints":{"allow":["GET"]}}],"collection":[{"href":"https:\/\/kitesurfvacation.com\/index.php?rest_route=\/wp\/v2\/pages"}],"about":[{"href":"https:\/\/kitesurfvacation.com\/index.php?rest_route=\/wp\/v2\/types\/page"}],"author":[{"embeddable":true,"href":"https:\/\/kitesurfvacation.com\/index.php?rest_route=\/wp\/v2\/users\/1"}],"replies":[{"embeddable":true,"href":"https:\/\/kitesurfvacation.com\/index.php?rest_route=%2Fwp%2Fv2%2Fcomments&post=6544"}],"version-history":[{"count":19,"href":"https:\/\/kitesurfvacation.com\/index.php?rest_route=\/wp\/v2\/pages\/6544\/revisions"}],"predecessor-version":[{"id":12876,"href":"https:\/\/kitesurfvacation.com\/index.php?rest_route=\/wp\/v2\/pages\/6544\/revisions\/12876"}],"wp:attachment":[{"href":"https:\/\/kitesurfvacation.com\/index.php?rest_route=%2Fwp%2Fv2%2Fmedia&parent=6544"}],"curies":[{"name":"wp","href":"https:\/\/api.w.org\/{rel}","templated":true}]}}