{"id":65,"date":"2011-12-13T04:55:45","date_gmt":"2011-12-13T04:55:45","guid":{"rendered":"http:\/\/kitesurfvacation.com\/?page_id=65"},"modified":"2021-09-07T21:17:51","modified_gmt":"2021-09-08T02:17:51","slug":"historia","status":"publish","type":"page","link":"https:\/\/kitesurfvacation.com\/?page_id=65","title":{"rendered":"Historia y La Compa\u00f1\u00eda"},"content":{"rendered":"\n<!-- Facebook Like Button v1.9.6 BEGIN [http:\/\/blog.bottomlessinc.com] -->\n<iframe src=\"http:\/\/www.facebook.com\/plugins\/like.php?href=https%3A%2F%2Fkitesurfvacation.com%2F%3Fpage_id%3D65&amp;layout=standard&amp;show_faces=false&amp;width=450&amp;action=like&amp;colorscheme=light\" scrolling=\"no\" frameborder=\"0\" allowTransparency=\"true\" style=\"border:none; overflow:hidden; width:450px; height: 30px; align: left; margin: 2px 0px 2px 0px\"><\/iframe>\n<!-- Facebook Like Button END -->\n<h1>Historia<\/h1>\n<p style=\"text-align: justify;\">En el a\u00f1o 2001, comenzamos a volar kites de \u2018tracci\u00f3n\u2019 o powerkites. Practic\u00e1bamos Land-Kiteboarding en diferentes modalidades, tales como Kite-mountainboard y Kite-Buggie en espacios abiertos sobre la tierra. Posteriormente hicimos la transici\u00f3n al agua para practicar Kitesurfing con los mismos kites de celdas o kites no inflables. En esos tiempos y con ese tipo de vela, no hab\u00eda forma de relanzar los kites una vez que ca\u00edan al agua. Las barras eran \u00fanicamente de dos l\u00edneas, sin \u2018<em>depower system\u2019<\/em> y no contaban con los<em> quick release <\/em>o sistemas de emergencia actuales. Adem\u00e1s, no exist\u00edan escuelas ni instructores en esos inicios en el pa\u00eds. Todo esto comenz\u00f3 como un deporte, hobby o pasi\u00f3n que despu\u00e9s dio un paso m\u00e1s formal. A mediados del a\u00f1o 2002, se cre\u00f3 Upwindkites con el objeto de distribuir equipo de Kitesurf y como escuela promotora del deporte en el pa\u00eds. Fuimos parte del inicio del Kitesurf en M\u00e9xico, as\u00ed como testigos de la evoluci\u00f3n del deporte en el mundo.<\/p>\n<p style=\"text-align: center;\"><a href=\"http:\/\/kitesurfvacation.com\/wp-content\/uploads\/2011\/12\/DSC00127.jpg\" rel=\"wp-prettyPhoto[65]\"><\/a><\/p>\n<p style=\"text-align: justify;\"><img loading=\"lazy\" decoding=\"async\" class=\"size-medium wp-image-498 alignleft\" src=\"http:\/\/kitesurfvacation.com\/wp-content\/uploads\/2011\/12\/DSC00127-300x225.jpg\" alt=\"\" width=\"300\" height=\"225\" srcset=\"https:\/\/kitesurfvacation.com\/wp-content\/uploads\/2011\/12\/DSC00127-300x225.jpg 300w, https:\/\/kitesurfvacation.com\/wp-content\/uploads\/2011\/12\/DSC00127.jpg 640w\" sizes=\"auto, (max-width: 300px) 100vw, 300px\" \/>De tal forma, gracias a nuestro amor y pasi\u00f3n a lo largo de tantos a\u00f1os por este incre\u00edble deporte. El kitesurf nos brind\u00f3 la grand\u00edsima oportunidad de explorar los <a href=\"http:\/\/www.kiteboardingspotsmexico.com\">mejores spots y destinos del pa\u00eds<\/a> para navegar en m\u00faltiples \u00e9picos escenarios. A su vez, esta pasi\u00f3n, nos hizo entablar amistad con mucha gente del medio a nivel nacional e internacional. <\/p>\n<p style=\"text-align: justify;\">Cabe se\u00f1alar que Upwindkites dej\u00f3 de operar durante cierto tiempo, debido a que nos enfocamos a otras actividades profesionales, espec\u00edficamente en el \u00e1rea corporativa, inmobiliaria y tur\u00edstica. Por tal raz\u00f3n, surgi\u00f3 la idea de crear KITESURF VACATION, un proyecto nuevo que fuera la fusi\u00f3n de nuestras pasiones y profesiones. <\/p>\n<h2>La Compa\u00f1\u00eda<\/h2>\n<p style=\"text-align: justify;\"> KITESURF VACATION es una empresa socialmente responsable. <<a href=\"http:\/\/kitesurfvacation.com\/_images\/jaimeanciravalverde.jpg\" rel=\"wp-prettyPhoto[65]\"><img loading=\"lazy\" decoding=\"async\" class=\"alignright size-full wp-image-7128\" src=\"http:\/\/kitesurfvacation.com\/_images\/jaimeanciravalverde.jpg\" alt=\"\" width=\"250\" height=\"250\" \/><\/a>Tenemos el compromiso con nuestro pa\u00eds de promover su rica cultura, tradiciones y costumbres. Nuestra misi\u00f3n es transportarlo a los mejores destinos y spots de kiteboarding  en el pa\u00eds. Nosotros le ofrecemos principalmente la estancia en lugares privilegiados y con las condiciones perfectas para que Usted pueda practicar su pasi\u00f3n al m\u00e1ximo. As\u00ed mismo, le organizamos y optimizamos su vacaci\u00f3n, sin que Usted tenga perder su valioso tiempo en planear su viaje.  <\/p>\n<p style=\"text-align: justify;\">Adem\u00e1s de conseguirle un paradisiaco lugar vacacional. Le ofrecemos una amplia gama de servicios, desde el transporte, clases de Kitesurf, renta y venta de equipo, alimentos, spa &#038; masajes, renta de autom\u00f3vil y dem\u00e1s actividades deportivas o culturales para que Usted tenga una vacaci\u00f3n lo m\u00e1s completa y divertida posible. Nosotros trabajamos por medio de alianzas estrat\u00e9gicas con otras reconocidas empresas tur\u00edsticas de calidad para ofrecerle un servicio m\u00e1s amplio. Tenemos convenios con dichas empresas, garantiz\u00e1ndole el mejor precio y ofreci\u00e9ndole descuentos y promociones especiales. Nosotros lo asesoramos profesionalmente de acuerdo a sus requerimientos y necesidades, llev\u00e1ndolo de la mano a que cumpla sus sue\u00f1os realidad. <\/p>\n\n<!-- Facebook Like Button v1.9.6 BEGIN [http:\/\/blog.bottomlessinc.com] -->\n<iframe src=\"http:\/\/www.facebook.com\/plugins\/like.php?href=https%3A%2F%2Fkitesurfvacation.com%2F%3Fpage_id%3D65&amp;layout=standard&amp;show_faces=false&amp;width=450&amp;action=like&amp;colorscheme=light\" scrolling=\"no\" frameborder=\"0\" allowTransparency=\"true\" style=\"border:none; overflow:hidden; width:450px; height: 30px; align: left; margin: 2px 0px 2px 0px\"><\/iframe>\n<!-- Facebook Like Button END -->\n","protected":false},"excerpt":{"rendered":"<p>Historia En el a\u00f1o 2001, comenzamos a volar kites de \u2018tracci\u00f3n\u2019 o powerkites. Practic\u00e1bamos Land-Kiteboarding en diferentes modalidades, tales como Kite-mountainboard y Kite-Buggie en espacios abiertos sobre la tierra. Posteriormente hicimos la transici\u00f3n al agua para practicar Kitesurfing con los mismos kites de celdas o kites no [&hellip;]<\/p>\n","protected":false},"author":1,"featured_media":0,"parent":156,"menu_order":0,"comment_status":"closed","ping_status":"closed","template":"page-FullWidth.php","meta":{"footnotes":""},"class_list":["post-65","page","type-page","status-publish","hentry"],"_links":{"self":[{"href":"https:\/\/kitesurfvacation.com\/index.php?rest_route=\/wp\/v2\/pages\/65","targetHints":{"allow":["GET"]}}],"collection":[{"href":"https:\/\/kitesurfvacation.com\/index.php?rest_route=\/wp\/v2\/pages"}],"about":[{"href":"https:\/\/kitesurfvacation.com\/index.php?rest_route=\/wp\/v2\/types\/page"}],"author":[{"embeddable":true,"href":"https:\/\/kitesurfvacation.com\/index.php?rest_route=\/wp\/v2\/users\/1"}],"replies":[{"embeddable":true,"href":"https:\/\/kitesurfvacation.com\/index.php?rest_route=%2Fwp%2Fv2%2Fcomments&post=65"}],"version-history":[{"count":42,"href":"https:\/\/kitesurfvacation.com\/index.php?rest_route=\/wp\/v2\/pages\/65\/revisions"}],"predecessor-version":[{"id":7130,"href":"https:\/\/kitesurfvacation.com\/index.php?rest_route=\/wp\/v2\/pages\/65\/revisions\/7130"}],"up":[{"embeddable":true,"href":"https:\/\/kitesurfvacation.com\/index.php?rest_route=\/wp\/v2\/pages\/156"}],"wp:attachment":[{"href":"https:\/\/kitesurfvacation.com\/index.php?rest_route=%2Fwp%2Fv2%2Fmedia&parent=65"}],"curies":[{"name":"wp","href":"https:\/\/api.w.org\/{rel}","templated":true}]}}