{"id":4883,"date":"2012-10-28T16:30:51","date_gmt":"2012-10-28T16:30:51","guid":{"rendered":"http:\/\/kitesurfvacation.com\/?page_id=4883"},"modified":"2016-09-13T21:28:53","modified_gmt":"2016-09-14T02:28:53","slug":"beach-villa-and-cabanas","status":"publish","type":"page","link":"https:\/\/kitesurfvacation.com\/?page_id=4883","title":{"rendered":"Kite Villas Tulum"},"content":{"rendered":"<div id=\"tweetbutton4883\" class=\"tw_button\" style=\"\"><a href=\"http:\/\/twitter.com\/share?url=https%3A%2F%2Fkitesurfvacation.com%2F%3Fpage_id%3D4883&amp;text=Kite%20Villas%20Tulum&amp;related=&amp;lang=en&amp;count=horizontal&amp;counturl=https%3A%2F%2Fkitesurfvacation.com%2F%3Fpage_id%3D4883\" class=\"twitter-share-button\"  style=\"width:55px;height:22px;background:transparent url('https:\/\/kitesurfvacation.com\/wp-content\/plugins\/wp-tweet-button\/tweetn.png') no-repeat  0 0;text-align:left;text-indent:-9999px;display:block;\">Tweet<\/a><\/div>\n<!-- Facebook Like Button v1.9.6 BEGIN [http:\/\/blog.bottomlessinc.com] -->\n<iframe src=\"http:\/\/www.facebook.com\/plugins\/like.php?href=https%3A%2F%2Fkitesurfvacation.com%2F%3Fpage_id%3D4883&amp;layout=standard&amp;show_faces=false&amp;width=450&amp;action=like&amp;colorscheme=light\" scrolling=\"no\" frameborder=\"0\" allowTransparency=\"true\" style=\"border:none; overflow:hidden; width:450px; height: 30px; align: left; margin: 2px 0px 2px 0px\"><\/iframe>\n<!-- Facebook Like Button END -->\n<table>\n<tbody>\n<tr>\n<td><img decoding=\"async\" src=\"_images\/villatulum.jpg\" alt=\"\" \/><\/td>\n<td>&nbsp;&nbsp;&nbsp;<\/<\/td>\n<td><img decoding=\"async\" src=\"_images\/villatulummap.jpg\" alt=\"\" \/><\/td>\n<\/tr>\n<tr>\n<td style=\"vertical-align: top; text-align: justify;\" width=\"845\" colspan=\"3\">\n<!-- CONTENIDO DE INFO --><\/p>\n<p style=\"text-align:justify\">\nEl lugar es perfecto para relajar, kitear o realizar actividades acu\u00e1ticas. Las 3 Villas est\u00e1n localizadas en la playa principal de Tulum cerca de los restaurantes y bares. Podr\u00e1s inflar y despegar tu kite justo enfrente de tu villa. Existe una escuela de kiteboarding justo al lado de las Villas donde podr\u00e1s rentar equipo, tomar clases o simplemente convivir con otros kiteros en el bar. Las villas  cuentan con servicio de chef privado con costo extra. Se cuenta con internet wi-fi, toallas para el ba\u00f1o y playa as\u00ed como servicio de cambio de s\u00e1banas. <\/p>\n<p style=\"text-align:justify\">\nBEACH FRONT VILLA<br \/>\nLa beach front villa ofrece: 3 cuartos, cada uno con su propio ba\u00f1o privado, sala y comedor con una vista incre\u00edble al mar. Completo equipo de cocina. Gran terraza con una vista al mar, sillas lounge, directo acceso a la playa. Capacidad para 6 hasta 10 personas.<\/p>\n<p>Temporada alta : enero 11 &#8211; agosto 31  y noviembre 19 &#8211; diciembre 18,   $850 usd por noche seis personas,  persona extra $100 usd<br \/>\nTemporada baja septiembre 1 &#8211; noviembre 18, $400 usd por noche seis personas, persona extra $60 usd<br \/>\nLa semana de navidad, a\u00f1o nuevo y thanks giving aplican diferentes precios.<\/p>\n<p style=\"text-align:justify\">\nECO GARDEN VILLA<br \/>\nLa Garden Villa esta situada detr\u00e1s de la Beach Front Villa, a s\u00f3lo 50 pasos de la playa y cuenta con una . La Villa cuenta  en el 1er piso con una sala, comedor, cocina y la recamara principal con una cama King Size, ba\u00f1o privado y un gran terraza. La 2da recamara es bastante espaciosa donde se pueden acomodar hasta 6 personas, son 5 camas individuales y una queen size.  A su vez cuenta con un amplio ba\u00f1o en el segundo piso.<\/p>\n<p>temporada alta 2016 :   enero 11 a agosto 31  y noviembre 19 a diciembre 18: $550 usd por noche para seis personas . Persona extra $70 usd c\/u    maximo 8 personas<br \/>\ntemporada baja 2016:  septiembre 1o a noviembre 18. excepto la semana de \u00abthanks giving\u00bb (nov 19  l 25, saliendo el 26)  $300 usd por noches para seis personas. M\u00e1ximo 8 personas.  Persona extra $50 usd c\/u<br \/>\nLa semana de navidad, a\u00f1o nuevo y thanks giving aplican diferentes precios.<\/p>\n<p style=\"text-align:justify\">\nOCEAN FRONT STUDIO:<br \/>\nEl Estudio cuenta con una cama King size, ba\u00f1o privado, gran jacuzzi privado con calentador solar, as\u00ed como una terraza privada frente al oc\u00e9ano. Capacidad para 2 personas. Ni\u00f1os no son admitidos en esta habitaci\u00f3n. Perfecto para parejas.<\/p>\n<p>temporada alta $450 usd por noche        enero 11 a agosto 31  y noviembre 19 a diciembre 18<br \/>\ntemporada baja $350 usd por noche        septiembre 1o a noviembre 18<br \/>\nLa semana de navidad, a\u00f1o nuevo y thanks giving aplican diferentes precios.<\/p>\n<p>Cont\u00e1ctanos para reservar.<\/p>\n\n\t\t<style type=\"text\/css\">\n\t\t\t#gallery-1 {\n\t\t\t\tmargin: auto;\n\t\t\t}\n\t\t\t#gallery-1 .gallery-item {\n\t\t\t\tfloat: left;\n\t\t\t\tmargin-top: 10px;\n\t\t\t\ttext-align: center;\n\t\t\t\twidth: 33%;\n\t\t\t}\n\t\t\t#gallery-1 img {\n\t\t\t\tborder: 2px solid #cfcfcf;\n\t\t\t}\n\t\t\t#gallery-1 .gallery-caption {\n\t\t\t\tmargin-left: 0;\n\t\t\t}\n\t\t\t\/* see gallery_shortcode() in wp-includes\/media.php *\/\n\t\t<\/style>\n\t\t<div id='gallery-1' class='gallery galleryid-4883 gallery-columns-3 gallery-size-medium'><dl class='gallery-item'>\n\t\t\t<dt class='gallery-icon landscape'>\n\t\t\t\t<a rel='wp-prettyPhoto[gallery]' href='https:\/\/kitesurfvacation.com\/wp-content\/uploads\/2012\/10\/villatulumkite1.jpg'><img loading=\"lazy\" decoding=\"async\" width=\"300\" height=\"200\" src=\"https:\/\/kitesurfvacation.com\/wp-content\/uploads\/2012\/10\/villatulumkite1-300x200.jpg\" class=\"attachment-medium size-medium\" alt=\"\" srcset=\"https:\/\/kitesurfvacation.com\/wp-content\/uploads\/2012\/10\/villatulumkite1-300x200.jpg 300w, https:\/\/kitesurfvacation.com\/wp-content\/uploads\/2012\/10\/villatulumkite1-768x512.jpg 768w, https:\/\/kitesurfvacation.com\/wp-content\/uploads\/2012\/10\/villatulumkite1-1024x682.jpg 1024w, https:\/\/kitesurfvacation.com\/wp-content\/uploads\/2012\/10\/villatulumkite1.jpg 1100w\" sizes=\"auto, (max-width: 300px) 100vw, 300px\" \/><\/a>\n\t\t\t<\/dt><\/dl><dl class='gallery-item'>\n\t\t\t<dt class='gallery-icon landscape'>\n\t\t\t\t<a rel='wp-prettyPhoto[gallery]' href='https:\/\/kitesurfvacation.com\/wp-content\/uploads\/2012\/10\/villatulumkite2.jpg'><img loading=\"lazy\" decoding=\"async\" width=\"300\" height=\"200\" src=\"https:\/\/kitesurfvacation.com\/wp-content\/uploads\/2012\/10\/villatulumkite2-300x200.jpg\" class=\"attachment-medium size-medium\" alt=\"\" srcset=\"https:\/\/kitesurfvacation.com\/wp-content\/uploads\/2012\/10\/villatulumkite2-300x200.jpg 300w, https:\/\/kitesurfvacation.com\/wp-content\/uploads\/2012\/10\/villatulumkite2-768x512.jpg 768w, https:\/\/kitesurfvacation.com\/wp-content\/uploads\/2012\/10\/villatulumkite2-1024x682.jpg 1024w, https:\/\/kitesurfvacation.com\/wp-content\/uploads\/2012\/10\/villatulumkite2.jpg 1100w\" sizes=\"auto, (max-width: 300px) 100vw, 300px\" \/><\/a>\n\t\t\t<\/dt><\/dl><dl class='gallery-item'>\n\t\t\t<dt class='gallery-icon landscape'>\n\t\t\t\t<a rel='wp-prettyPhoto[gallery]' href='https:\/\/kitesurfvacation.com\/wp-content\/uploads\/2012\/10\/villatulumkite3.jpg'><img loading=\"lazy\" decoding=\"async\" width=\"300\" height=\"200\" src=\"https:\/\/kitesurfvacation.com\/wp-content\/uploads\/2012\/10\/villatulumkite3-300x200.jpg\" class=\"attachment-medium size-medium\" alt=\"\" srcset=\"https:\/\/kitesurfvacation.com\/wp-content\/uploads\/2012\/10\/villatulumkite3-300x200.jpg 300w, https:\/\/kitesurfvacation.com\/wp-content\/uploads\/2012\/10\/villatulumkite3-768x512.jpg 768w, https:\/\/kitesurfvacation.com\/wp-content\/uploads\/2012\/10\/villatulumkite3-1024x682.jpg 1024w, https:\/\/kitesurfvacation.com\/wp-content\/uploads\/2012\/10\/villatulumkite3.jpg 1100w\" sizes=\"auto, (max-width: 300px) 100vw, 300px\" \/><\/a>\n\t\t\t<\/dt><\/dl><br style=\"clear: both\" \/><dl class='gallery-item'>\n\t\t\t<dt class='gallery-icon landscape'>\n\t\t\t\t<a rel='wp-prettyPhoto[gallery]' href='https:\/\/kitesurfvacation.com\/wp-content\/uploads\/2012\/10\/villatulumkite4.jpg'><img loading=\"lazy\" decoding=\"async\" width=\"300\" height=\"200\" src=\"https:\/\/kitesurfvacation.com\/wp-content\/uploads\/2012\/10\/villatulumkite4-300x200.jpg\" class=\"attachment-medium size-medium\" alt=\"\" srcset=\"https:\/\/kitesurfvacation.com\/wp-content\/uploads\/2012\/10\/villatulumkite4-300x200.jpg 300w, https:\/\/kitesurfvacation.com\/wp-content\/uploads\/2012\/10\/villatulumkite4-768x512.jpg 768w, https:\/\/kitesurfvacation.com\/wp-content\/uploads\/2012\/10\/villatulumkite4-1024x682.jpg 1024w, https:\/\/kitesurfvacation.com\/wp-content\/uploads\/2012\/10\/villatulumkite4.jpg 1100w\" sizes=\"auto, (max-width: 300px) 100vw, 300px\" \/><\/a>\n\t\t\t<\/dt><\/dl><dl class='gallery-item'>\n\t\t\t<dt class='gallery-icon landscape'>\n\t\t\t\t<a rel='wp-prettyPhoto[gallery]' href='https:\/\/kitesurfvacation.com\/wp-content\/uploads\/2012\/10\/villatulumkite5.jpg'><img loading=\"lazy\" decoding=\"async\" width=\"300\" height=\"200\" src=\"https:\/\/kitesurfvacation.com\/wp-content\/uploads\/2012\/10\/villatulumkite5-300x200.jpg\" class=\"attachment-medium size-medium\" alt=\"\" srcset=\"https:\/\/kitesurfvacation.com\/wp-content\/uploads\/2012\/10\/villatulumkite5-300x200.jpg 300w, https:\/\/kitesurfvacation.com\/wp-content\/uploads\/2012\/10\/villatulumkite5-768x512.jpg 768w, https:\/\/kitesurfvacation.com\/wp-content\/uploads\/2012\/10\/villatulumkite5-1024x682.jpg 1024w, https:\/\/kitesurfvacation.com\/wp-content\/uploads\/2012\/10\/villatulumkite5.jpg 1100w\" sizes=\"auto, (max-width: 300px) 100vw, 300px\" \/><\/a>\n\t\t\t<\/dt><\/dl><dl class='gallery-item'>\n\t\t\t<dt class='gallery-icon landscape'>\n\t\t\t\t<a rel='wp-prettyPhoto[gallery]' href='https:\/\/kitesurfvacation.com\/wp-content\/uploads\/2012\/10\/villatulumkite6.jpg'><img loading=\"lazy\" decoding=\"async\" width=\"300\" height=\"200\" src=\"https:\/\/kitesurfvacation.com\/wp-content\/uploads\/2012\/10\/villatulumkite6-300x200.jpg\" class=\"attachment-medium size-medium\" alt=\"\" srcset=\"https:\/\/kitesurfvacation.com\/wp-content\/uploads\/2012\/10\/villatulumkite6-300x200.jpg 300w, https:\/\/kitesurfvacation.com\/wp-content\/uploads\/2012\/10\/villatulumkite6-768x512.jpg 768w, https:\/\/kitesurfvacation.com\/wp-content\/uploads\/2012\/10\/villatulumkite6-1024x682.jpg 1024w, https:\/\/kitesurfvacation.com\/wp-content\/uploads\/2012\/10\/villatulumkite6.jpg 1100w\" sizes=\"auto, (max-width: 300px) 100vw, 300px\" \/><\/a>\n\t\t\t<\/dt><\/dl><br style=\"clear: both\" \/><dl class='gallery-item'>\n\t\t\t<dt class='gallery-icon landscape'>\n\t\t\t\t<a rel='wp-prettyPhoto[gallery]' href='https:\/\/kitesurfvacation.com\/wp-content\/uploads\/2012\/10\/villatulumkite7.jpg'><img loading=\"lazy\" decoding=\"async\" width=\"300\" height=\"200\" src=\"https:\/\/kitesurfvacation.com\/wp-content\/uploads\/2012\/10\/villatulumkite7-300x200.jpg\" class=\"attachment-medium size-medium\" alt=\"\" srcset=\"https:\/\/kitesurfvacation.com\/wp-content\/uploads\/2012\/10\/villatulumkite7-300x200.jpg 300w, https:\/\/kitesurfvacation.com\/wp-content\/uploads\/2012\/10\/villatulumkite7-768x512.jpg 768w, https:\/\/kitesurfvacation.com\/wp-content\/uploads\/2012\/10\/villatulumkite7-1024x682.jpg 1024w, https:\/\/kitesurfvacation.com\/wp-content\/uploads\/2012\/10\/villatulumkite7.jpg 1100w\" sizes=\"auto, (max-width: 300px) 100vw, 300px\" \/><\/a>\n\t\t\t<\/dt><\/dl><dl class='gallery-item'>\n\t\t\t<dt class='gallery-icon landscape'>\n\t\t\t\t<a rel='wp-prettyPhoto[gallery]' href='https:\/\/kitesurfvacation.com\/wp-content\/uploads\/2012\/10\/villatulumkite8.jpg'><img loading=\"lazy\" decoding=\"async\" width=\"300\" height=\"200\" src=\"https:\/\/kitesurfvacation.com\/wp-content\/uploads\/2012\/10\/villatulumkite8-300x200.jpg\" class=\"attachment-medium size-medium\" alt=\"\" srcset=\"https:\/\/kitesurfvacation.com\/wp-content\/uploads\/2012\/10\/villatulumkite8-300x200.jpg 300w, https:\/\/kitesurfvacation.com\/wp-content\/uploads\/2012\/10\/villatulumkite8-768x512.jpg 768w, https:\/\/kitesurfvacation.com\/wp-content\/uploads\/2012\/10\/villatulumkite8-1024x682.jpg 1024w, https:\/\/kitesurfvacation.com\/wp-content\/uploads\/2012\/10\/villatulumkite8.jpg 1100w\" sizes=\"auto, (max-width: 300px) 100vw, 300px\" \/><\/a>\n\t\t\t<\/dt><\/dl><dl class='gallery-item'>\n\t\t\t<dt class='gallery-icon landscape'>\n\t\t\t\t<a rel='wp-prettyPhoto[gallery]' href='https:\/\/kitesurfvacation.com\/wp-content\/uploads\/2012\/10\/villatulumkite9.jpg'><img loading=\"lazy\" decoding=\"async\" width=\"300\" height=\"200\" src=\"https:\/\/kitesurfvacation.com\/wp-content\/uploads\/2012\/10\/villatulumkite9-300x200.jpg\" class=\"attachment-medium size-medium\" alt=\"\" srcset=\"https:\/\/kitesurfvacation.com\/wp-content\/uploads\/2012\/10\/villatulumkite9-300x200.jpg 300w, https:\/\/kitesurfvacation.com\/wp-content\/uploads\/2012\/10\/villatulumkite9-768x512.jpg 768w, https:\/\/kitesurfvacation.com\/wp-content\/uploads\/2012\/10\/villatulumkite9-1024x682.jpg 1024w, https:\/\/kitesurfvacation.com\/wp-content\/uploads\/2012\/10\/villatulumkite9.jpg 1100w\" sizes=\"auto, (max-width: 300px) 100vw, 300px\" \/><\/a>\n\t\t\t<\/dt><\/dl><br style=\"clear: both\" \/><dl class='gallery-item'>\n\t\t\t<dt class='gallery-icon landscape'>\n\t\t\t\t<a rel='wp-prettyPhoto[gallery]' href='https:\/\/kitesurfvacation.com\/wp-content\/uploads\/2012\/10\/villatulumkite10.jpg'><img loading=\"lazy\" decoding=\"async\" width=\"300\" height=\"200\" src=\"https:\/\/kitesurfvacation.com\/wp-content\/uploads\/2012\/10\/villatulumkite10-300x200.jpg\" class=\"attachment-medium size-medium\" alt=\"\" srcset=\"https:\/\/kitesurfvacation.com\/wp-content\/uploads\/2012\/10\/villatulumkite10-300x200.jpg 300w, https:\/\/kitesurfvacation.com\/wp-content\/uploads\/2012\/10\/villatulumkite10-768x512.jpg 768w, https:\/\/kitesurfvacation.com\/wp-content\/uploads\/2012\/10\/villatulumkite10-1024x682.jpg 1024w, https:\/\/kitesurfvacation.com\/wp-content\/uploads\/2012\/10\/villatulumkite10.jpg 1100w\" sizes=\"auto, (max-width: 300px) 100vw, 300px\" \/><\/a>\n\t\t\t<\/dt><\/dl><dl class='gallery-item'>\n\t\t\t<dt class='gallery-icon landscape'>\n\t\t\t\t<a rel='wp-prettyPhoto[gallery]' href='https:\/\/kitesurfvacation.com\/wp-content\/uploads\/2012\/10\/villatulumkite11.jpg'><img loading=\"lazy\" decoding=\"async\" width=\"300\" height=\"200\" src=\"https:\/\/kitesurfvacation.com\/wp-content\/uploads\/2012\/10\/villatulumkite11-300x200.jpg\" class=\"attachment-medium size-medium\" alt=\"\" srcset=\"https:\/\/kitesurfvacation.com\/wp-content\/uploads\/2012\/10\/villatulumkite11-300x200.jpg 300w, https:\/\/kitesurfvacation.com\/wp-content\/uploads\/2012\/10\/villatulumkite11-768x512.jpg 768w, https:\/\/kitesurfvacation.com\/wp-content\/uploads\/2012\/10\/villatulumkite11-1024x682.jpg 1024w, https:\/\/kitesurfvacation.com\/wp-content\/uploads\/2012\/10\/villatulumkite11.jpg 1100w\" sizes=\"auto, (max-width: 300px) 100vw, 300px\" \/><\/a>\n\t\t\t<\/dt><\/dl><dl class='gallery-item'>\n\t\t\t<dt class='gallery-icon portrait'>\n\t\t\t\t<a rel='wp-prettyPhoto[gallery]' href='https:\/\/kitesurfvacation.com\/wp-content\/uploads\/2012\/10\/villatulumkite12.jpg'><img loading=\"lazy\" decoding=\"async\" width=\"200\" height=\"300\" src=\"https:\/\/kitesurfvacation.com\/wp-content\/uploads\/2012\/10\/villatulumkite12-200x300.jpg\" class=\"attachment-medium size-medium\" alt=\"\" srcset=\"https:\/\/kitesurfvacation.com\/wp-content\/uploads\/2012\/10\/villatulumkite12-200x300.jpg 200w, https:\/\/kitesurfvacation.com\/wp-content\/uploads\/2012\/10\/villatulumkite12.jpg 533w\" sizes=\"auto, (max-width: 200px) 100vw, 200px\" \/><\/a>\n\t\t\t<\/dt><\/dl><br style=\"clear: both\" \/><dl class='gallery-item'>\n\t\t\t<dt class='gallery-icon landscape'>\n\t\t\t\t<a rel='wp-prettyPhoto[gallery]' href='https:\/\/kitesurfvacation.com\/wp-content\/uploads\/2012\/10\/villatulumkite13.jpg'><img loading=\"lazy\" decoding=\"async\" width=\"300\" height=\"200\" src=\"https:\/\/kitesurfvacation.com\/wp-content\/uploads\/2012\/10\/villatulumkite13-300x200.jpg\" class=\"attachment-medium size-medium\" alt=\"\" srcset=\"https:\/\/kitesurfvacation.com\/wp-content\/uploads\/2012\/10\/villatulumkite13-300x200.jpg 300w, https:\/\/kitesurfvacation.com\/wp-content\/uploads\/2012\/10\/villatulumkite13-768x512.jpg 768w, https:\/\/kitesurfvacation.com\/wp-content\/uploads\/2012\/10\/villatulumkite13-1024x682.jpg 1024w, https:\/\/kitesurfvacation.com\/wp-content\/uploads\/2012\/10\/villatulumkite13.jpg 1100w\" sizes=\"auto, (max-width: 300px) 100vw, 300px\" \/><\/a>\n\t\t\t<\/dt><\/dl><dl class='gallery-item'>\n\t\t\t<dt class='gallery-icon portrait'>\n\t\t\t\t<a rel='wp-prettyPhoto[gallery]' href='https:\/\/kitesurfvacation.com\/wp-content\/uploads\/2012\/10\/villatulumkite14.jpg'><img loading=\"lazy\" decoding=\"async\" width=\"200\" height=\"300\" src=\"https:\/\/kitesurfvacation.com\/wp-content\/uploads\/2012\/10\/villatulumkite14-200x300.jpg\" class=\"attachment-medium size-medium\" alt=\"\" srcset=\"https:\/\/kitesurfvacation.com\/wp-content\/uploads\/2012\/10\/villatulumkite14-200x300.jpg 200w, https:\/\/kitesurfvacation.com\/wp-content\/uploads\/2012\/10\/villatulumkite14.jpg 533w\" sizes=\"auto, (max-width: 200px) 100vw, 200px\" \/><\/a>\n\t\t\t<\/dt><\/dl><dl class='gallery-item'>\n\t\t\t<dt class='gallery-icon landscape'>\n\t\t\t\t<a rel='wp-prettyPhoto[gallery]' href='https:\/\/kitesurfvacation.com\/wp-content\/uploads\/2012\/10\/villatulumkite15.jpg'><img loading=\"lazy\" decoding=\"async\" width=\"300\" height=\"200\" src=\"https:\/\/kitesurfvacation.com\/wp-content\/uploads\/2012\/10\/villatulumkite15-300x200.jpg\" class=\"attachment-medium size-medium\" alt=\"\" srcset=\"https:\/\/kitesurfvacation.com\/wp-content\/uploads\/2012\/10\/villatulumkite15-300x200.jpg 300w, https:\/\/kitesurfvacation.com\/wp-content\/uploads\/2012\/10\/villatulumkite15-768x512.jpg 768w, https:\/\/kitesurfvacation.com\/wp-content\/uploads\/2012\/10\/villatulumkite15-1024x682.jpg 1024w, https:\/\/kitesurfvacation.com\/wp-content\/uploads\/2012\/10\/villatulumkite15.jpg 1100w\" sizes=\"auto, (max-width: 300px) 100vw, 300px\" \/><\/a>\n\t\t\t<\/dt><\/dl><br style=\"clear: both\" \/><dl class='gallery-item'>\n\t\t\t<dt class='gallery-icon landscape'>\n\t\t\t\t<a rel='wp-prettyPhoto[gallery]' href='https:\/\/kitesurfvacation.com\/wp-content\/uploads\/2012\/10\/villatulumkite16.jpg'><img loading=\"lazy\" decoding=\"async\" width=\"300\" height=\"200\" src=\"https:\/\/kitesurfvacation.com\/wp-content\/uploads\/2012\/10\/villatulumkite16-300x200.jpg\" class=\"attachment-medium size-medium\" alt=\"\" srcset=\"https:\/\/kitesurfvacation.com\/wp-content\/uploads\/2012\/10\/villatulumkite16-300x200.jpg 300w, https:\/\/kitesurfvacation.com\/wp-content\/uploads\/2012\/10\/villatulumkite16-768x512.jpg 768w, https:\/\/kitesurfvacation.com\/wp-content\/uploads\/2012\/10\/villatulumkite16-1024x682.jpg 1024w, https:\/\/kitesurfvacation.com\/wp-content\/uploads\/2012\/10\/villatulumkite16.jpg 1100w\" sizes=\"auto, (max-width: 300px) 100vw, 300px\" \/><\/a>\n\t\t\t<\/dt><\/dl><dl class='gallery-item'>\n\t\t\t<dt class='gallery-icon landscape'>\n\t\t\t\t<a rel='wp-prettyPhoto[gallery]' href='https:\/\/kitesurfvacation.com\/wp-content\/uploads\/2012\/10\/villatulumkite17.jpg'><img loading=\"lazy\" decoding=\"async\" width=\"300\" height=\"200\" src=\"https:\/\/kitesurfvacation.com\/wp-content\/uploads\/2012\/10\/villatulumkite17-300x200.jpg\" class=\"attachment-medium size-medium\" alt=\"\" srcset=\"https:\/\/kitesurfvacation.com\/wp-content\/uploads\/2012\/10\/villatulumkite17-300x200.jpg 300w, https:\/\/kitesurfvacation.com\/wp-content\/uploads\/2012\/10\/villatulumkite17-768x512.jpg 768w, https:\/\/kitesurfvacation.com\/wp-content\/uploads\/2012\/10\/villatulumkite17-1024x682.jpg 1024w, https:\/\/kitesurfvacation.com\/wp-content\/uploads\/2012\/10\/villatulumkite17.jpg 1100w\" sizes=\"auto, (max-width: 300px) 100vw, 300px\" \/><\/a>\n\t\t\t<\/dt><\/dl><dl class='gallery-item'>\n\t\t\t<dt class='gallery-icon landscape'>\n\t\t\t\t<a rel='wp-prettyPhoto[gallery]' href='https:\/\/kitesurfvacation.com\/wp-content\/uploads\/2012\/10\/villatulumkite19.jpg'><img loading=\"lazy\" decoding=\"async\" width=\"300\" height=\"200\" src=\"https:\/\/kitesurfvacation.com\/wp-content\/uploads\/2012\/10\/villatulumkite19-300x200.jpg\" class=\"attachment-medium size-medium\" alt=\"\" srcset=\"https:\/\/kitesurfvacation.com\/wp-content\/uploads\/2012\/10\/villatulumkite19-300x200.jpg 300w, https:\/\/kitesurfvacation.com\/wp-content\/uploads\/2012\/10\/villatulumkite19-768x512.jpg 768w, https:\/\/kitesurfvacation.com\/wp-content\/uploads\/2012\/10\/villatulumkite19-1024x682.jpg 1024w, https:\/\/kitesurfvacation.com\/wp-content\/uploads\/2012\/10\/villatulumkite19.jpg 1100w\" sizes=\"auto, (max-width: 300px) 100vw, 300px\" \/><\/a>\n\t\t\t<\/dt><\/dl><br style=\"clear: both\" \/><dl class='gallery-item'>\n\t\t\t<dt class='gallery-icon landscape'>\n\t\t\t\t<a rel='wp-prettyPhoto[gallery]' href='https:\/\/kitesurfvacation.com\/wp-content\/uploads\/2012\/10\/villatulumkite112.jpg'><img loading=\"lazy\" decoding=\"async\" width=\"300\" height=\"200\" src=\"https:\/\/kitesurfvacation.com\/wp-content\/uploads\/2012\/10\/villatulumkite112-300x200.jpg\" class=\"attachment-medium size-medium\" alt=\"\" srcset=\"https:\/\/kitesurfvacation.com\/wp-content\/uploads\/2012\/10\/villatulumkite112-300x200.jpg 300w, https:\/\/kitesurfvacation.com\/wp-content\/uploads\/2012\/10\/villatulumkite112-768x512.jpg 768w, https:\/\/kitesurfvacation.com\/wp-content\/uploads\/2012\/10\/villatulumkite112-1024x682.jpg 1024w, https:\/\/kitesurfvacation.com\/wp-content\/uploads\/2012\/10\/villatulumkite112.jpg 1100w\" sizes=\"auto, (max-width: 300px) 100vw, 300px\" \/><\/a>\n\t\t\t<\/dt><\/dl>\n\t\t\t<br style='clear: both' \/>\n\t\t<\/div>\n\n<\/td>\n<td><\/td>\n<\/tr>\n<tr>\n<td>\n                <a class=\"medium custom-button align-btn-left\" href=\"http:\/\/kitesurfvacation.com\/?page_id=641#prop\" title=\"m\u00e1s info\"><span style=\"background-color:#FF5C00; color:#FFFFFF\"> :: m\u00e1s propiedades en Tulum :: <\/span><\/a>\n\t     <\/td>\n<\/tr>\n<\/tbody>\n<\/table>\n<\/table>\n\n<!-- Facebook Like Button v1.9.6 BEGIN [http:\/\/blog.bottomlessinc.com] -->\n<iframe src=\"http:\/\/www.facebook.com\/plugins\/like.php?href=https%3A%2F%2Fkitesurfvacation.com%2F%3Fpage_id%3D4883&amp;layout=standard&amp;show_faces=false&amp;width=450&amp;action=like&amp;colorscheme=light\" scrolling=\"no\" frameborder=\"0\" allowTransparency=\"true\" style=\"border:none; overflow:hidden; width:450px; height: 30px; align: left; margin: 2px 0px 2px 0px\"><\/iframe>\n<!-- Facebook Like Button END -->\n","protected":false},"excerpt":{"rendered":"<p>&nbsp;&nbsp;&nbsp;<\/p>\n","protected":false},"author":1,"featured_media":0,"parent":0,"menu_order":0,"comment_status":"closed","ping_status":"closed","template":"page-FullWidth.php","meta":{"footnotes":""},"class_list":["post-4883","page","type-page","status-publish","hentry"],"_links":{"self":[{"href":"https:\/\/kitesurfvacation.com\/index.php?rest_route=\/wp\/v2\/pages\/4883","targetHints":{"allow":["GET"]}}],"collection":[{"href":"https:\/\/kitesurfvacation.com\/index.php?rest_route=\/wp\/v2\/pages"}],"about":[{"href":"https:\/\/kitesurfvacation.com\/index.php?rest_route=\/wp\/v2\/types\/page"}],"author":[{"embeddable":true,"href":"https:\/\/kitesurfvacation.com\/index.php?rest_route=\/wp\/v2\/users\/1"}],"replies":[{"embeddable":true,"href":"https:\/\/kitesurfvacation.com\/index.php?rest_route=%2Fwp%2Fv2%2Fcomments&post=4883"}],"version-history":[{"count":18,"href":"https:\/\/kitesurfvacation.com\/index.php?rest_route=\/wp\/v2\/pages\/4883\/revisions"}],"predecessor-version":[{"id":11810,"href":"https:\/\/kitesurfvacation.com\/index.php?rest_route=\/wp\/v2\/pages\/4883\/revisions\/11810"}],"wp:attachment":[{"href":"https:\/\/kitesurfvacation.com\/index.php?rest_route=%2Fwp%2Fv2%2Fmedia&parent=4883"}],"curies":[{"name":"wp","href":"https:\/\/api.w.org\/{rel}","templated":true}]}}