{"id":396,"date":"2011-12-20T06:20:35","date_gmt":"2011-12-20T06:20:35","guid":{"rendered":"http:\/\/kitesurfvacation.com\/?page_id=396"},"modified":"2011-12-20T06:24:53","modified_gmt":"2011-12-20T06:24:53","slug":"golfo-de-mexico","status":"publish","type":"page","link":"https:\/\/kitesurfvacation.com\/?page_id=396","title":{"rendered":"Golfo de M\u00e9xico."},"content":{"rendered":"<div id=\"tweetbutton396\" class=\"tw_button\" style=\"\"><a href=\"http:\/\/twitter.com\/share?url=https%3A%2F%2Fkitesurfvacation.com%2F%3Fpage_id%3D396&amp;text=Golfo%20de%20M%C3%A9xico.&amp;related=&amp;lang=en&amp;count=horizontal&amp;counturl=https%3A%2F%2Fkitesurfvacation.com%2F%3Fpage_id%3D396\" class=\"twitter-share-button\"  style=\"width:55px;height:22px;background:transparent url('https:\/\/kitesurfvacation.com\/wp-content\/plugins\/wp-tweet-button\/tweetn.png') no-repeat  0 0;text-align:left;text-indent:-9999px;display:block;\">Tweet<\/a><\/div>\n<!-- Facebook Like Button v1.9.6 BEGIN [http:\/\/blog.bottomlessinc.com] -->\n<iframe src=\"http:\/\/www.facebook.com\/plugins\/like.php?href=https%3A%2F%2Fkitesurfvacation.com%2F%3Fpage_id%3D396&amp;layout=standard&amp;show_faces=false&amp;width=450&amp;action=like&amp;colorscheme=light\" scrolling=\"no\" frameborder=\"0\" allowTransparency=\"true\" style=\"border:none; overflow:hidden; width:450px; height: 30px; align: left; margin: 2px 0px 2px 0px\"><\/iframe>\n<!-- Facebook Like Button END -->\n<h1>Kitesurf en el Golfo de Mexico<\/h1>\n<p style=\"text-align:justify\">Los mejores lugares para practicar kitesurf en esta \u00e1rea, se encuentran en el estado de Veracruz. Grandes playas en esta curva, la costa tropical, as\u00ed como muchos pozos de petr\u00f3leo. El estado de Veracruz ocupa una gran parte de la costa y est\u00e1 repleta de pueblos a\u00fan v\u00edrgenes y sitios arqueol\u00f3gicos, ya que es una de las zonas menos transitadas del pa\u00eds.<\/p>\n<p style=\"text-align:justify\">\nLas mejores playas del estado de Veracruz se encuentran en Costa Esmeralda, a 50km al norte del Puerto de Veracruz (5 horas manejando desde la ciudad de M\u00e9xico). La arena suele ser gris marr\u00f3n, aguas c\u00e1lidas y grandes extensiones sin gente, hacen que sea un de los mejores lugares del pa\u00eds para estar en aislamiento. Cerca de ah\u00ed, se encuentra \u2018 ElTajin\u2019, patrimonio de la humanidad nombrado por la UNESCO, es un centro ceremonial de los Totonacas. Aqu\u00ed en la Costa Esmeralda, podr\u00e1 pasar algunos d\u00edas en paz y disfrutar de las delicias locales en un ambiente informal. Si usted decide visitar la regi\u00f3n al norte del puerto de Veracruz, se encontrar\u00e1 con un espect\u00e1culo sorprendente: una serie de dunas que forman deslumbrantes columnas de oro a lo largo de la playa.<br \/>\nLos \u00abNortes\u00bb son famosos vientos que van desde octubre a marzo, con velocidades de 20-40 nudos.<\/p>\n\n<!-- Facebook Like Button v1.9.6 BEGIN [http:\/\/blog.bottomlessinc.com] -->\n<iframe src=\"http:\/\/www.facebook.com\/plugins\/like.php?href=https%3A%2F%2Fkitesurfvacation.com%2F%3Fpage_id%3D396&amp;layout=standard&amp;show_faces=false&amp;width=450&amp;action=like&amp;colorscheme=light\" scrolling=\"no\" frameborder=\"0\" allowTransparency=\"true\" style=\"border:none; overflow:hidden; width:450px; height: 30px; align: left; margin: 2px 0px 2px 0px\"><\/iframe>\n<!-- Facebook Like Button END -->\n","protected":false},"excerpt":{"rendered":"<p>Kitesurf en el Golfo de Mexico Los mejores lugares para practicar kitesurf en esta \u00e1rea, se encuentran en el estado de Veracruz. Grandes playas en esta curva, la costa tropical, as\u00ed como muchos pozos de petr\u00f3leo. El estado de Veracruz ocupa una gran parte de la costa [&hellip;]<\/p>\n","protected":false},"author":1,"featured_media":0,"parent":0,"menu_order":0,"comment_status":"open","ping_status":"open","template":"page-FullWidth.php","meta":{"footnotes":""},"class_list":["post-396","page","type-page","status-publish","hentry"],"_links":{"self":[{"href":"https:\/\/kitesurfvacation.com\/index.php?rest_route=\/wp\/v2\/pages\/396","targetHints":{"allow":["GET"]}}],"collection":[{"href":"https:\/\/kitesurfvacation.com\/index.php?rest_route=\/wp\/v2\/pages"}],"about":[{"href":"https:\/\/kitesurfvacation.com\/index.php?rest_route=\/wp\/v2\/types\/page"}],"author":[{"embeddable":true,"href":"https:\/\/kitesurfvacation.com\/index.php?rest_route=\/wp\/v2\/users\/1"}],"replies":[{"embeddable":true,"href":"https:\/\/kitesurfvacation.com\/index.php?rest_route=%2Fwp%2Fv2%2Fcomments&post=396"}],"version-history":[{"count":7,"href":"https:\/\/kitesurfvacation.com\/index.php?rest_route=\/wp\/v2\/pages\/396\/revisions"}],"predecessor-version":[{"id":405,"href":"https:\/\/kitesurfvacation.com\/index.php?rest_route=\/wp\/v2\/pages\/396\/revisions\/405"}],"wp:attachment":[{"href":"https:\/\/kitesurfvacation.com\/index.php?rest_route=%2Fwp%2Fv2%2Fmedia&parent=396"}],"curies":[{"name":"wp","href":"https:\/\/api.w.org\/{rel}","templated":true}]}}