{"id":2751,"date":"2012-05-16T22:33:59","date_gmt":"2012-05-16T22:33:59","guid":{"rendered":"http:\/\/kitesurfvacation.com\/?page_id=2751"},"modified":"2012-05-25T16:48:15","modified_gmt":"2012-05-25T16:48:15","slug":"ek-balam-flamingos-rosas-rio-lagartos","status":"publish","type":"page","link":"https:\/\/kitesurfvacation.com\/?page_id=2751","title":{"rendered":"Ek Balam &#8211; Flamingos Rosas &#8211; Rio Lagartos."},"content":{"rendered":"<div id=\"tweetbutton2751\" class=\"tw_button\" style=\"\"><a href=\"http:\/\/twitter.com\/share?url=https%3A%2F%2Fkitesurfvacation.com%2F%3Fpage_id%3D2751&amp;text=Ek%20Balam%20%26%238211%3B%20Flamingos%20Rosas%20%26%238211%3B%20Rio%20Lagartos.&amp;related=&amp;lang=en&amp;count=horizontal&amp;counturl=https%3A%2F%2Fkitesurfvacation.com%2F%3Fpage_id%3D2751\" class=\"twitter-share-button\"  style=\"width:55px;height:22px;background:transparent url('https:\/\/kitesurfvacation.com\/wp-content\/plugins\/wp-tweet-button\/tweetn.png') no-repeat  0 0;text-align:left;text-indent:-9999px;display:block;\">Tweet<\/a><\/div>\n<!-- Facebook Like Button v1.9.6 BEGIN [http:\/\/blog.bottomlessinc.com] -->\n<iframe src=\"http:\/\/www.facebook.com\/plugins\/like.php?href=https%3A%2F%2Fkitesurfvacation.com%2F%3Fpage_id%3D2751&amp;layout=standard&amp;show_faces=false&amp;width=450&amp;action=like&amp;colorscheme=light\" scrolling=\"no\" frameborder=\"0\" allowTransparency=\"true\" style=\"border:none; overflow:hidden; width:450px; height: 30px; align: left; margin: 2px 0px 2px 0px\"><\/iframe>\n<!-- Facebook Like Button END -->\n<table>\n<tbody>\n<tr>\n<td><img decoding=\"async\" src=\"_images\/ekbalam500.jpg\" alt=\"\" \/><\/td>\n<td> <\/td>\n<td><img decoding=\"async\" src=\"_images\/ekbalam200.jpg\" alt=\"\" \/><\/td>\n<\/tr>\n<tr>\n<td style=\"vertical-align: top; text-align: justify;\" colspan=\"3\" width=\"845\"><!-- CONTENIDO DE INFO --><\/p>\n<p style=\"text-align: justify;\">\n<p><strong>EK BALAM RUINAS MAYAS<\/strong><\/p>\n<p>Exploraremos el m\u00edstico sitio arqueol\u00f3gico de los mayas denominado Ek Balam. Subiremos a la pir\u00e1mide m\u00e1s alta de Yucat\u00e1n.<br \/>\nEsta pir\u00e1mide representa la entrada al inframundo (Xibal-Ba).<\/p>\n<p><strong>RIO LAGARTOS, RESERVA NACIONAL DE \u201cFLAMINGOS ROSAS\u201d<\/strong><\/p>\n<p>Una expedici\u00f3n en lancha o bote dentro de los manglares, observaremos las famosas colonias de flamingos rosas y encontraremos una gran variedad de p\u00e1jaros. Con un poco de suerte podremos ver cocodrilos.<\/p>\n<p><strong>BA\u00d1O MAYA<\/strong><\/p>\n<p>Tomaremos un terap\u00e9utico ba\u00f1o maya. Flotar en un r\u00edo salado, enriquece nuestra piel con muchos minerales que purifican nuestro cuerpo, en esta hermosa y aislada playa.<\/p>\n<p><strong>Recomendaciones:<\/strong>  Traer tu traje de ba\u00f1o, toalla, cambio de ropa, tenis, protector biodegradable, repelente para insectos, c\u00e1mara, binoculares, agua y lentes de sol.<br \/>\n<strong>Incluye:<\/strong>  Transporte en una van con aire acondicionado, comida (pollo o mariscos), entradas, gu\u00eda l\u00edder en espa\u00f1ol e ingl\u00e9s.<\/p>\n<p><strong>HORARIO:<\/strong><br \/>\nSalida: 7:00 am<br \/>\nRegreso: 8:00 PM PLAYA DEL CARMEN<\/p>\n<\/td>\n<td> <\/td>\n<\/tr>\n<tr>\n<td colspan=\"3\"><div class=\"clear\"><\/div><div class=\"tabs-wrapper\"><ul class=\"tabs\"><li><a href=\"javascript:void(0)\" class=\"defaulttab\" rel=\"tab1850\"><span>1<\/span><\/a><\/li><li><a href=\"javascript:void(0)\" rel=\"tab1606\"><span>2<\/span><\/a><\/li><li><a href=\"javascript:void(0)\" rel=\"tab1527\"><span>3<\/span><\/a><\/li><li><a href=\"javascript:void(0)\" rel=\"tab1630\"><span>4<\/span><\/a><\/li><li><a href=\"javascript:void(0)\" rel=\"tab1016\"><span>5<\/span><\/a><\/li><\/ul><div class=\"tab-content\" id=\"tab1850\"><div class=\"tabs-inner-padding\"><img decoding=\"async\" src=\"_images\/ekbalam1.jpg\"  \/><\/div><\/div><div class=\"tab-content\" id=\"tab1606\"><div class=\"tabs-inner-padding\"><img decoding=\"async\" src=\"_images\/ekbalam2.jpg\" \/><\/div><\/div><div class=\"tab-content\" id=\"tab1527\"><div class=\"tabs-inner-padding\"><img decoding=\"async\" src=\"_images\/ekbalam3.jpg\" \/><\/div><\/div><div class=\"tab-content\" id=\"tab1630\"><div class=\"tabs-inner-padding\"><img decoding=\"async\" src=\"_images\/ekbalam4.jpg\" \/><\/div><\/div><div class=\"tab-content\" id=\"tab1016\"><div class=\"tabs-inner-padding\"><img decoding=\"async\" src=\"_images\/ekbalam5.jpg\"  \/><\/div><\/div><\/div><!-- tabs-wrapper end --><div class=\"clear\"><\/div><\/td>\n<\/tr>\n<tr>\n<td>\n                <a class=\"medium custom-button align-btn-left\" href=\"http:\/\/kitesurfvacation.com\/?page_id=2810#prop\" title=\"more properties in Bucerias\"><span style=\"background-color:#FF5C00; color:#FFFFFF\"> :: m\u00e1s tours y actividades:: <\/span><\/a>\n\t     <\/td>\n<\/tr>\n<\/tbody>\n<\/table>\n\n<!-- Facebook Like Button v1.9.6 BEGIN [http:\/\/blog.bottomlessinc.com] -->\n<iframe src=\"http:\/\/www.facebook.com\/plugins\/like.php?href=https%3A%2F%2Fkitesurfvacation.com%2F%3Fpage_id%3D2751&amp;layout=standard&amp;show_faces=false&amp;width=450&amp;action=like&amp;colorscheme=light\" scrolling=\"no\" frameborder=\"0\" allowTransparency=\"true\" style=\"border:none; overflow:hidden; width:450px; height: 30px; align: left; margin: 2px 0px 2px 0px\"><\/iframe>\n<!-- Facebook Like Button END -->\n","protected":false},"excerpt":{"rendered":"<p>EK BALAM RUINAS MAYAS Exploraremos el m\u00edstico sitio arqueol\u00f3gico de los mayas denominado Ek Balam. Subiremos a la pir\u00e1mide m\u00e1s alta de Yucat\u00e1n. Esta pir\u00e1mide representa la entrada al inframundo (Xibal-Ba). RIO LAGARTOS, RESERVA NACIONAL DE \u201cFLAMINGOS ROSAS\u201d Una expedici\u00f3n en lancha o bote dentro de los [&hellip;]<\/p>\n","protected":false},"author":1,"featured_media":0,"parent":0,"menu_order":0,"comment_status":"closed","ping_status":"open","template":"page-FullWidth.php","meta":{"footnotes":""},"class_list":["post-2751","page","type-page","status-publish","hentry"],"_links":{"self":[{"href":"https:\/\/kitesurfvacation.com\/index.php?rest_route=\/wp\/v2\/pages\/2751","targetHints":{"allow":["GET"]}}],"collection":[{"href":"https:\/\/kitesurfvacation.com\/index.php?rest_route=\/wp\/v2\/pages"}],"about":[{"href":"https:\/\/kitesurfvacation.com\/index.php?rest_route=\/wp\/v2\/types\/page"}],"author":[{"embeddable":true,"href":"https:\/\/kitesurfvacation.com\/index.php?rest_route=\/wp\/v2\/users\/1"}],"replies":[{"embeddable":true,"href":"https:\/\/kitesurfvacation.com\/index.php?rest_route=%2Fwp%2Fv2%2Fcomments&post=2751"}],"version-history":[{"count":6,"href":"https:\/\/kitesurfvacation.com\/index.php?rest_route=\/wp\/v2\/pages\/2751\/revisions"}],"predecessor-version":[{"id":2755,"href":"https:\/\/kitesurfvacation.com\/index.php?rest_route=\/wp\/v2\/pages\/2751\/revisions\/2755"}],"wp:attachment":[{"href":"https:\/\/kitesurfvacation.com\/index.php?rest_route=%2Fwp%2Fv2%2Fmedia&parent=2751"}],"curies":[{"name":"wp","href":"https:\/\/api.w.org\/{rel}","templated":true}]}}