{"id":2544,"date":"2012-04-14T04:10:47","date_gmt":"2012-04-14T04:10:47","guid":{"rendered":"http:\/\/kitesurfvacation.com\/?page_id=2544"},"modified":"2021-09-07T21:12:51","modified_gmt":"2021-09-08T02:12:51","slug":"equipo-de-kite-y-accesorios","status":"publish","type":"page","link":"https:\/\/kitesurfvacation.com\/?page_id=2544","title":{"rendered":"Equipo de kiteboard y accesorios, Tienda de Kite online Mexico"},"content":{"rendered":"<div id=\"tweetbutton2544\" class=\"tw_button\" style=\"\"><a href=\"http:\/\/twitter.com\/share?url=https%3A%2F%2Fkitesurfvacation.com%2F%3Fpage_id%3D2544&amp;text=Equipo%20de%20kiteboard%20y%20accesorios%2C%20Tienda%20de%20Kite%20online%20Mexico&amp;related=&amp;lang=en&amp;count=horizontal&amp;counturl=https%3A%2F%2Fkitesurfvacation.com%2F%3Fpage_id%3D2544\" class=\"twitter-share-button\"  style=\"width:55px;height:22px;background:transparent url('https:\/\/kitesurfvacation.com\/wp-content\/plugins\/wp-tweet-button\/tweetn.png') no-repeat  0 0;text-align:left;text-indent:-9999px;display:block;\">Tweet<\/a><\/div>\n<!-- Facebook Like Button v1.9.6 BEGIN [http:\/\/blog.bottomlessinc.com] -->\n<iframe src=\"http:\/\/www.facebook.com\/plugins\/like.php?href=https%3A%2F%2Fkitesurfvacation.com%2F%3Fpage_id%3D2544&amp;layout=standard&amp;show_faces=false&amp;width=450&amp;action=like&amp;colorscheme=light\" scrolling=\"no\" frameborder=\"0\" allowTransparency=\"true\" style=\"border:none; overflow:hidden; width:450px; height: 30px; align: left; margin: 2px 0px 2px 0px\"><\/iframe>\n<!-- Facebook Like Button END -->\n<p><a href=\"http:\/\/kitesurfvacation.com\/wp-content\/uploads\/2020\/08\/kitesurfvacationkiteshop.jpg\" rel=\"wp-prettyPhoto[2544]\"><img loading=\"lazy\" decoding=\"async\" class=\"align left size-full wp-image-7049\" src=\"http:\/\/kitesurfvacation.com\/wp-content\/uploads\/2020\/08\/kitesurfvacationkiteshop.jpg\" alt=\"kiteboardingshopequipment\" width=\"850\" height=\"300\" \/><\/a><\/p>\n<p>Kitesurf Vacation te apoya en encontrar el equipo de kite y accesorios que requieras. Desde <strong>tablas de kiteboarding, arneses, kites, leashes, barras, quillas, botas, lineas,\u00a0v\u00e1lvulas, bladders, kites nuevos y usados<\/strong>. Contacta a nuestra tienda de kite en linea si necesitas algo en especial para la practica del kitesurfing.Somos dealers oficiales en M\u00e9xico de equipo de kite de la marca NORTH KITEBOARDING y MYSTIC.<\/p>\n<p><img decoding=\"async\" id=\"prop\" src=\"_images\/equipousado.jpg\" alt=\"\" \/><\/p>\n<table border=\"1\">\n<tbody>\n<tr>\n<td style=\"vertical-align: top;\" width=\"210px\"><span class=\"custom-frame alignleft frame-shadow\"><img loading=\"lazy\" decoding=\"async\" class=\" size-medium wp-image-1819\" title=\"zeeko\" src=\"http:\/\/kitesurfvacation.com\/_images\/kiteequipmentsale.jpg\" alt=\"\" width=\"200\" height=\"150\" \/><\/span><\/td>\n<td>\n<h3>12 metros ZEEKO NOTUS<\/h3>\n<p style=\"text-align: justify;\">Kite marca ZEEKO, modelo NOTUS, 12 metros, usado una s\u00f3la temporada, tiene una reparaci\u00f3n peque\u00f1a (profesional) en la vela, buenas condiciones de la tela,con mochila, y barra. Es un kite muy vers\u00e1til para freeride o freestyle.<\/p>\n<p><strong>Precio: 899 Dlls y 749 Dlls sin barra<\/strong><\/p>\n<hr \/>\n<\/td>\n<\/tr>\n<p><!--FLEXIFOIL--><\/p>\n<tr>\n<td><\/td>\n<\/tr>\n<tr>\n<td style=\"vertical-align: top;\" width=\"210px\"><span class=\"custom-frame alignleft frame-shadow\"><img loading=\"lazy\" decoding=\"async\" class=\" size-medium wp-image-1819\" title=\"kite zeeko venta\" src=\"http:\/\/kitesurfvacation.com\/_images\/zeekokitelessons.jpg\" alt=\"\" width=\"200\" height=\"150\" \/><\/span><\/td>\n<td>\n<h3>Zeeko 9 m, modelo KRUSH<\/h3>\n<p style=\"text-align: justify;\">9 m, Kite ZEEKO, modelo KRUSH, Con Barra, l\u00edneas y mochila.<\/p>\n<p><strong>Precio: 749 usd y 599 usd sin barra<\/strong><\/p>\n<hr \/>\n<\/td>\n<\/tr>\n<p><!--tienda de kiteboarding en Mexico--><\/p>\n<tr>\n<\/td>\n<\/tr>\n<\/tbody>\n<\/table>\n<p><img decoding=\"async\" id=\"prop\" src=\"_images\/equiponuevo.jpg\" alt=\"\" \/><\/p>\n<table><!--EQUIPOS NUEVOS--><\/p>\n<tbody>\n<tr>\n<td style=\"vertical-align: top;\" width=\"210px\"><span class=\"custom-frame alignleft frame-shadow\"><img loading=\"lazy\" decoding=\"async\" class=\" size-medium wp-image-1819\" title=\"kiteboarding sales\" src=\"http:\/\/kitesurfvacation.com\/wp-content\/uploads\/2020\/08\/kitesurfnorthkites.jpg\" alt=\"\" width=\"200\" height=\"150\" \/><\/span><\/td>\n<td>\n<h3>North Kiteboarding y Mystic.<\/h3>\n<p style=\"text-align: justify;\">Somos dealers oficiales en M\u00e9xico de equipo y accesorios de kitesurf de la marca NORTH KITEBOARDING y MYSTIC KITEBOARDING.<\/p>\n<hr \/>\n<\/td>\n<\/tr>\n<\/tbody>\n<\/table>\n\n<!-- Facebook Like Button v1.9.6 BEGIN [http:\/\/blog.bottomlessinc.com] -->\n<iframe src=\"http:\/\/www.facebook.com\/plugins\/like.php?href=https%3A%2F%2Fkitesurfvacation.com%2F%3Fpage_id%3D2544&amp;layout=standard&amp;show_faces=false&amp;width=450&amp;action=like&amp;colorscheme=light\" scrolling=\"no\" frameborder=\"0\" allowTransparency=\"true\" style=\"border:none; overflow:hidden; width:450px; height: 30px; align: left; margin: 2px 0px 2px 0px\"><\/iframe>\n<!-- Facebook Like Button END -->\n","protected":false},"excerpt":{"rendered":"<p>Kitesurf Vacation te apoya en encontrar el equipo de kite y accesorios que requieras. Desde tablas de kiteboarding, arneses, kites, leashes, barras, quillas, botas, lineas,\u00a0v\u00e1lvulas, bladders, kites nuevos y usados. Contacta a nuestra tienda de kite en linea si necesitas algo en especial para la practica del [&hellip;]<\/p>\n","protected":false},"author":1,"featured_media":0,"parent":0,"menu_order":0,"comment_status":"closed","ping_status":"closed","template":"page-FullWidth.php","meta":{"footnotes":""},"class_list":["post-2544","page","type-page","status-publish","hentry"],"_links":{"self":[{"href":"https:\/\/kitesurfvacation.com\/index.php?rest_route=\/wp\/v2\/pages\/2544","targetHints":{"allow":["GET"]}}],"collection":[{"href":"https:\/\/kitesurfvacation.com\/index.php?rest_route=\/wp\/v2\/pages"}],"about":[{"href":"https:\/\/kitesurfvacation.com\/index.php?rest_route=\/wp\/v2\/types\/page"}],"author":[{"embeddable":true,"href":"https:\/\/kitesurfvacation.com\/index.php?rest_route=\/wp\/v2\/users\/1"}],"replies":[{"embeddable":true,"href":"https:\/\/kitesurfvacation.com\/index.php?rest_route=%2Fwp%2Fv2%2Fcomments&post=2544"}],"version-history":[{"count":31,"href":"https:\/\/kitesurfvacation.com\/index.php?rest_route=\/wp\/v2\/pages\/2544\/revisions"}],"predecessor-version":[{"id":8934,"href":"https:\/\/kitesurfvacation.com\/index.php?rest_route=\/wp\/v2\/pages\/2544\/revisions\/8934"}],"wp:attachment":[{"href":"https:\/\/kitesurfvacation.com\/index.php?rest_route=%2Fwp%2Fv2%2Fmedia&parent=2544"}],"curies":[{"name":"wp","href":"https:\/\/api.w.org\/{rel}","templated":true}]}}