{"id":1303,"date":"2012-01-26T16:18:03","date_gmt":"2012-01-26T16:18:03","guid":{"rendered":"http:\/\/kitesurfvacation.com\/?page_id=1303"},"modified":"2017-01-30T09:30:52","modified_gmt":"2017-01-30T15:30:52","slug":"be-tulum","status":"publish","type":"page","link":"https:\/\/kitesurfvacation.com\/?page_id=1303","title":{"rendered":"Caba\u00f1as r\u00fasticas en Tulum"},"content":{"rendered":"<div id=\"tweetbutton1303\" class=\"tw_button\" style=\"\"><a href=\"http:\/\/twitter.com\/share?url=https%3A%2F%2Fkitesurfvacation.com%2F%3Fpage_id%3D1303&amp;text=Caba%C3%B1as%20r%C3%BAsticas%20en%20Tulum&amp;related=&amp;lang=en&amp;count=horizontal&amp;counturl=https%3A%2F%2Fkitesurfvacation.com%2F%3Fpage_id%3D1303\" class=\"twitter-share-button\"  style=\"width:55px;height:22px;background:transparent url('https:\/\/kitesurfvacation.com\/wp-content\/plugins\/wp-tweet-button\/tweetn.png') no-repeat  0 0;text-align:left;text-indent:-9999px;display:block;\">Tweet<\/a><\/div>\n<!-- Facebook Like Button v1.9.6 BEGIN [http:\/\/blog.bottomlessinc.com] -->\n<iframe src=\"http:\/\/www.facebook.com\/plugins\/like.php?href=https%3A%2F%2Fkitesurfvacation.com%2F%3Fpage_id%3D1303&amp;layout=standard&amp;show_faces=false&amp;width=450&amp;action=like&amp;colorscheme=light\" scrolling=\"no\" frameborder=\"0\" allowTransparency=\"true\" style=\"border:none; overflow:hidden; width:450px; height: 30px; align: left; margin: 2px 0px 2px 0px\"><\/iframe>\n<!-- Facebook Like Button END -->\n<table>\n<tbody>\n<tr>\n<td><img decoding=\"async\" src=\"_images\/rusticcabanastulum640.jpg\" alt=\"\" \/><\/td>\n<td><\/td>\n<td><img decoding=\"async\" src=\"_images\/rusticcabanastulummap.jpg\" alt=\"\" \/><\/td>\n<\/tr>\n<tr>\n<td style=\"vertical-align: top; text-align: justify;\" colspan=\"3\" width=\"845\"><!-- CONTENIDO DE INFO --><\/p>\n<p style=\"text-align: justify;\">Las caba\u00f1as y hotel se distinguen por ser operados personalmente por una familia local y de ra\u00edces mayas, por tales razones el buen servicio y excelente trato est\u00e1n garantizados. Las caba\u00f1as son rusticas y muy agradables las cuales est\u00e1n construidas con material reciclado de la regi\u00f3n, ofreciendo un ambiente fresco todo el a\u00f1o y perfecto para descansar o practicar alg\u00fan deporte acu\u00e1tico.<\/p>\n<p style=\"text-align: justify;\">El hotel cuenta con estacionamiento privado y tienda de abarrotes. As\u00ed como renta de kayaks, bicicletas, paddleboards, equipo de kite, escuela de kiteboarding y tours privados.<\/p>\n<p style=\"text-align: justify;\">Todas las caba\u00f1as cuentan una cama king size pero bajo solicitud se puede poner una cama extra, incluyen ba\u00f1o privado, agua caliente, ventilador, internet Wifi, seguridad y energ\u00eda electrica las 24 horas.<\/p>\n<p style=\"text-align: justify;\">Las tarifas son para dos personas, sin embargo se pueden incluir m\u00e1s personas con cargo extra. <\/p>\n<p style=\"text-align: justify;\">Caba\u00f1as con vista al mar var\u00edan los precios entre cada caba\u00f1a y dependiendo la temporada. Caba\u00f1as con vista al jard\u00edn desde $75 usd (precio especial para kiteros)<\/p>\n<p style=\"text-align: justify;\">Cont\u00e1ctanos para reservar y checar disponibilidad.<\/p>\n\n\t\t<style type=\"text\/css\">\n\t\t\t#gallery-1 {\n\t\t\t\tmargin: auto;\n\t\t\t}\n\t\t\t#gallery-1 .gallery-item {\n\t\t\t\tfloat: left;\n\t\t\t\tmargin-top: 10px;\n\t\t\t\ttext-align: center;\n\t\t\t\twidth: 33%;\n\t\t\t}\n\t\t\t#gallery-1 img {\n\t\t\t\tborder: 2px solid #cfcfcf;\n\t\t\t}\n\t\t\t#gallery-1 .gallery-caption {\n\t\t\t\tmargin-left: 0;\n\t\t\t}\n\t\t\t\/* see gallery_shortcode() in wp-includes\/media.php *\/\n\t\t<\/style>\n\t\t<div id='gallery-1' class='gallery galleryid-1303 gallery-columns-3 gallery-size-medium'><dl class='gallery-item'>\n\t\t\t<dt class='gallery-icon landscape'>\n\t\t\t\t<a rel='wp-prettyPhoto[gallery]' href='https:\/\/kitesurfvacation.com\/wp-content\/uploads\/2012\/01\/1.jpg'><img loading=\"lazy\" decoding=\"async\" width=\"300\" height=\"203\" src=\"https:\/\/kitesurfvacation.com\/wp-content\/uploads\/2012\/01\/1-300x203.jpg\" class=\"attachment-medium size-medium\" alt=\"\" srcset=\"https:\/\/kitesurfvacation.com\/wp-content\/uploads\/2012\/01\/1-300x203.jpg 300w, https:\/\/kitesurfvacation.com\/wp-content\/uploads\/2012\/01\/1.jpg 785w\" sizes=\"auto, (max-width: 300px) 100vw, 300px\" \/><\/a>\n\t\t\t<\/dt><\/dl><dl class='gallery-item'>\n\t\t\t<dt class='gallery-icon landscape'>\n\t\t\t\t<a rel='wp-prettyPhoto[gallery]' href='https:\/\/kitesurfvacation.com\/wp-content\/uploads\/2012\/01\/21.jpg'><img loading=\"lazy\" decoding=\"async\" width=\"300\" height=\"200\" src=\"https:\/\/kitesurfvacation.com\/wp-content\/uploads\/2012\/01\/21-300x200.jpg\" class=\"attachment-medium size-medium\" alt=\"\" srcset=\"https:\/\/kitesurfvacation.com\/wp-content\/uploads\/2012\/01\/21-300x200.jpg 300w, https:\/\/kitesurfvacation.com\/wp-content\/uploads\/2012\/01\/21.jpg 810w\" sizes=\"auto, (max-width: 300px) 100vw, 300px\" \/><\/a>\n\t\t\t<\/dt><\/dl><dl class='gallery-item'>\n\t\t\t<dt class='gallery-icon landscape'>\n\t\t\t\t<a rel='wp-prettyPhoto[gallery]' href='https:\/\/kitesurfvacation.com\/wp-content\/uploads\/2012\/01\/201.jpg'><img loading=\"lazy\" decoding=\"async\" width=\"300\" height=\"203\" src=\"https:\/\/kitesurfvacation.com\/wp-content\/uploads\/2012\/01\/201-300x203.jpg\" class=\"attachment-medium size-medium\" alt=\"\" srcset=\"https:\/\/kitesurfvacation.com\/wp-content\/uploads\/2012\/01\/201-300x203.jpg 300w, https:\/\/kitesurfvacation.com\/wp-content\/uploads\/2012\/01\/201.jpg 663w\" sizes=\"auto, (max-width: 300px) 100vw, 300px\" \/><\/a>\n\t\t\t<\/dt><\/dl><br style=\"clear: both\" \/><dl class='gallery-item'>\n\t\t\t<dt class='gallery-icon landscape'>\n\t\t\t\t<a rel='wp-prettyPhoto[gallery]' href='https:\/\/kitesurfvacation.com\/wp-content\/uploads\/2012\/01\/3.jpg'><img loading=\"lazy\" decoding=\"async\" width=\"300\" height=\"200\" src=\"https:\/\/kitesurfvacation.com\/wp-content\/uploads\/2012\/01\/3-300x200.jpg\" class=\"attachment-medium size-medium\" alt=\"\" srcset=\"https:\/\/kitesurfvacation.com\/wp-content\/uploads\/2012\/01\/3-300x200.jpg 300w, https:\/\/kitesurfvacation.com\/wp-content\/uploads\/2012\/01\/3.jpg 810w\" sizes=\"auto, (max-width: 300px) 100vw, 300px\" \/><\/a>\n\t\t\t<\/dt><\/dl><dl class='gallery-item'>\n\t\t\t<dt class='gallery-icon landscape'>\n\t\t\t\t<a rel='wp-prettyPhoto[gallery]' href='https:\/\/kitesurfvacation.com\/wp-content\/uploads\/2012\/01\/4.jpg'><img loading=\"lazy\" decoding=\"async\" width=\"300\" height=\"185\" src=\"https:\/\/kitesurfvacation.com\/wp-content\/uploads\/2012\/01\/4-300x185.jpg\" class=\"attachment-medium size-medium\" alt=\"\" srcset=\"https:\/\/kitesurfvacation.com\/wp-content\/uploads\/2012\/01\/4-300x185.jpg 300w, https:\/\/kitesurfvacation.com\/wp-content\/uploads\/2012\/01\/4.jpg 745w\" sizes=\"auto, (max-width: 300px) 100vw, 300px\" \/><\/a>\n\t\t\t<\/dt><\/dl><dl class='gallery-item'>\n\t\t\t<dt class='gallery-icon landscape'>\n\t\t\t\t<a rel='wp-prettyPhoto[gallery]' href='https:\/\/kitesurfvacation.com\/wp-content\/uploads\/2012\/01\/11828776_692239094244025_691699128257440507_n.jpg'><img loading=\"lazy\" decoding=\"async\" width=\"300\" height=\"200\" src=\"https:\/\/kitesurfvacation.com\/wp-content\/uploads\/2012\/01\/11828776_692239094244025_691699128257440507_n-300x200.jpg\" class=\"attachment-medium size-medium\" alt=\"\" srcset=\"https:\/\/kitesurfvacation.com\/wp-content\/uploads\/2012\/01\/11828776_692239094244025_691699128257440507_n-300x200.jpg 300w, https:\/\/kitesurfvacation.com\/wp-content\/uploads\/2012\/01\/11828776_692239094244025_691699128257440507_n.jpg 960w\" sizes=\"auto, (max-width: 300px) 100vw, 300px\" \/><\/a>\n\t\t\t<\/dt><\/dl><br style=\"clear: both\" \/><dl class='gallery-item'>\n\t\t\t<dt class='gallery-icon landscape'>\n\t\t\t\t<a rel='wp-prettyPhoto[gallery]' href='https:\/\/kitesurfvacation.com\/wp-content\/uploads\/2012\/01\/5.jpg'><img loading=\"lazy\" decoding=\"async\" width=\"300\" height=\"221\" src=\"https:\/\/kitesurfvacation.com\/wp-content\/uploads\/2012\/01\/5-300x221.jpg\" class=\"attachment-medium size-medium\" alt=\"\" srcset=\"https:\/\/kitesurfvacation.com\/wp-content\/uploads\/2012\/01\/5-300x221.jpg 300w, https:\/\/kitesurfvacation.com\/wp-content\/uploads\/2012\/01\/5.jpg 623w\" sizes=\"auto, (max-width: 300px) 100vw, 300px\" \/><\/a>\n\t\t\t<\/dt><\/dl><dl class='gallery-item'>\n\t\t\t<dt class='gallery-icon landscape'>\n\t\t\t\t<a rel='wp-prettyPhoto[gallery]' href='https:\/\/kitesurfvacation.com\/wp-content\/uploads\/2012\/01\/7.jpg'><img loading=\"lazy\" decoding=\"async\" width=\"300\" height=\"199\" src=\"https:\/\/kitesurfvacation.com\/wp-content\/uploads\/2012\/01\/7-300x199.jpg\" class=\"attachment-medium size-medium\" alt=\"\" srcset=\"https:\/\/kitesurfvacation.com\/wp-content\/uploads\/2012\/01\/7-300x199.jpg 300w, https:\/\/kitesurfvacation.com\/wp-content\/uploads\/2012\/01\/7.jpg 683w\" sizes=\"auto, (max-width: 300px) 100vw, 300px\" \/><\/a>\n\t\t\t<\/dt><\/dl><dl class='gallery-item'>\n\t\t\t<dt class='gallery-icon landscape'>\n\t\t\t\t<a rel='wp-prettyPhoto[gallery]' href='https:\/\/kitesurfvacation.com\/wp-content\/uploads\/2012\/01\/9.jpg'><img loading=\"lazy\" decoding=\"async\" width=\"300\" height=\"220\" src=\"https:\/\/kitesurfvacation.com\/wp-content\/uploads\/2012\/01\/9-300x220.jpg\" class=\"attachment-medium size-medium\" alt=\"\" srcset=\"https:\/\/kitesurfvacation.com\/wp-content\/uploads\/2012\/01\/9-300x220.jpg 300w, https:\/\/kitesurfvacation.com\/wp-content\/uploads\/2012\/01\/9.jpg 644w\" sizes=\"auto, (max-width: 300px) 100vw, 300px\" \/><\/a>\n\t\t\t<\/dt><\/dl><br style=\"clear: both\" \/><dl class='gallery-item'>\n\t\t\t<dt class='gallery-icon landscape'>\n\t\t\t\t<a rel='wp-prettyPhoto[gallery]' href='https:\/\/kitesurfvacation.com\/wp-content\/uploads\/2012\/01\/102.jpg'><img loading=\"lazy\" decoding=\"async\" width=\"300\" height=\"198\" src=\"https:\/\/kitesurfvacation.com\/wp-content\/uploads\/2012\/01\/102-300x198.jpg\" class=\"attachment-medium size-medium\" alt=\"\" srcset=\"https:\/\/kitesurfvacation.com\/wp-content\/uploads\/2012\/01\/102-300x198.jpg 300w, https:\/\/kitesurfvacation.com\/wp-content\/uploads\/2012\/01\/102.jpg 726w\" sizes=\"auto, (max-width: 300px) 100vw, 300px\" \/><\/a>\n\t\t\t<\/dt><\/dl><dl class='gallery-item'>\n\t\t\t<dt class='gallery-icon landscape'>\n\t\t\t\t<a rel='wp-prettyPhoto[gallery]' href='https:\/\/kitesurfvacation.com\/wp-content\/uploads\/2012\/01\/10885555_392229217605393_6118240952322056915_n.jpg'><img loading=\"lazy\" decoding=\"async\" width=\"300\" height=\"225\" src=\"https:\/\/kitesurfvacation.com\/wp-content\/uploads\/2012\/01\/10885555_392229217605393_6118240952322056915_n-300x225.jpg\" class=\"attachment-medium size-medium\" alt=\"\" srcset=\"https:\/\/kitesurfvacation.com\/wp-content\/uploads\/2012\/01\/10885555_392229217605393_6118240952322056915_n-300x225.jpg 300w, https:\/\/kitesurfvacation.com\/wp-content\/uploads\/2012\/01\/10885555_392229217605393_6118240952322056915_n.jpg 960w\" sizes=\"auto, (max-width: 300px) 100vw, 300px\" \/><\/a>\n\t\t\t<\/dt><\/dl><dl class='gallery-item'>\n\t\t\t<dt class='gallery-icon landscape'>\n\t\t\t\t<a rel='wp-prettyPhoto[gallery]' href='https:\/\/kitesurfvacation.com\/wp-content\/uploads\/2012\/01\/11.jpg'><img loading=\"lazy\" decoding=\"async\" width=\"300\" height=\"202\" src=\"https:\/\/kitesurfvacation.com\/wp-content\/uploads\/2012\/01\/11-300x202.jpg\" class=\"attachment-medium size-medium\" alt=\"\" srcset=\"https:\/\/kitesurfvacation.com\/wp-content\/uploads\/2012\/01\/11-300x202.jpg 300w, https:\/\/kitesurfvacation.com\/wp-content\/uploads\/2012\/01\/11.jpg 684w\" sizes=\"auto, (max-width: 300px) 100vw, 300px\" \/><\/a>\n\t\t\t<\/dt><\/dl><br style=\"clear: both\" \/><dl class='gallery-item'>\n\t\t\t<dt class='gallery-icon landscape'>\n\t\t\t\t<a rel='wp-prettyPhoto[gallery]' href='https:\/\/kitesurfvacation.com\/wp-content\/uploads\/2012\/01\/121.jpg'><img loading=\"lazy\" decoding=\"async\" width=\"300\" height=\"196\" src=\"https:\/\/kitesurfvacation.com\/wp-content\/uploads\/2012\/01\/121-300x196.jpg\" class=\"attachment-medium size-medium\" alt=\"\" srcset=\"https:\/\/kitesurfvacation.com\/wp-content\/uploads\/2012\/01\/121-300x196.jpg 300w, https:\/\/kitesurfvacation.com\/wp-content\/uploads\/2012\/01\/121.jpg 710w\" sizes=\"auto, (max-width: 300px) 100vw, 300px\" \/><\/a>\n\t\t\t<\/dt><\/dl><dl class='gallery-item'>\n\t\t\t<dt class='gallery-icon landscape'>\n\t\t\t\t<a rel='wp-prettyPhoto[gallery]' href='https:\/\/kitesurfvacation.com\/wp-content\/uploads\/2012\/01\/13.jpg'><img loading=\"lazy\" decoding=\"async\" width=\"300\" height=\"206\" src=\"https:\/\/kitesurfvacation.com\/wp-content\/uploads\/2012\/01\/13-300x206.jpg\" class=\"attachment-medium size-medium\" alt=\"\" srcset=\"https:\/\/kitesurfvacation.com\/wp-content\/uploads\/2012\/01\/13-300x206.jpg 300w, https:\/\/kitesurfvacation.com\/wp-content\/uploads\/2012\/01\/13.jpg 744w\" sizes=\"auto, (max-width: 300px) 100vw, 300px\" \/><\/a>\n\t\t\t<\/dt><\/dl><dl class='gallery-item'>\n\t\t\t<dt class='gallery-icon landscape'>\n\t\t\t\t<a rel='wp-prettyPhoto[gallery]' href='https:\/\/kitesurfvacation.com\/wp-content\/uploads\/2012\/01\/151.jpg'><img loading=\"lazy\" decoding=\"async\" width=\"300\" height=\"200\" src=\"https:\/\/kitesurfvacation.com\/wp-content\/uploads\/2012\/01\/151-300x200.jpg\" class=\"attachment-medium size-medium\" alt=\"\" srcset=\"https:\/\/kitesurfvacation.com\/wp-content\/uploads\/2012\/01\/151-300x200.jpg 300w, https:\/\/kitesurfvacation.com\/wp-content\/uploads\/2012\/01\/151.jpg 670w\" sizes=\"auto, (max-width: 300px) 100vw, 300px\" \/><\/a>\n\t\t\t<\/dt><\/dl><br style=\"clear: both\" \/><dl class='gallery-item'>\n\t\t\t<dt class='gallery-icon landscape'>\n\t\t\t\t<a rel='wp-prettyPhoto[gallery]' href='https:\/\/kitesurfvacation.com\/wp-content\/uploads\/2012\/01\/16.png'><img loading=\"lazy\" decoding=\"async\" width=\"300\" height=\"203\" src=\"https:\/\/kitesurfvacation.com\/wp-content\/uploads\/2012\/01\/16-300x203.png\" class=\"attachment-medium size-medium\" alt=\"\" srcset=\"https:\/\/kitesurfvacation.com\/wp-content\/uploads\/2012\/01\/16-300x203.png 300w, https:\/\/kitesurfvacation.com\/wp-content\/uploads\/2012\/01\/16-1024x694.png 1024w, https:\/\/kitesurfvacation.com\/wp-content\/uploads\/2012\/01\/16.png 1406w\" sizes=\"auto, (max-width: 300px) 100vw, 300px\" \/><\/a>\n\t\t\t<\/dt><\/dl><dl class='gallery-item'>\n\t\t\t<dt class='gallery-icon landscape'>\n\t\t\t\t<a rel='wp-prettyPhoto[gallery]' href='https:\/\/kitesurfvacation.com\/wp-content\/uploads\/2012\/01\/17.jpg'><img loading=\"lazy\" decoding=\"async\" width=\"300\" height=\"222\" src=\"https:\/\/kitesurfvacation.com\/wp-content\/uploads\/2012\/01\/17-300x222.jpg\" class=\"attachment-medium size-medium\" alt=\"\" srcset=\"https:\/\/kitesurfvacation.com\/wp-content\/uploads\/2012\/01\/17-300x222.jpg 300w, https:\/\/kitesurfvacation.com\/wp-content\/uploads\/2012\/01\/17.jpg 623w\" sizes=\"auto, (max-width: 300px) 100vw, 300px\" \/><\/a>\n\t\t\t<\/dt><\/dl><dl class='gallery-item'>\n\t\t\t<dt class='gallery-icon landscape'>\n\t\t\t\t<a rel='wp-prettyPhoto[gallery]' href='https:\/\/kitesurfvacation.com\/wp-content\/uploads\/2012\/01\/181.jpg'><img loading=\"lazy\" decoding=\"async\" width=\"300\" height=\"196\" src=\"https:\/\/kitesurfvacation.com\/wp-content\/uploads\/2012\/01\/181-300x196.jpg\" class=\"attachment-medium size-medium\" alt=\"\" srcset=\"https:\/\/kitesurfvacation.com\/wp-content\/uploads\/2012\/01\/181-300x196.jpg 300w, https:\/\/kitesurfvacation.com\/wp-content\/uploads\/2012\/01\/181.jpg 691w\" sizes=\"auto, (max-width: 300px) 100vw, 300px\" \/><\/a>\n\t\t\t<\/dt><\/dl><br style=\"clear: both\" \/><dl class='gallery-item'>\n\t\t\t<dt class='gallery-icon landscape'>\n\t\t\t\t<a rel='wp-prettyPhoto[gallery]' href='https:\/\/kitesurfvacation.com\/wp-content\/uploads\/2012\/01\/19.jpg'><img loading=\"lazy\" decoding=\"async\" width=\"300\" height=\"203\" src=\"https:\/\/kitesurfvacation.com\/wp-content\/uploads\/2012\/01\/19-300x203.jpg\" class=\"attachment-medium size-medium\" alt=\"\" srcset=\"https:\/\/kitesurfvacation.com\/wp-content\/uploads\/2012\/01\/19-300x203.jpg 300w, https:\/\/kitesurfvacation.com\/wp-content\/uploads\/2012\/01\/19.jpg 663w\" sizes=\"auto, (max-width: 300px) 100vw, 300px\" \/><\/a>\n\t\t\t<\/dt><\/dl><dl class='gallery-item'>\n\t\t\t<dt class='gallery-icon landscape'>\n\t\t\t\t<a rel='wp-prettyPhoto[gallery]' href='https:\/\/kitesurfvacation.com\/wp-content\/uploads\/2012\/01\/19.png'><img loading=\"lazy\" decoding=\"async\" width=\"300\" height=\"196\" src=\"https:\/\/kitesurfvacation.com\/wp-content\/uploads\/2012\/01\/19-300x196.png\" class=\"attachment-medium size-medium\" alt=\"\" srcset=\"https:\/\/kitesurfvacation.com\/wp-content\/uploads\/2012\/01\/19-300x196.png 300w, https:\/\/kitesurfvacation.com\/wp-content\/uploads\/2012\/01\/19-1024x668.png 1024w, https:\/\/kitesurfvacation.com\/wp-content\/uploads\/2012\/01\/19.png 1480w\" sizes=\"auto, (max-width: 300px) 100vw, 300px\" \/><\/a>\n\t\t\t<\/dt><\/dl><dl class='gallery-item'>\n\t\t\t<dt class='gallery-icon landscape'>\n\t\t\t\t<a rel='wp-prettyPhoto[gallery]' href='https:\/\/kitesurfvacation.com\/wp-content\/uploads\/2012\/01\/211.jpg'><img loading=\"lazy\" decoding=\"async\" width=\"300\" height=\"198\" src=\"https:\/\/kitesurfvacation.com\/wp-content\/uploads\/2012\/01\/211-300x198.jpg\" class=\"attachment-medium size-medium\" alt=\"\" srcset=\"https:\/\/kitesurfvacation.com\/wp-content\/uploads\/2012\/01\/211-300x198.jpg 300w, https:\/\/kitesurfvacation.com\/wp-content\/uploads\/2012\/01\/211.jpg 662w\" sizes=\"auto, (max-width: 300px) 100vw, 300px\" \/><\/a>\n\t\t\t<\/dt><\/dl><br style=\"clear: both\" \/><dl class='gallery-item'>\n\t\t\t<dt class='gallery-icon portrait'>\n\t\t\t\t<a rel='wp-prettyPhoto[gallery]' href='https:\/\/kitesurfvacation.com\/wp-content\/uploads\/2012\/01\/1385955_786255498082834_2510314981520780791_n.jpg'><img loading=\"lazy\" decoding=\"async\" width=\"225\" height=\"300\" src=\"https:\/\/kitesurfvacation.com\/wp-content\/uploads\/2012\/01\/1385955_786255498082834_2510314981520780791_n-225x300.jpg\" class=\"attachment-medium size-medium\" alt=\"\" srcset=\"https:\/\/kitesurfvacation.com\/wp-content\/uploads\/2012\/01\/1385955_786255498082834_2510314981520780791_n-225x300.jpg 225w, https:\/\/kitesurfvacation.com\/wp-content\/uploads\/2012\/01\/1385955_786255498082834_2510314981520780791_n.jpg 720w\" sizes=\"auto, (max-width: 225px) 100vw, 225px\" \/><\/a>\n\t\t\t<\/dt><\/dl><dl class='gallery-item'>\n\t\t\t<dt class='gallery-icon landscape'>\n\t\t\t\t<a rel='wp-prettyPhoto[gallery]' href='https:\/\/kitesurfvacation.com\/wp-content\/uploads\/2012\/01\/1798104_463233983838249_1982573377934410249_n.jpg'><img loading=\"lazy\" decoding=\"async\" width=\"300\" height=\"300\" src=\"https:\/\/kitesurfvacation.com\/wp-content\/uploads\/2012\/01\/1798104_463233983838249_1982573377934410249_n-300x300.jpg\" class=\"attachment-medium size-medium\" alt=\"\" srcset=\"https:\/\/kitesurfvacation.com\/wp-content\/uploads\/2012\/01\/1798104_463233983838249_1982573377934410249_n-300x300.jpg 300w, https:\/\/kitesurfvacation.com\/wp-content\/uploads\/2012\/01\/1798104_463233983838249_1982573377934410249_n-150x150.jpg 150w, https:\/\/kitesurfvacation.com\/wp-content\/uploads\/2012\/01\/1798104_463233983838249_1982573377934410249_n.jpg 606w\" sizes=\"auto, (max-width: 300px) 100vw, 300px\" \/><\/a>\n\t\t\t<\/dt><\/dl><dl class='gallery-item'>\n\t\t\t<dt class='gallery-icon landscape'>\n\t\t\t\t<a rel='wp-prettyPhoto[gallery]' href='https:\/\/kitesurfvacation.com\/wp-content\/uploads\/2012\/01\/10012426_456389711189343_8630218743647423776_n.jpg'><img loading=\"lazy\" decoding=\"async\" width=\"300\" height=\"300\" src=\"https:\/\/kitesurfvacation.com\/wp-content\/uploads\/2012\/01\/10012426_456389711189343_8630218743647423776_n-300x300.jpg\" class=\"attachment-medium size-medium\" alt=\"\" srcset=\"https:\/\/kitesurfvacation.com\/wp-content\/uploads\/2012\/01\/10012426_456389711189343_8630218743647423776_n-300x300.jpg 300w, https:\/\/kitesurfvacation.com\/wp-content\/uploads\/2012\/01\/10012426_456389711189343_8630218743647423776_n-150x150.jpg 150w, https:\/\/kitesurfvacation.com\/wp-content\/uploads\/2012\/01\/10012426_456389711189343_8630218743647423776_n.jpg 960w\" sizes=\"auto, (max-width: 300px) 100vw, 300px\" \/><\/a>\n\t\t\t<\/dt><\/dl><br style=\"clear: both\" \/><dl class='gallery-item'>\n\t\t\t<dt class='gallery-icon landscape'>\n\t\t\t\t<a rel='wp-prettyPhoto[gallery]' href='https:\/\/kitesurfvacation.com\/wp-content\/uploads\/2012\/01\/11217580_463210353840612_1894881169294508441_n.jpg'><img loading=\"lazy\" decoding=\"async\" width=\"300\" height=\"225\" src=\"https:\/\/kitesurfvacation.com\/wp-content\/uploads\/2012\/01\/11217580_463210353840612_1894881169294508441_n-300x225.jpg\" class=\"attachment-medium size-medium\" alt=\"\" srcset=\"https:\/\/kitesurfvacation.com\/wp-content\/uploads\/2012\/01\/11217580_463210353840612_1894881169294508441_n-300x225.jpg 300w, https:\/\/kitesurfvacation.com\/wp-content\/uploads\/2012\/01\/11217580_463210353840612_1894881169294508441_n.jpg 960w\" sizes=\"auto, (max-width: 300px) 100vw, 300px\" \/><\/a>\n\t\t\t<\/dt><\/dl><dl class='gallery-item'>\n\t\t\t<dt class='gallery-icon landscape'>\n\t\t\t\t<a rel='wp-prettyPhoto[gallery]' href='https:\/\/kitesurfvacation.com\/wp-content\/uploads\/2012\/01\/11938093_699346670199934_5158862765123859494_n.png'><img loading=\"lazy\" decoding=\"async\" width=\"300\" height=\"225\" src=\"https:\/\/kitesurfvacation.com\/wp-content\/uploads\/2012\/01\/11938093_699346670199934_5158862765123859494_n-300x225.png\" class=\"attachment-medium size-medium\" alt=\"\" srcset=\"https:\/\/kitesurfvacation.com\/wp-content\/uploads\/2012\/01\/11938093_699346670199934_5158862765123859494_n-300x225.png 300w, https:\/\/kitesurfvacation.com\/wp-content\/uploads\/2012\/01\/11938093_699346670199934_5158862765123859494_n.png 960w\" sizes=\"auto, (max-width: 300px) 100vw, 300px\" \/><\/a>\n\t\t\t<\/dt><\/dl><dl class='gallery-item'>\n\t\t\t<dt class='gallery-icon landscape'>\n\t\t\t\t<a rel='wp-prettyPhoto[gallery]' href='https:\/\/kitesurfvacation.com\/wp-content\/uploads\/2012\/01\/11866237_697169690417632_8459906853997207860_n.jpg'><img loading=\"lazy\" decoding=\"async\" width=\"300\" height=\"200\" src=\"https:\/\/kitesurfvacation.com\/wp-content\/uploads\/2012\/01\/11866237_697169690417632_8459906853997207860_n-300x200.jpg\" class=\"attachment-medium size-medium\" alt=\"\" srcset=\"https:\/\/kitesurfvacation.com\/wp-content\/uploads\/2012\/01\/11866237_697169690417632_8459906853997207860_n-300x200.jpg 300w, https:\/\/kitesurfvacation.com\/wp-content\/uploads\/2012\/01\/11866237_697169690417632_8459906853997207860_n.jpg 960w\" sizes=\"auto, (max-width: 300px) 100vw, 300px\" \/><\/a>\n\t\t\t<\/dt><\/dl><br style=\"clear: both\" \/><dl class='gallery-item'>\n\t\t\t<dt class='gallery-icon landscape'>\n\t\t\t\t<a rel='wp-prettyPhoto[gallery]' href='https:\/\/kitesurfvacation.com\/wp-content\/uploads\/2012\/01\/11402944_662554440545824_1079064507703399658_n.jpg'><img loading=\"lazy\" decoding=\"async\" width=\"300\" height=\"112\" src=\"https:\/\/kitesurfvacation.com\/wp-content\/uploads\/2012\/01\/11402944_662554440545824_1079064507703399658_n-300x112.jpg\" class=\"attachment-medium size-medium\" alt=\"\" srcset=\"https:\/\/kitesurfvacation.com\/wp-content\/uploads\/2012\/01\/11402944_662554440545824_1079064507703399658_n-300x112.jpg 300w, https:\/\/kitesurfvacation.com\/wp-content\/uploads\/2012\/01\/11402944_662554440545824_1079064507703399658_n.jpg 960w\" sizes=\"auto, (max-width: 300px) 100vw, 300px\" \/><\/a>\n\t\t\t<\/dt><\/dl><dl class='gallery-item'>\n\t\t\t<dt class='gallery-icon landscape'>\n\t\t\t\t<a rel='wp-prettyPhoto[gallery]' href='https:\/\/kitesurfvacation.com\/wp-content\/uploads\/2012\/01\/62.jpg'><img loading=\"lazy\" decoding=\"async\" width=\"300\" height=\"290\" src=\"https:\/\/kitesurfvacation.com\/wp-content\/uploads\/2012\/01\/62-300x290.jpg\" class=\"attachment-medium size-medium\" alt=\"\" srcset=\"https:\/\/kitesurfvacation.com\/wp-content\/uploads\/2012\/01\/62-300x290.jpg 300w, https:\/\/kitesurfvacation.com\/wp-content\/uploads\/2012\/01\/62.jpg 505w\" sizes=\"auto, (max-width: 300px) 100vw, 300px\" \/><\/a>\n\t\t\t<\/dt><\/dl>\n\t\t\t<br style='clear: both' \/>\n\t\t<\/div>\n<\/td>\n<td><\/td>\n<\/tr>\n<tr>\n<td>\n                <a class=\"medium custom-button align-btn-left\" href=\"http:\/\/kitesurfvacation.com\/?page_id=641#prop\" title=\"m\u00e1s info\"><span style=\"background-color:#FF5C00; color:#FFFFFF\"> :: m\u00e1s propiedades en Tulum :: <\/span><\/a>\n\t     <\/td>\n<\/tr>\n<\/tbody>\n<\/table>\n\n<!-- Facebook Like Button v1.9.6 BEGIN [http:\/\/blog.bottomlessinc.com] -->\n<iframe src=\"http:\/\/www.facebook.com\/plugins\/like.php?href=https%3A%2F%2Fkitesurfvacation.com%2F%3Fpage_id%3D1303&amp;layout=standard&amp;show_faces=false&amp;width=450&amp;action=like&amp;colorscheme=light\" scrolling=\"no\" frameborder=\"0\" allowTransparency=\"true\" style=\"border:none; overflow:hidden; width:450px; height: 30px; align: left; margin: 2px 0px 2px 0px\"><\/iframe>\n<!-- Facebook Like Button END -->\n","protected":false},"excerpt":{"rendered":"<p>Las caba\u00f1as y hotel se distinguen por ser operados personalmente por una familia local y de ra\u00edces mayas, por tales razones el buen servicio y excelente trato est\u00e1n garantizados. Las caba\u00f1as son rusticas y muy agradables las cuales est\u00e1n construidas con material reciclado de la regi\u00f3n, ofreciendo [&hellip;]<\/p>\n","protected":false},"author":1,"featured_media":0,"parent":0,"menu_order":0,"comment_status":"closed","ping_status":"closed","template":"page-FullWidth.php","meta":{"footnotes":""},"class_list":["post-1303","page","type-page","status-publish","hentry"],"_links":{"self":[{"href":"https:\/\/kitesurfvacation.com\/index.php?rest_route=\/wp\/v2\/pages\/1303","targetHints":{"allow":["GET"]}}],"collection":[{"href":"https:\/\/kitesurfvacation.com\/index.php?rest_route=\/wp\/v2\/pages"}],"about":[{"href":"https:\/\/kitesurfvacation.com\/index.php?rest_route=\/wp\/v2\/types\/page"}],"author":[{"embeddable":true,"href":"https:\/\/kitesurfvacation.com\/index.php?rest_route=\/wp\/v2\/users\/1"}],"replies":[{"embeddable":true,"href":"https:\/\/kitesurfvacation.com\/index.php?rest_route=%2Fwp%2Fv2%2Fcomments&post=1303"}],"version-history":[{"count":21,"href":"https:\/\/kitesurfvacation.com\/index.php?rest_route=\/wp\/v2\/pages\/1303\/revisions"}],"predecessor-version":[{"id":12206,"href":"https:\/\/kitesurfvacation.com\/index.php?rest_route=\/wp\/v2\/pages\/1303\/revisions\/12206"}],"wp:attachment":[{"href":"https:\/\/kitesurfvacation.com\/index.php?rest_route=%2Fwp%2Fv2%2Fmedia&parent=1303"}],"curies":[{"name":"wp","href":"https:\/\/api.w.org\/{rel}","templated":true}]}}