{"id":1046,"date":"2012-01-19T08:24:46","date_gmt":"2012-01-19T08:24:46","guid":{"rendered":"http:\/\/kitesurfvacation.com\/?page_id=1046"},"modified":"2015-09-25T10:21:01","modified_gmt":"2015-09-25T15:21:01","slug":"condo-sabbia-203","status":"publish","type":"page","link":"https:\/\/kitesurfvacation.com\/?page_id=1046","title":{"rendered":"Condo Riviera en Playa del Carmen"},"content":{"rendered":"<div id=\"tweetbutton1046\" class=\"tw_button\" style=\"\"><a href=\"http:\/\/twitter.com\/share?url=https%3A%2F%2Fkitesurfvacation.com%2F%3Fpage_id%3D1046&amp;text=Condo%20Riviera%20en%20Playa%20del%20Carmen&amp;related=&amp;lang=en&amp;count=horizontal&amp;counturl=https%3A%2F%2Fkitesurfvacation.com%2F%3Fpage_id%3D1046\" class=\"twitter-share-button\"  style=\"width:55px;height:22px;background:transparent url('https:\/\/kitesurfvacation.com\/wp-content\/plugins\/wp-tweet-button\/tweetn.png') no-repeat  0 0;text-align:left;text-indent:-9999px;display:block;\">Tweet<\/a><\/div>\n<!-- Facebook Like Button v1.9.6 BEGIN [http:\/\/blog.bottomlessinc.com] -->\n<iframe src=\"http:\/\/www.facebook.com\/plugins\/like.php?href=https%3A%2F%2Fkitesurfvacation.com%2F%3Fpage_id%3D1046&amp;layout=standard&amp;show_faces=false&amp;width=450&amp;action=like&amp;colorscheme=light\" scrolling=\"no\" frameborder=\"0\" allowTransparency=\"true\" style=\"border:none; overflow:hidden; width:450px; height: 30px; align: left; margin: 2px 0px 2px 0px\"><\/iframe>\n<!-- Facebook Like Button END -->\n<table>\n<tbody>\n<tr>\n<td><img decoding=\"async\" src=\"_images\/condo01.jpg\" alt=\"\" \/><\/td>\n<td>&nbsp;&nbsp;&nbsp;<\/td>\n<td><img decoding=\"async\" src=\"_images\/condo02.jpg\" alt=\"\" \/><\/td>\n<\/tr>\n<\/tr>\n<tr>\n<td style=\"vertical-align: top; text-align: justify;\" width=\"845\" colspan=\"3\">\n<!-- CONTENIDO DE INFO --><\/p>\n<p style=\"text-align:justify\">\nCondominio Riviera, Departamentos de lujo 1 habitaci\u00f3n (max. 3 pax) departamentos de lujo de 2 habitaciones (max. 5 pax) y penthouses. <\/p>\n<p style=\"text-align:justify\">\nA solo unos pasos de las aguas turquesas, la 5\u00aa Avenida, restaurantes, tiendas de buceo, supermercados y todo lo indispensable.  Riviera goza de una locaci\u00f3n insuperable en el coraz\u00f3n del centro de Playa del Carmen, en la ex\u00f3tica Riviera Maya, M\u00e9xico. Riviera est\u00e1 ubicado en el centro de Playa del Carmen; a 4 cuadras de las espectaculares aguas turquesas y playas de arena blanca del Mar Caribe, a solo pasos de los club de playa, restaurantes y clubs nocturnos, tiendas de conveniencia, supermercados y transportaci\u00f3n local.<\/p>\n<p style=\"text-align:justify\">\u2022\tHasta 5 personas sin extra costo. Precios a partir de $95 USD por condo por noche, los precios aumentan en d\u00edas festivos. H\u00e1blenos para saber m\u00e1s sobre promociones semanales o nocturnas. A solo 3 cuadras de la Playa. Servicio de limpieza. Internet Inalambrico y Cablevision.<\/p>\n<p>Amenidades Departamentos<\/p>\n<p style=\"text-align:justify\">\u2022\tBarra de granito. Detalles de m\u00e1rmol en ba\u00f1os. Aire acondicionado. Ventiladores de techo. Muebles y decoraci\u00f3n minimalistas. Balcones en todas las unidades. Pent-houses con sol\u00e1rium privado.<\/p>\n<p>Amenidades Areas Comunes<\/p>\n<p style=\"text-align:justify\">\u2022\tAlberca sobre el techo con vista al mar. Lounge y asador sobre el techo con vista al mar. Bello jard\u00edn tropical interior con cascada. Pent-houses con estacionamiento subterr\u00e1neo. Todas los departamentos cuentan con estacionamiento asignado. Lobby con recepci\u00f3n. Concierge. Internet Inal\u00e1mbrico.<\/p>\n<p style=\"text-align:justify\">\n<strong>Cont\u00e1ctenos para saber m\u00e1s sobre promociones especiales, recuerde que tenemos convenios con los propietarios, garantiz\u00e1ndole el mejor precio y ofreci\u00e9ndole descuentos sobre los precios al p\u00fablico. <\/strong><\/p>\n<p style=\"text-align:justify\">\n(+ENERGY CONSUMPTION)<br \/>\nReserva: 50% de anticipo y el saldo a la llegada m\u00e1s deposito en garant\u00eda de $300 dlls.<\/p>\n<\/td>\n<td><\/td>\n<\/tr>\n<tr>\n<td colspan=\"3\">\n<div class=\"clear\"><\/div><div class=\"tabs-wrapper\"><ul class=\"tabs\"><li><a href=\"javascript:void(0)\" class=\"defaulttab\" rel=\"tab1228\"><span>1<\/span><\/a><\/li><li><a href=\"javascript:void(0)\" rel=\"tab1392\"><span>2<\/span><\/a><\/li><li><a href=\"javascript:void(0)\" rel=\"tab1434\"><span>3<\/span><\/a><\/li><li><a href=\"javascript:void(0)\" rel=\"tab1075\"><span>4<\/span><\/a><\/li><li><a href=\"javascript:void(0)\" rel=\"tab1368\"><span>5<\/span><\/a><\/li><li><a href=\"javascript:void(0)\" rel=\"tab1706\"><span>6<\/span><\/a><\/li><li><a href=\"javascript:void(0)\" rel=\"tab1871\"><span>7<\/span><\/a><\/li><li><a href=\"javascript:void(0)\" rel=\"tab1474\"><span>8<\/span><\/a><\/li><li><a href=\"javascript:void(0)\" rel=\"tab1200\"><span>9<\/span><\/a><\/li><li><a href=\"javascript:void(0)\" rel=\"tab1137\"><span>10<\/span><\/a><\/li><li><a href=\"javascript:void(0)\" rel=\"tab1972\"><span>11<\/span><\/a><\/li><li><a href=\"javascript:void(0)\" rel=\"tab1875\"><span>12<\/span><\/a><\/li><li><a href=\"javascript:void(0)\" rel=\"tab1035\"><span>13<\/span><\/a><\/li><li><a href=\"javascript:void(0)\" rel=\"tab1227\"><span>14<\/span><\/a><\/li><li><a href=\"javascript:void(0)\" rel=\"tab1982\"><span>15<\/span><\/a><\/li><li><a href=\"javascript:void(0)\" rel=\"tab1523\"><span>16<\/span><\/a><\/li><\/ul><div class=\"tab-content\" id=\"tab1228\"><div class=\"tabs-inner-padding\"><img decoding=\"async\" src=\"_images\/encanto1.jpg\" width=\"400px\" height=\"300px\"><\/div><\/div><div class=\"tab-content\" id=\"tab1392\"><div class=\"tabs-inner-padding\"><img decoding=\"async\" src=\"_images\/encanto2.jpg\" width=\"400px\" height=\"300px\"><\/div><\/div><div class=\"tab-content\" id=\"tab1434\"><div class=\"tabs-inner-padding\"><img decoding=\"async\" src=\"_images\/encanto3.jpg\" width=\"400px\" height=\"300px\"><\/div><\/div><div class=\"tab-content\" id=\"tab1075\"><div class=\"tabs-inner-padding\"><img decoding=\"async\" src=\"_images\/encanto4.jpg\" width=\"400px\" height=\"300px\"><\/div><\/div><div class=\"tab-content\" id=\"tab1368\"><div class=\"tabs-inner-padding\"><img decoding=\"async\" src=\"_images\/encanto5.jpg\" width=\"400px\" height=\"300px\"><\/div><\/div><div class=\"tab-content\" id=\"tab1706\"><div class=\"tabs-inner-padding\"><img decoding=\"async\" src=\"_images\/encanto6.jpg\" width=\"400px\" height=\"300px\"><\/div><\/div><div class=\"tab-content\" id=\"tab1871\"><div class=\"tabs-inner-padding\"><img decoding=\"async\" src=\"_images\/encanto7.jpg\" width=\"400px\" height=\"300px\"><\/div><\/div><div class=\"tab-content\" id=\"tab1474\"><div class=\"tabs-inner-padding\"><img decoding=\"async\" src=\"_images\/encanto8.jpg\" width=\"400px\" height=\"300px\"><\/div><\/div><div class=\"tab-content\" id=\"tab1200\"><div class=\"tabs-inner-padding\"><img decoding=\"async\" src=\"_images\/encanto9.jpg\" width=\"400px\" height=\"300px\"><\/div><\/div><div class=\"tab-content\" id=\"tab1137\"><div class=\"tabs-inner-padding\"><img decoding=\"async\" src=\"_images\/encanto10.jpg\" width=\"400px\" height=\"300px\"><\/div><\/div><div class=\"tab-content\" id=\"tab1972\"><div class=\"tabs-inner-padding\"><img decoding=\"async\" src=\"_images\/encanto11.jpg\" width=\"400px\" height=\"300px\"><\/div><\/div><div class=\"tab-content\" id=\"tab1875\"><div class=\"tabs-inner-padding\"><img decoding=\"async\" src=\"_images\/encanto12.jpg\" width=\"400px\" height=\"300px\"><\/div><\/div><div class=\"tab-content\" id=\"tab1035\"><div class=\"tabs-inner-padding\"><img decoding=\"async\" src=\"_images\/condo03.jpg\" width=\"400px\" height=\"300px\"><\/div><\/div><div class=\"tab-content\" id=\"tab1227\"><div class=\"tabs-inner-padding\"><img decoding=\"async\" src=\"_images\/condo04.jpg\" width=\"400px\" height=\"300px\"><\/div><\/div><div class=\"tab-content\" id=\"tab1982\"><div class=\"tabs-inner-padding\"><img decoding=\"async\" src=\"_images\/condo05.jpg\" width=\"400px\" height=\"300px\"><\/div><\/div><div class=\"tab-content\" id=\"tab1523\"><div class=\"tabs-inner-padding\"><img decoding=\"async\" src=\"_images\/condo06.jpg\" width=\"400px\" height=\"300px\"><\/div><\/div><\/div><!-- tabs-wrapper end --><div class=\"clear\"><\/div>\n<\/td>\n<\/tr>\n<tr>\n<td>\n\n                <a class=\"medium custom-button align-btn-left\" href=\"http:\/\/kitesurfvacation.com\/?page_id=634#prop\" title=\"m\u00e1s info\"><span style=\"background-color:#FF5C00; color:#FFFFFF\">&nbsp;&nbsp;&nbsp;:: m\u00e1s propiedades en Playa del Carmen ::&nbsp;&nbsp;&nbsp;<\/span><\/a>\n\t     \n<\/td>\n<\/tr>\n<\/table>\n\n<!-- Facebook Like Button v1.9.6 BEGIN [http:\/\/blog.bottomlessinc.com] -->\n<iframe src=\"http:\/\/www.facebook.com\/plugins\/like.php?href=https%3A%2F%2Fkitesurfvacation.com%2F%3Fpage_id%3D1046&amp;layout=standard&amp;show_faces=false&amp;width=450&amp;action=like&amp;colorscheme=light\" scrolling=\"no\" frameborder=\"0\" allowTransparency=\"true\" style=\"border:none; overflow:hidden; width:450px; height: 30px; align: left; margin: 2px 0px 2px 0px\"><\/iframe>\n<!-- Facebook Like Button END -->\n","protected":false},"excerpt":{"rendered":"<p>&nbsp;&nbsp;&nbsp; Condominio Riviera, Departamentos de lujo 1 habitaci\u00f3n (max. 3 pax) departamentos de lujo de 2 habitaciones (max. 5 pax) y penthouses. A solo unos pasos de las aguas turquesas, la 5\u00aa Avenida, restaurantes, tiendas de buceo, supermercados y todo lo indispensable. Riviera goza de una locaci\u00f3n [&hellip;]<\/p>\n","protected":false},"author":1,"featured_media":0,"parent":0,"menu_order":0,"comment_status":"closed","ping_status":"closed","template":"page-FullWidth.php","meta":{"footnotes":""},"class_list":["post-1046","page","type-page","status-publish","hentry"],"_links":{"self":[{"href":"https:\/\/kitesurfvacation.com\/index.php?rest_route=\/wp\/v2\/pages\/1046","targetHints":{"allow":["GET"]}}],"collection":[{"href":"https:\/\/kitesurfvacation.com\/index.php?rest_route=\/wp\/v2\/pages"}],"about":[{"href":"https:\/\/kitesurfvacation.com\/index.php?rest_route=\/wp\/v2\/types\/page"}],"author":[{"embeddable":true,"href":"https:\/\/kitesurfvacation.com\/index.php?rest_route=\/wp\/v2\/users\/1"}],"replies":[{"embeddable":true,"href":"https:\/\/kitesurfvacation.com\/index.php?rest_route=%2Fwp%2Fv2%2Fcomments&post=1046"}],"version-history":[{"count":45,"href":"https:\/\/kitesurfvacation.com\/index.php?rest_route=\/wp\/v2\/pages\/1046\/revisions"}],"predecessor-version":[{"id":9695,"href":"https:\/\/kitesurfvacation.com\/index.php?rest_route=\/wp\/v2\/pages\/1046\/revisions\/9695"}],"wp:attachment":[{"href":"https:\/\/kitesurfvacation.com\/index.php?rest_route=%2Fwp%2Fv2%2Fmedia&parent=1046"}],"curies":[{"name":"wp","href":"https:\/\/api.w.org\/{rel}","templated":true}]}}