{"id":8,"date":"2011-12-13T01:58:57","date_gmt":"2011-12-13T01:58:57","guid":{"rendered":"http:\/\/kitesurfvacation.com\/?page_id=8"},"modified":"2014-05-31T23:36:18","modified_gmt":"2014-05-31T23:36:18","slug":"servicios","status":"publish","type":"page","link":"http:\/\/kitesurfvacation.com\/?page_id=8","title":{"rendered":"Servicios"},"content":{"rendered":"<div id=\"tweetbutton8\" class=\"tw_button\" style=\"\"><a href=\"http:\/\/twitter.com\/share?url=http%3A%2F%2Fkitesurfvacation.com%2F%3Fpage_id%3D8&amp;text=Servicios&amp;related=&amp;lang=en&amp;count=horizontal&amp;counturl=http%3A%2F%2Fkitesurfvacation.com%2F%3Fpage_id%3D8\" class=\"twitter-share-button\"  style=\"width:55px;height:22px;background:transparent url('http:\/\/kitesurfvacation.com\/wp-content\/plugins\/wp-tweet-button\/tweetn.png') no-repeat  0 0;text-align:left;text-indent:-9999px;display:block;\">Tweet<\/a><\/div>\n<!-- Facebook Like Button v1.9.6 BEGIN [http:\/\/blog.bottomlessinc.com] -->\n<iframe src=\"http:\/\/www.facebook.com\/plugins\/like.php?href=http%3A%2F%2Fkitesurfvacation.com%2F%3Fpage_id%3D8&amp;layout=standard&amp;show_faces=false&amp;width=450&amp;action=like&amp;colorscheme=light\" scrolling=\"no\" frameborder=\"0\" allowTransparency=\"true\" style=\"border:none; overflow:hidden; width:450px; height: 30px; align: left; margin: 2px 0px 2px 0px\"><\/iframe>\n<!-- Facebook Like Button END -->\n<table>\n<tbody>\n<tr>\n<td><\/td>\n<td>&nbsp;&nbsp;&nbsp;<\/<\/td>\n<td><\/td>\n<\/tr>\n<tr>\n<td>\n<tr>\n<td style=\"vertical-align: top; text-align: justify;\" width=\"550\">\n<!-- CONTENIDO DE INFO --><\/p>\n<p style=\"text-align: justify;\"> KITESURF VACATION se enfoca a conseguirle un hospedaje o propiedad en renta dentro de los mejores destinos de kiteboarding en M\u00e9xico, ofreci\u00e9ndole clases de kitesurfing, renta de equipo de kite, transporte, kite trips, renta de autom\u00f3vil, actividades tur\u00edsticas, paquetes, comidas e informaci\u00f3n sobre cada destino de kitesurfing.  Igualmente lo orientamos y asesoramos para efectos de optimizar al m\u00e1ximo sus gastos.<\/p>\n<p style=\"text-align: justify;\">Una vez que nos contacte, le enviaremos un plan y opciones de acuerdo a sus necesidades. Adem\u00e1s, dentro de su viaje, existe la posibilidad de vacacionar en diferentes puntos. Por ejemplo, unos d\u00edas en alg\u00fan spot lejos de la civilizaci\u00f3n donde pueda hacer \u00fanicamente kitesurf y relajarse totalmente en paz y tranquilidad a un costado del mar. Otros d\u00edas, podemos transportarlo a alg\u00fan pueblo t\u00edpico mexicano, colorido y amigable, con vida social, fiesta, restaurantes y movimiento por las noches.<\/p>\n<p style=\"text-align: justify;\">De tal forma, tenemos siempre una propuesta espec\u00edfica a tus gustos y necesidades econ\u00f3micas. Afortunadamente el kitesurf no re\u00fane clases sociales ni econ\u00f3micas. Te ofrecemos espacios vacacionales, para todo rango de presupuestos, desde casas de lujo, caba\u00f1as, departamentos, villas, hostales, suites, condos y hasta lugares para acampar. KITESURF VACATION se compromete a brindarle al 100 % el mejor servicio, le garantizamos que tendr\u00e1 una experiencia maravillosa y agradable en M\u00e9xico.<\/p>\n<p>Haz click en cada icono para ver m\u00e1s informaci\u00f3n sobre cada servicio en espec\u00edfico:<\/p>\n\n                <a class=\"medium custom-button align-btn-left\" href=\"http:\/\/kitesurfvacation.com\/?page_id=167\" title=\"Destinos y Hospedajes\"><span style=\"background-color:#FF5C00; color:#FFFFFF\">Destinos y Hospedajes<\/span><\/a>\n\t     \n\n                <a class=\"medium custom-button align-btn-left\" href=\"http:\/\/kitesurfvacation.com\/?page_id=2846\" title=\"Clases de Kitesurf\"><span style=\"background-color:#FF5C00; color:#FFFFFF\">Clases de Kitesurf<\/span><\/a>\n\t     \n\n                <a class=\"medium custom-button align-btn-left\" href=\"http:\/\/kitesurfvacation.com\/?page_id=2810\" title=\"Tours y actividades\"><span style=\"background-color:#FF5C00; color:#FFFFFF\">Tours y Actividades<\/span><\/a>\n\t     \n<p style=\"text-align: justify;\">\n                <a class=\"medium custom-button align-btn-left\" href=\"http:\/\/kitesurfvacation.com\/?page_id=451\" title=\"Paquetes de Viaje\"><span style=\"background-color:#FF5C00; color:#FFFFFF\">Paquetes de Viaje<\/span><\/a>\n\t      \n                <a class=\"medium custom-button align-btn-left\" href=\"http:\/\/kitesurfvacation.com\/?page_id=2544\" title=\"Equipo de Kiteboarding\"><span style=\"background-color:#FF5C00; color:#FFFFFF\">Equipo de Kiteboarding<\/span><\/a>\n\t     \n<!-- FIN DE INFO --><\/p>\n<\/td>\n<td><\/td>\n<td> <\/a><\/p>\n<p><a href=\"http:\/\/kitesurfvacation.com\/?page_id=167\"  target=\"_blank\"><img decoding=\"async\" src=\"_images\/s-destinoshospedajes.jpg\" alt=\"\" \/><\/a>><\/p>\n<p><a href=\"http:\/\/kitesurfvacation.com\/?page_id=2846\"  target=\"_blank\"><img decoding=\"async\" src=\"_images\/s-clasesdekitesurf.jpg\" alt=\"\" \/><\/a><\/p>\n<p><a href=\"http:\/\/kitesurfvacation.com\/?page_id=2810\" target=\"_blank\"><img decoding=\"async\" src=\"_images\/s-toursactividades.jpg\" alt=\"\" \/><\/a><\/p>\n<p><a href=\"http:\/\/kitesurfvacation.com\/?page_id=451\" target=\"_blank\"><img decoding=\"async\" src=\"_images\/s-paquetesdeviajes.jpg\" alt=\"\" \/><\/a><\/p>\n<p><a href=\"http:\/\/kitesurfvacation.com\/?page_id=2544\" target=\"_blank\"><img decoding=\"async\" src=\"_images\/s-equipodekiteboarding.jpg\" alt=\"\" \/><\/a><\/td>\n<\/tr>\n<tr>\n<\/tr>\n<\/table>\n\n<!-- Facebook Like Button v1.9.6 BEGIN [http:\/\/blog.bottomlessinc.com] -->\n<iframe src=\"http:\/\/www.facebook.com\/plugins\/like.php?href=http%3A%2F%2Fkitesurfvacation.com%2F%3Fpage_id%3D8&amp;layout=standard&amp;show_faces=false&amp;width=450&amp;action=like&amp;colorscheme=light\" scrolling=\"no\" frameborder=\"0\" allowTransparency=\"true\" style=\"border:none; overflow:hidden; width:450px; height: 30px; align: left; margin: 2px 0px 2px 0px\"><\/iframe>\n<!-- Facebook Like Button END -->\n","protected":false},"excerpt":{"rendered":"<p>&nbsp;&nbsp;&nbsp;<\/p>\n","protected":false},"author":1,"featured_media":0,"parent":0,"menu_order":3,"comment_status":"closed","ping_status":"closed","template":"page-FullWidth.php","meta":{"footnotes":""},"class_list":["post-8","page","type-page","status-publish","hentry"],"_links":{"self":[{"href":"http:\/\/kitesurfvacation.com\/index.php?rest_route=\/wp\/v2\/pages\/8","targetHints":{"allow":["GET"]}}],"collection":[{"href":"http:\/\/kitesurfvacation.com\/index.php?rest_route=\/wp\/v2\/pages"}],"about":[{"href":"http:\/\/kitesurfvacation.com\/index.php?rest_route=\/wp\/v2\/types\/page"}],"author":[{"embeddable":true,"href":"http:\/\/kitesurfvacation.com\/index.php?rest_route=\/wp\/v2\/users\/1"}],"replies":[{"embeddable":true,"href":"http:\/\/kitesurfvacation.com\/index.php?rest_route=%2Fwp%2Fv2%2Fcomments&post=8"}],"version-history":[{"count":20,"href":"http:\/\/kitesurfvacation.com\/index.php?rest_route=\/wp\/v2\/pages\/8\/revisions"}],"predecessor-version":[{"id":7020,"href":"http:\/\/kitesurfvacation.com\/index.php?rest_route=\/wp\/v2\/pages\/8\/revisions\/7020"}],"wp:attachment":[{"href":"http:\/\/kitesurfvacation.com\/index.php?rest_route=%2Fwp%2Fv2%2Fmedia&parent=8"}],"curies":[{"name":"wp","href":"https:\/\/api.w.org\/{rel}","templated":true}]}}