{"id":7658,"date":"2014-08-18T18:26:49","date_gmt":"2014-08-18T18:26:49","guid":{"rendered":"http:\/\/kitesurfvacation.com\/?page_id=7658"},"modified":"2014-08-18T18:33:07","modified_gmt":"2014-08-18T18:33:07","slug":"villas-holbox","status":"publish","type":"page","link":"http:\/\/kitesurfvacation.com\/?page_id=7658","title":{"rendered":"Villas Holbox"},"content":{"rendered":"<div id=\"tweetbutton7658\" class=\"tw_button\" style=\"\"><a href=\"http:\/\/twitter.com\/share?url=http%3A%2F%2Fkitesurfvacation.com%2F%3Fpage_id%3D7658&amp;text=Villas%20Holbox&amp;related=&amp;lang=en&amp;count=horizontal&amp;counturl=http%3A%2F%2Fkitesurfvacation.com%2F%3Fpage_id%3D7658\" class=\"twitter-share-button\"  style=\"width:55px;height:22px;background:transparent url('http:\/\/kitesurfvacation.com\/wp-content\/plugins\/wp-tweet-button\/tweetn.png') no-repeat  0 0;text-align:left;text-indent:-9999px;display:block;\">Tweet<\/a><\/div>\n<!-- Facebook Like Button v1.9.6 BEGIN [http:\/\/blog.bottomlessinc.com] -->\n<iframe src=\"http:\/\/www.facebook.com\/plugins\/like.php?href=http%3A%2F%2Fkitesurfvacation.com%2F%3Fpage_id%3D7658&amp;layout=standard&amp;show_faces=false&amp;width=450&amp;action=like&amp;colorscheme=light\" scrolling=\"no\" frameborder=\"0\" allowTransparency=\"true\" style=\"border:none; overflow:hidden; width:450px; height: 30px; align: left; margin: 2px 0px 2px 0px\"><\/iframe>\n<!-- Facebook Like Button END -->\n<table>\n<tbody>\n<tr>\n<td><img decoding=\"async\" src=\"_images\/villasholbox600.jpg\" alt=\"\" \/><\/td>\n<td>   <\/td>\n<td><img decoding=\"async\" src=\"_images\/villasholboxmap.jpg\" alt=\"\" \/><\/td>\n<\/tr>\n<tr>\n<td style=\"vertical-align: top; text-align: justify;\" colspan=\"3\" width=\"845\"><!-- CONTENIDO DE INFO --><\/p>\n<p style=\"text-align: justify;\">Villas Holbox, es el destino ideal para disfrutar  y descansar con la familia o  amigos. El servicio es personalizado por los due\u00f1os. Decorado estilo minimalista mexicano, ubicado a 1 cuadra y media del mar y justo a media cuadra de la plaza central de Holbox. Cuenta con cuartos privados y cuartos compartidos como en Hostel.<\/p>\n<p>Precios por noche:<\/p>\n<p>Double room private bathroom $159 usd. Single in room shared: $16usd.  Double in room shared: $20usd Double in Palapa $29 usd. Double room shared bathroom: $49 usd. <\/p>\n<p>Cont\u00e1ctanos para m\u00e1s informaci\u00f3n o reservar.<\/p>\n<\/td>\n<td> <\/td>\n<\/tr>\n<tr>\n<td colspan=\"3\"><div class=\"clear\"><\/div><div class=\"tabs-wrapper\"><ul class=\"tabs\"><li><a href=\"javascript:void(0)\" class=\"defaulttab\" rel=\"tab1477\"><span>Foto 1<\/span><\/a><\/li><li><a href=\"javascript:void(0)\" rel=\"tab1899\"><span>Foto 2<\/span><\/a><\/li><li><a href=\"javascript:void(0)\" rel=\"tab1764\"><span>Foto 3<\/span><\/a><\/li><li><a href=\"javascript:void(0)\" rel=\"tab1662\"><span>Foto 4<\/span><\/a><\/li><li><a href=\"javascript:void(0)\" rel=\"tab1860\"><span>Foto 5<\/span><\/a><\/li><li><a href=\"javascript:void(0)\" rel=\"tab1259\"><span>Foto 6<\/span><\/a><\/li><li><a href=\"javascript:void(0)\" rel=\"tab1981\"><span>Foto 7<\/span><\/a><\/li><li><a href=\"javascript:void(0)\" rel=\"tab1634\"><span>Foto 8<\/span><\/a><\/li><li><a href=\"javascript:void(0)\" rel=\"tab1151\"><span>Foto 9<\/span><\/a><\/li><li><a href=\"javascript:void(0)\" rel=\"tab1967\"><span>Foto 10<\/span><\/a><\/li><\/ul><div class=\"tab-content\" id=\"tab1477\"><div class=\"tabs-inner-padding\"><img loading=\"lazy\" decoding=\"async\" src=\"_images\/villasholbox1.jpg\"alt=\"\" width=\"600\" height=\"400\" \/><\/div><\/div><div class=\"tab-content\" id=\"tab1899\"><div class=\"tabs-inner-padding\"><img loading=\"lazy\" decoding=\"async\" src=\"_images\/villasholbox2.jpg\" alt=\"\" width=\"600\" height=\"400\" \/><\/div><\/div><div class=\"tab-content\" id=\"tab1764\"><div class=\"tabs-inner-padding\"><img loading=\"lazy\" decoding=\"async\" src=\"_images\/villasholbox3.jpg\" alt=\"\" width=\"600\" height=\"400\" \/><\/div><\/div><div class=\"tab-content\" id=\"tab1662\"><div class=\"tabs-inner-padding\"><img loading=\"lazy\" decoding=\"async\" src=\"_images\/villasholbox4.jpg\" alt=\"\" width=\"600\" height=\"400\" \/><\/div><\/div><div class=\"tab-content\" id=\"tab1860\"><div class=\"tabs-inner-padding\"><img loading=\"lazy\" decoding=\"async\" src=\"_images\/villasholbox5.jpg\" alt=\"\" width=\"600\" height=\"400\" \/><\/div><\/div><div class=\"tab-content\" id=\"tab1259\"><div class=\"tabs-inner-padding\"><img loading=\"lazy\" decoding=\"async\" src=\"_images\/villasholbox6.jpg\" alt=\"\" width=\"600\" height=\"400\" \/><\/div><\/div><div class=\"tab-content\" id=\"tab1981\"><div class=\"tabs-inner-padding\"><img loading=\"lazy\" decoding=\"async\" src=\"_images\/villasholbox7.jpg\" alt=\"\" width=\"600\" height=\"400\" \/><\/div><\/div><div class=\"tab-content\" id=\"tab1634\"><div class=\"tabs-inner-padding\"><img loading=\"lazy\" decoding=\"async\" src=\"_images\/villasholbox8.jpg\" alt=\"\" width=\"600\" height=\"400\" \/><\/div><\/div><div class=\"tab-content\" id=\"tab1151\"><div class=\"tabs-inner-padding\"><img loading=\"lazy\" decoding=\"async\" src=\"_images\/villasholbox9.jpg\" alt=\"\" width=\"600\" height=\"400\" \/><\/div><\/div><div class=\"tab-content\" id=\"tab1967\"><div class=\"tabs-inner-padding\"><img loading=\"lazy\" decoding=\"async\" src=\"_images\/villasholbox10.jpg\" alt=\"\" width=\"600\" height=\"400\" \/><\/div><\/div><\/div><!-- tabs-wrapper end --><div class=\"clear\"><\/div><\/td>\n<\/tr>\n<tr>\n<td>\n                <a class=\"medium custom-button align-btn-left\" href=\"http:\/\/kitesurfvacation.com\/?page_id=636#prop\" title=\"m\u00e1s info\"><span style=\"background-color:#FF5C00; color:#FFFFFF\">   :: m\u00e1s propiedades en Holbox ::   <\/span><\/a>\n\t     <\/td>\n<\/tr>\n<\/tbody>\n<\/table>\n\n<!-- Facebook Like Button v1.9.6 BEGIN [http:\/\/blog.bottomlessinc.com] -->\n<iframe src=\"http:\/\/www.facebook.com\/plugins\/like.php?href=http%3A%2F%2Fkitesurfvacation.com%2F%3Fpage_id%3D7658&amp;layout=standard&amp;show_faces=false&amp;width=450&amp;action=like&amp;colorscheme=light\" scrolling=\"no\" frameborder=\"0\" allowTransparency=\"true\" style=\"border:none; overflow:hidden; width:450px; height: 30px; align: left; margin: 2px 0px 2px 0px\"><\/iframe>\n<!-- Facebook Like Button END -->\n","protected":false},"excerpt":{"rendered":"<p>Villas Holbox, es el destino ideal para disfrutar y descansar con la familia o amigos. El servicio es personalizado por los due\u00f1os. Decorado estilo minimalista mexicano, ubicado a 1 cuadra y media del mar y justo a media cuadra de la plaza central de Holbox. Cuenta con [&hellip;]<\/p>\n","protected":false},"author":1,"featured_media":0,"parent":0,"menu_order":0,"comment_status":"closed","ping_status":"closed","template":"page-FullWidth.php","meta":{"footnotes":""},"class_list":["post-7658","page","type-page","status-publish","hentry"],"_links":{"self":[{"href":"http:\/\/kitesurfvacation.com\/index.php?rest_route=\/wp\/v2\/pages\/7658","targetHints":{"allow":["GET"]}}],"collection":[{"href":"http:\/\/kitesurfvacation.com\/index.php?rest_route=\/wp\/v2\/pages"}],"about":[{"href":"http:\/\/kitesurfvacation.com\/index.php?rest_route=\/wp\/v2\/types\/page"}],"author":[{"embeddable":true,"href":"http:\/\/kitesurfvacation.com\/index.php?rest_route=\/wp\/v2\/users\/1"}],"replies":[{"embeddable":true,"href":"http:\/\/kitesurfvacation.com\/index.php?rest_route=%2Fwp%2Fv2%2Fcomments&post=7658"}],"version-history":[{"count":4,"href":"http:\/\/kitesurfvacation.com\/index.php?rest_route=\/wp\/v2\/pages\/7658\/revisions"}],"predecessor-version":[{"id":7660,"href":"http:\/\/kitesurfvacation.com\/index.php?rest_route=\/wp\/v2\/pages\/7658\/revisions\/7660"}],"wp:attachment":[{"href":"http:\/\/kitesurfvacation.com\/index.php?rest_route=%2Fwp%2Fv2%2Fmedia&parent=7658"}],"curies":[{"name":"wp","href":"https:\/\/api.w.org\/{rel}","templated":true}]}}