{"id":76,"date":"2011-12-13T05:03:50","date_gmt":"2011-12-13T05:03:50","guid":{"rendered":"http:\/\/kitesurfvacation.com\/?page_id=76"},"modified":"2017-12-27T18:27:24","modified_gmt":"2017-12-28T00:27:24","slug":"logo-slogan","status":"publish","type":"page","link":"http:\/\/kitesurfvacation.com\/?page_id=76","title":{"rendered":"Logo y Slogan"},"content":{"rendered":"\n<!-- Facebook Like Button v1.9.6 BEGIN [http:\/\/blog.bottomlessinc.com] -->\n<iframe src=\"http:\/\/www.facebook.com\/plugins\/like.php?href=http%3A%2F%2Fkitesurfvacation.com%2F%3Fpage_id%3D76&amp;layout=standard&amp;show_faces=false&amp;width=450&amp;action=like&amp;colorscheme=light\" scrolling=\"no\" frameborder=\"0\" allowTransparency=\"true\" style=\"border:none; overflow:hidden; width:450px; height: 30px; align: left; margin: 2px 0px 2px 0px\"><\/iframe>\n<!-- Facebook Like Button END -->\n<h1>Nuevo Logo<\/h1>\n<p style=\"text-align: justify;\">KITESURF VACATION ha crecido, mejorado  y evolucionado a lo largo de varios a\u00f1os.  Hemos empezado una etapa con  nueva imagen, logo, proyectos y pr\u00f3ximamente un nuevo sitio web. Despu\u00e9s de 7 a\u00f1os de haber utilizado el logo anterior, decidimos renovar el logo de  KITESURF VACATION  por uno m\u00e1s moderno, limpio y est\u00e9tico. Para lo cual retomamos la figura central del logo anterior; los tres kites que simbolizan la esencia del viento y movimiento. As\u00ed mismo, incluimos la figura de la pir\u00e1mide, la cual act\u00faa como la representaci\u00f3n de las civilizaciones prehisp\u00e1nicas que habitaron nuestro pa\u00eds.<\/\n<\/p>\n<h1>Anterior Logo y Slogan<\/h1>\n<p style=\"text-align: justify;\">El logo anterior de KITESURF VACATION, est\u00e1 formado por un kite que se asemeja a la Luna. Simbolizando a Metztli, la diosa de la Luna de acuerdo con la mitolog\u00eda azteca y mexica. En lo que refiere a la figura central del logo, los tres kites proyectan la escencia del viento\u00a0 y el glifo de la parte inferior\u00a0act\u00faa como la representaci\u00f3n\u00a0\u00a0de las civilizaciones prehisp\u00e1nicas que habitaron nuestro pa\u00eds.<\/p>\n<p style=\"text-align: justify;\">Por otro lado, el slogan <strong>\u2018The Answer my friend.. is blowing in Mexico\u2019<\/strong>, (\u2018La respuesta mi amigo&#8230; se encuentra soplando en M\u00e9xico\u2019). Nos remonta a los tiempos de varias civilizaciones m\u00edsticas del mundo antiguo en M\u00e9xico, tales como los Mayas, Aztecas, Olmecas, Toltecas etc. Sociedades sumamente avanzadas que contaban con un nivel de inteligencia y conocimientos elevados para su \u00e9poca; respecto a varios \u00e1mbitos, como la astronom\u00eda, matem\u00e1ticas, f\u00edsica, agricultura, pintura, arquitectura, religi\u00f3n y dem\u00e1s ciencias y artes. Por ejemplo, eran grandes observadores del cielo y las estrellas, contaban con calendarios perfectamente precisos, estructuras arquitect\u00f3nicas excelsas, pod\u00edan predecir eclipses y hasta acontecimientos trascendentes del futuro.<\/\n<\/p>\n<p>\u00a0\u00a1Ven a nuestro pa\u00eds y desc\u00fabrelo tu mismo\u00a1<\/p>\n\n<!-- Facebook Like Button v1.9.6 BEGIN [http:\/\/blog.bottomlessinc.com] -->\n<iframe src=\"http:\/\/www.facebook.com\/plugins\/like.php?href=http%3A%2F%2Fkitesurfvacation.com%2F%3Fpage_id%3D76&amp;layout=standard&amp;show_faces=false&amp;width=450&amp;action=like&amp;colorscheme=light\" scrolling=\"no\" frameborder=\"0\" allowTransparency=\"true\" style=\"border:none; overflow:hidden; width:450px; height: 30px; align: left; margin: 2px 0px 2px 0px\"><\/iframe>\n<!-- Facebook Like Button END -->\n","protected":false},"excerpt":{"rendered":"<p>Nuevo Logo KITESURF VACATION ha crecido, mejorado y evolucionado a lo largo de varios a\u00f1os. Hemos empezado una etapa con nueva imagen, logo, proyectos y pr\u00f3ximamente un nuevo sitio web. Despu\u00e9s de 7 a\u00f1os de haber utilizado el logo anterior, decidimos renovar el logo de KITESURF VACATION [&hellip;]<\/p>\n","protected":false},"author":1,"featured_media":0,"parent":156,"menu_order":0,"comment_status":"closed","ping_status":"closed","template":"page-PageTemplate2.php","meta":{"footnotes":""},"class_list":["post-76","page","type-page","status-publish","hentry"],"_links":{"self":[{"href":"http:\/\/kitesurfvacation.com\/index.php?rest_route=\/wp\/v2\/pages\/76","targetHints":{"allow":["GET"]}}],"collection":[{"href":"http:\/\/kitesurfvacation.com\/index.php?rest_route=\/wp\/v2\/pages"}],"about":[{"href":"http:\/\/kitesurfvacation.com\/index.php?rest_route=\/wp\/v2\/types\/page"}],"author":[{"embeddable":true,"href":"http:\/\/kitesurfvacation.com\/index.php?rest_route=\/wp\/v2\/users\/1"}],"replies":[{"embeddable":true,"href":"http:\/\/kitesurfvacation.com\/index.php?rest_route=%2Fwp%2Fv2%2Fcomments&post=76"}],"version-history":[{"count":13,"href":"http:\/\/kitesurfvacation.com\/index.php?rest_route=\/wp\/v2\/pages\/76\/revisions"}],"predecessor-version":[{"id":12808,"href":"http:\/\/kitesurfvacation.com\/index.php?rest_route=\/wp\/v2\/pages\/76\/revisions\/12808"}],"up":[{"embeddable":true,"href":"http:\/\/kitesurfvacation.com\/index.php?rest_route=\/wp\/v2\/pages\/156"}],"wp:attachment":[{"href":"http:\/\/kitesurfvacation.com\/index.php?rest_route=%2Fwp%2Fv2%2Fmedia&parent=76"}],"curies":[{"name":"wp","href":"https:\/\/api.w.org\/{rel}","templated":true}]}}