{"id":4235,"date":"2012-08-30T21:10:07","date_gmt":"2012-08-30T21:10:07","guid":{"rendered":"http:\/\/kitesurfvacation.com\/?page_id=4235"},"modified":"2012-08-30T21:42:34","modified_gmt":"2012-08-30T21:42:34","slug":"eco-boutique-kite-hotel-en-veracruz","status":"publish","type":"page","link":"http:\/\/kitesurfvacation.com\/?page_id=4235","title":{"rendered":"Eco Boutique Kite Hotel en Veracruz"},"content":{"rendered":"<div id=\"tweetbutton4235\" class=\"tw_button\" style=\"\"><a href=\"http:\/\/twitter.com\/share?url=http%3A%2F%2Fkitesurfvacation.com%2F%3Fpage_id%3D4235&amp;text=Eco%20Boutique%20Kite%20Hotel%20en%20Veracruz&amp;related=&amp;lang=en&amp;count=horizontal&amp;counturl=http%3A%2F%2Fkitesurfvacation.com%2F%3Fpage_id%3D4235\" class=\"twitter-share-button\"  style=\"width:55px;height:22px;background:transparent url('http:\/\/kitesurfvacation.com\/wp-content\/plugins\/wp-tweet-button\/tweetn.png') no-repeat  0 0;text-align:left;text-indent:-9999px;display:block;\">Tweet<\/a><\/div>\n<!-- Facebook Like Button v1.9.6 BEGIN [http:\/\/blog.bottomlessinc.com] -->\n<iframe src=\"http:\/\/www.facebook.com\/plugins\/like.php?href=http%3A%2F%2Fkitesurfvacation.com%2F%3Fpage_id%3D4235&amp;layout=standard&amp;show_faces=false&amp;width=450&amp;action=like&amp;colorscheme=light\" scrolling=\"no\" frameborder=\"0\" allowTransparency=\"true\" style=\"border:none; overflow:hidden; width:450px; height: 30px; align: left; margin: 2px 0px 2px 0px\"><\/iframe>\n<!-- Facebook Like Button END -->\n<table>\n<tbody>\n<tr>\n<td><img decoding=\"async\" src=\"_images\/kiteboardingveracruz.jpg\" alt=\"\" \/><\/td>\n<td>   <\/td>\n<td><img decoding=\"async\" src=\"_images\/kiteboardingveracruzmap.jpg\" alt=\"\" \/><\/td>\n<\/tr>\n<tr>\n<td style=\"vertical-align: top; text-align: justify;\" colspan=\"3\" width=\"845\"><!-- CONTENIDO DE INFO --><\/p>\n<p style=\"text-align: justify;\"> Es un hotel Eco-Boutique que cuenta con 10 habitaciones y <strong>escuela de kiteboarding<\/strong>, eco-consciente e independiente que ha tomado el giro kite para ofrecer a los <strong>kiters<\/strong> y no-kiters una experiencia inolvidable. Dise\u00f1ado por kiters&#8230;para kiters! Ubicado en Costa Esmeralda, <a href=\"http:\/\/www.veracruz.gob.mx\/\">Veracruz.<\/a><\/p>\n<p style=\"text-align: justify;\"> Delicioso men\u00fa de fusi\u00f3n internacional, dise\u00f1ado por nuestra chef residente, y del bar tenemos micheladas y daiquiris de fresa. Todas las habitaciones cuentan servicio y limpieza diaria, Aire acondicionado, Ba\u00f1o privado, Agua caliente, Televisi\u00f3n por Sky <\/p>\n<p style=\"text-align: justify;\"> Tenemos un amplio jardin con c\u00e9sped y acceso directo a la playa. Aqui es donde inflamos\/desinflamos\/lavamos\/ secamos el equipo. Contamos con mangueras y sombra natural para enjuagar y dejar secar tu equipo. Contamos con duchas externas y ba\u00f1os para enjuagarse y cambiarte si es que vienes solo por un dia. Si vienes solo, en pareja o en grupo te garantizamos que tendras una experiencia inolvidable.<\/p>\n<p style=\"text-align: justify;\"> El equipo en el Hotel es todo <strong>kitesurfing<\/strong>! Los gerentes son kiters, los meseros y jardineros toman clases y todos aman este deporte siendo parte integral de su \/ nuestro proyecto. El hotel y el proyecto de kite son uno solo; brindando al kiter una experiencia inolvidable. Todo lo que necesitas esta aqui.<\/p>\n<p style=\"text-align: justify;\"> Despierta con un espectacular amanecer y disfruta un delicioso desayuno mientras contemplas el mar esmeralda. Infla tu kite en nuestro hermoso jard\u00edn y elevalo en la playa despejada. Despues de una gran sesion puedes enjuagar tu equipo con agua dulce y relajarte en la alberca con un daiquiri de fresa, prueba nuestros mariscos en la palapa del bar y termina el dia con un relajante masaje.<\/p>\n<p style=\"text-align: justify;\"> Otras actividades sin viento: Masajes, Trampolin con barra de kite, Futbol de mesa, Kayak para mar, Bodyboard, Cancha de futbol, Recorridos a caballo, Sala de TV para eventos deportivos o peliculas. Tour de kayak en los manglares, Visita al sitio arqueologico del <a href=\"http:\/\/es.wikipedia.org\/wiki\/El_Taj\u00edn\">Tajin<\/a>, Rafting en el mundialmente famoso Rio Filobobos.<\/p>\n<p style=\"text-align: justify;\"> Precio por persona:<br \/>\nTemporada Baja = De $300 Mx a $415 Mx<br \/>\nTemporada Media = De $550 Mx a $600 Mx<br \/>\nTemporada Alta = De $800 Mx a $900 Mx<\/p>\n<\/td>\n<td> <\/td>\n<\/tr>\n<tr>\n<td colspan=\"3\"><div class=\"clear\"><\/div><div class=\"tabs-wrapper\"><ul class=\"tabs\"><li><a href=\"javascript:void(0)\" class=\"defaulttab\" rel=\"tab1361\"><span>1<\/span><\/a><\/li><li><a href=\"javascript:void(0)\" rel=\"tab1946\"><span>2<\/span><\/a><\/li><li><a href=\"javascript:void(0)\" rel=\"tab1969\"><span>3<\/span><\/a><\/li><li><a href=\"javascript:void(0)\" rel=\"tab1634\"><span>4<\/span><\/a><\/li><li><a href=\"javascript:void(0)\" rel=\"tab1121\"><span>5<\/span><\/a><\/li><li><a href=\"javascript:void(0)\" rel=\"tab1008\"><span>6<\/span><\/a><\/li><li><a href=\"javascript:void(0)\" rel=\"tab1604\"><span>7<\/span><\/a><\/li><li><a href=\"javascript:void(0)\" rel=\"tab1184\"><span>8<\/span><\/a><\/li><li><a href=\"javascript:void(0)\" rel=\"tab1711\"><span>9<\/span><\/a><\/li><li><a href=\"javascript:void(0)\" rel=\"tab1053\"><span>10<\/span><\/a><\/li><li><a href=\"javascript:void(0)\" rel=\"tab1545\"><span>11<\/span><\/a><\/li><\/ul><div class=\"tab-content\" id=\"tab1361\"><div class=\"tabs-inner-padding\"><img decoding=\"async\" src=\"_images\/kiteboardingveracruz1.jpg\"  \/><\/div><\/div><div class=\"tab-content\" id=\"tab1946\"><div class=\"tabs-inner-padding\"><img loading=\"lazy\" decoding=\"async\" src=\"_images\/kiteboardingveracruz2.jpg\" alt=\"\" width=\"639\" height=\"426\" \/><\/div><\/div><div class=\"tab-content\" id=\"tab1969\"><div class=\"tabs-inner-padding\"><img loading=\"lazy\" decoding=\"async\" src=\"_images\/kiteboardingveracruz3.jpg\" alt=\"\" width=\"400\" height=\"650\" \/><\/div><\/div><div class=\"tab-content\" id=\"tab1634\"><div class=\"tabs-inner-padding\"><img decoding=\"async\" src=\"_images\/kiteboardingveracruz4.jpg\"  \/><\/div><\/div><div class=\"tab-content\" id=\"tab1121\"><div class=\"tabs-inner-padding\"><img decoding=\"async\" src=\"_images\/kiteboardingveracruz5.jpg\"  \/><\/div><\/div><div class=\"tab-content\" id=\"tab1008\"><div class=\"tabs-inner-padding\"><img loading=\"lazy\" decoding=\"async\" src=\"_images\/kiteboardingveracruz6.jpg\"  alt=\"\" width=\"639\" height=\"426\"\/><\/div><\/div><div class=\"tab-content\" id=\"tab1604\"><div class=\"tabs-inner-padding\"><img loading=\"lazy\" decoding=\"async\" src=\"_images\/kiteboardingveracruz7.jpg\" alt=\"\" width=\"639\" height=\"426\" \/><\/div><\/div><div class=\"tab-content\" id=\"tab1184\"><div class=\"tabs-inner-padding\"><img decoding=\"async\" src=\"_images\/kiteboardingveracruz8.jpg\"  \/><\/div><\/div><div class=\"tab-content\" id=\"tab1711\"><div class=\"tabs-inner-padding\"><img decoding=\"async\" src=\"_images\/kiteboardingveracruz9.jpg\"  \/><\/div><\/div><div class=\"tab-content\" id=\"tab1053\"><div class=\"tabs-inner-padding\"><img decoding=\"async\" src=\"_images\/kiteboardingveracruz10.jpg\"  \/><\/div><\/div><div class=\"tab-content\" id=\"tab1545\"><div class=\"tabs-inner-padding\"><img loading=\"lazy\" decoding=\"async\" src=\"_images\/kiteboardingveracruz11.jpg\" alt=\"\" width=\"639\" height=\"426\" \/><\/div><\/div><\/div><!-- tabs-wrapper end --><div class=\"clear\"><\/div><\/td>\n<\/tr>\n<tr>\n<td>\n                <a class=\"medium custom-button align-btn-left\" href=\"http:\/\/kitesurfvacation.com\/?page_id=647#prop\" title=\"m\u00e1s info\"><span style=\"background-color:#FF5C00; color:#FFFFFF\">   :: m\u00e1s propiedades en Veracruz::   <\/span><\/a>\n\t     <\/td>\n<\/tr>\n<\/tbody>\n<\/table>\n\n<!-- Facebook Like Button v1.9.6 BEGIN [http:\/\/blog.bottomlessinc.com] -->\n<iframe src=\"http:\/\/www.facebook.com\/plugins\/like.php?href=http%3A%2F%2Fkitesurfvacation.com%2F%3Fpage_id%3D4235&amp;layout=standard&amp;show_faces=false&amp;width=450&amp;action=like&amp;colorscheme=light\" scrolling=\"no\" frameborder=\"0\" allowTransparency=\"true\" style=\"border:none; overflow:hidden; width:450px; height: 30px; align: left; margin: 2px 0px 2px 0px\"><\/iframe>\n<!-- Facebook Like Button END -->\n","protected":false},"excerpt":{"rendered":"<p>Es un hotel Eco-Boutique que cuenta con 10 habitaciones y escuela de kiteboarding, eco-consciente e independiente que ha tomado el giro kite para ofrecer a los kiters y no-kiters una experiencia inolvidable. Dise\u00f1ado por kiters&#8230;para kiters! Ubicado en Costa Esmeralda, Veracruz. Delicioso men\u00fa de fusi\u00f3n internacional, dise\u00f1ado [&hellip;]<\/p>\n","protected":false},"author":1,"featured_media":0,"parent":0,"menu_order":0,"comment_status":"closed","ping_status":"open","template":"page-FullWidth.php","meta":{"footnotes":""},"class_list":["post-4235","page","type-page","status-publish","hentry"],"_links":{"self":[{"href":"http:\/\/kitesurfvacation.com\/index.php?rest_route=\/wp\/v2\/pages\/4235","targetHints":{"allow":["GET"]}}],"collection":[{"href":"http:\/\/kitesurfvacation.com\/index.php?rest_route=\/wp\/v2\/pages"}],"about":[{"href":"http:\/\/kitesurfvacation.com\/index.php?rest_route=\/wp\/v2\/types\/page"}],"author":[{"embeddable":true,"href":"http:\/\/kitesurfvacation.com\/index.php?rest_route=\/wp\/v2\/users\/1"}],"replies":[{"embeddable":true,"href":"http:\/\/kitesurfvacation.com\/index.php?rest_route=%2Fwp%2Fv2%2Fcomments&post=4235"}],"version-history":[{"count":8,"href":"http:\/\/kitesurfvacation.com\/index.php?rest_route=\/wp\/v2\/pages\/4235\/revisions"}],"predecessor-version":[{"id":4237,"href":"http:\/\/kitesurfvacation.com\/index.php?rest_route=\/wp\/v2\/pages\/4235\/revisions\/4237"}],"wp:attachment":[{"href":"http:\/\/kitesurfvacation.com\/index.php?rest_route=%2Fwp%2Fv2%2Fmedia&parent=4235"}],"curies":[{"name":"wp","href":"https:\/\/api.w.org\/{rel}","templated":true}]}}