{"id":3567,"date":"2012-08-04T14:14:08","date_gmt":"2012-08-04T14:14:08","guid":{"rendered":"http:\/\/kitesurfvacation.com\/?page_id=3567"},"modified":"2012-08-04T14:16:04","modified_gmt":"2012-08-04T14:16:04","slug":"tampico-tamaulipas","status":"publish","type":"page","link":"http:\/\/kitesurfvacation.com\/?page_id=3567","title":{"rendered":"Tampico, Tamaulipas"},"content":{"rendered":"<div id=\"tweetbutton3567\" class=\"tw_button\" style=\"\"><a href=\"http:\/\/twitter.com\/share?url=http%3A%2F%2Fkitesurfvacation.com%2F%3Fpage_id%3D3567&amp;text=Tampico%2C%20Tamaulipas&amp;related=&amp;lang=en&amp;count=horizontal&amp;counturl=http%3A%2F%2Fkitesurfvacation.com%2F%3Fpage_id%3D3567\" class=\"twitter-share-button\"  style=\"width:55px;height:22px;background:transparent url('http:\/\/kitesurfvacation.com\/wp-content\/plugins\/wp-tweet-button\/tweetn.png') no-repeat  0 0;text-align:left;text-indent:-9999px;display:block;\">Tweet<\/a><\/div>\n<!-- Facebook Like Button v1.9.6 BEGIN [http:\/\/blog.bottomlessinc.com] -->\n<iframe src=\"http:\/\/www.facebook.com\/plugins\/like.php?href=http%3A%2F%2Fkitesurfvacation.com%2F%3Fpage_id%3D3567&amp;layout=standard&amp;show_faces=false&amp;width=450&amp;action=like&amp;colorscheme=light\" scrolling=\"no\" frameborder=\"0\" allowTransparency=\"true\" style=\"border:none; overflow:hidden; width:450px; height: 30px; align: left; margin: 2px 0px 2px 0px\"><\/iframe>\n<!-- Facebook Like Button END -->\n<table>\n<tbody>\n<tr>\n<td><img decoding=\"async\" src=\"_images\/tampico550.jpg\" alt=\"\" \/><\/td>\n<td>&nbsp;&nbsp;&nbsp;<\/<\/td>\n<td><img decoding=\"async\" src=\"_images\/tampicomap.jpg\" alt=\"\" \/><\/td>\n<\/tr>\n<tr>\n<td>.<\/td>\n<\/tr>\n<p><!--renglon agregado--><\/p>\n<tr>\n<td style=\"vertical-align: top; text-align: justify;\" width=\"550\">\n<!-- CONTENIDO DE INFO --><\/p>\n<p style=\"text-align:justify\">\nTampico es un Puerto en el Estado de Tamaulipas en el norte del pa\u00eds y actualmente es uno de los puertos m\u00e1s importantes de M\u00e9xico. Tampico esta situado al norte, pasando la frontera con el Estado de Veracruz en el Golfo de M\u00e9xico. Tampico es una ciudad multicultural rodeada de r\u00edos y lagunas, con incre\u00edbles paisajes. <\/p>\n<p style=\"text-align:justify\">La Playa Miramar, es una de las atracciones tur\u00edsticas, cuenta con m\u00e1s de 6 millas de arena blanca, palmeras y algunas olas. Esta playa es ideal para la pr\u00e1ctica del kiteboarding, windsurfing y tambi\u00e9n surfing. Aqu\u00ed encontrar\u00e1s muchos restaurantes, bares, hoteles, bancos, etc. La comida es excelente, especialmente los mariscos como el cangrejo. En el centro encontrar\u00e1s una incre\u00edble arquitectura y la t\u00edpica plaza mexicana. Tampico cuenta con un aeropuerto internacional. <\/p>\n<p style=\"text-align:justify\"><strong>Condiciones para kitesurfear:<\/strong><\/p>\n<p style=\"text-align:justify\">El mejor spot para el kiteboarding en esta zona es la Playa Miramar. La mejor temporada en Tampico abarca de Octubre hasta Abril. La mejor direcci\u00f3n de viento es N, SE.  La direcci\u00f3n principal es de N, SE. <\/p>\n<p style=\"text-align:justify\">Podr\u00e1s encontrar aguas no profundas y fondo de arena sin piedras. El viento generalmente es de 10 a 20 nudos. Cuando  llegan los \u2018nortes\u2019, los fuertes vientos llegan hasta m\u00e1s de 20 nudos.<\/p>\n<p><!-- FIN DE INFO --><\/p>\n<\/td>\n<td><\/td>\n<td><img decoding=\"async\" src=\"_images\/d-tampico.jpg\" alt=\"\" \/><\/p>\n<p><a href=\"http:\/\/www.windguru.cz\/es\/index.php?sc=176945?\"_blank\"><img decoding=\"async\" src=\"_images\/winduguru2.jpg\" alt=\"\" \/><\/a>><\/p>\n<p><a href=\"\" target=\"_blank\"><img decoding=\"async\" src=\"_images\/fotosdestino.jpg\" alt=\"\" \/><\/a><\/td>\n<\/tr>\n<tr>\n<td colspan=\"3\"><img decoding=\"async\" src=\"_images\/tit_prop.jpg\" alt=\"\" \/><\/td>\n<\/tr>\n<\/table>\n\n<!-- Facebook Like Button v1.9.6 BEGIN [http:\/\/blog.bottomlessinc.com] -->\n<iframe src=\"http:\/\/www.facebook.com\/plugins\/like.php?href=http%3A%2F%2Fkitesurfvacation.com%2F%3Fpage_id%3D3567&amp;layout=standard&amp;show_faces=false&amp;width=450&amp;action=like&amp;colorscheme=light\" scrolling=\"no\" frameborder=\"0\" allowTransparency=\"true\" style=\"border:none; overflow:hidden; width:450px; height: 30px; align: left; margin: 2px 0px 2px 0px\"><\/iframe>\n<!-- Facebook Like Button END -->\n","protected":false},"excerpt":{"rendered":"<p>&nbsp;&nbsp;&nbsp;<\/p>\n","protected":false},"author":1,"featured_media":0,"parent":0,"menu_order":0,"comment_status":"closed","ping_status":"open","template":"page-FullWidth.php","meta":{"footnotes":""},"class_list":["post-3567","page","type-page","status-publish","hentry"],"_links":{"self":[{"href":"http:\/\/kitesurfvacation.com\/index.php?rest_route=\/wp\/v2\/pages\/3567","targetHints":{"allow":["GET"]}}],"collection":[{"href":"http:\/\/kitesurfvacation.com\/index.php?rest_route=\/wp\/v2\/pages"}],"about":[{"href":"http:\/\/kitesurfvacation.com\/index.php?rest_route=\/wp\/v2\/types\/page"}],"author":[{"embeddable":true,"href":"http:\/\/kitesurfvacation.com\/index.php?rest_route=\/wp\/v2\/users\/1"}],"replies":[{"embeddable":true,"href":"http:\/\/kitesurfvacation.com\/index.php?rest_route=%2Fwp%2Fv2%2Fcomments&post=3567"}],"version-history":[{"count":3,"href":"http:\/\/kitesurfvacation.com\/index.php?rest_route=\/wp\/v2\/pages\/3567\/revisions"}],"predecessor-version":[{"id":3569,"href":"http:\/\/kitesurfvacation.com\/index.php?rest_route=\/wp\/v2\/pages\/3567\/revisions\/3569"}],"wp:attachment":[{"href":"http:\/\/kitesurfvacation.com\/index.php?rest_route=%2Fwp%2Fv2%2Fmedia&parent=3567"}],"curies":[{"name":"wp","href":"https:\/\/api.w.org\/{rel}","templated":true}]}}