{"id":3541,"date":"2012-08-03T23:00:56","date_gmt":"2012-08-03T23:00:56","guid":{"rendered":"http:\/\/kitesurfvacation.com\/?page_id=3541"},"modified":"2016-07-23T12:32:36","modified_gmt":"2016-07-23T17:32:36","slug":"punta-abreojos-baja-california","status":"publish","type":"page","link":"http:\/\/kitesurfvacation.com\/?page_id=3541","title":{"rendered":"Punta Abreojos, Baja California Kitesurfing Spot"},"content":{"rendered":"<div id=\"tweetbutton3541\" class=\"tw_button\" style=\"\"><a href=\"http:\/\/twitter.com\/share?url=http%3A%2F%2Fkitesurfvacation.com%2F%3Fpage_id%3D3541&amp;text=Punta%20Abreojos%2C%20Baja%20California%20Kitesurfing%20Spot&amp;related=&amp;lang=en&amp;count=horizontal&amp;counturl=http%3A%2F%2Fkitesurfvacation.com%2F%3Fpage_id%3D3541\" class=\"twitter-share-button\"  style=\"width:55px;height:22px;background:transparent url('http:\/\/kitesurfvacation.com\/wp-content\/plugins\/wp-tweet-button\/tweetn.png') no-repeat  0 0;text-align:left;text-indent:-9999px;display:block;\">Tweet<\/a><\/div>\n<!-- Facebook Like Button v1.9.6 BEGIN [http:\/\/blog.bottomlessinc.com] -->\n<iframe src=\"http:\/\/www.facebook.com\/plugins\/like.php?href=http%3A%2F%2Fkitesurfvacation.com%2F%3Fpage_id%3D3541&amp;layout=standard&amp;show_faces=false&amp;width=450&amp;action=like&amp;colorscheme=light\" scrolling=\"no\" frameborder=\"0\" allowTransparency=\"true\" style=\"border:none; overflow:hidden; width:450px; height: 30px; align: left; margin: 2px 0px 2px 0px\"><\/iframe>\n<!-- Facebook Like Button END -->\n<table>\n<tbody>\n<tr>\n<td><img decoding=\"async\" src=\"_images\/puntaabreojos550.jpg\" alt=\"\" \/><\/td>\n<td>&nbsp;&nbsp;&nbsp;<\/<\/td>\n<td><img decoding=\"async\" src=\"_images\/puntaabreojosmap.jpg\" alt=\"\" \/><\/td>\n<\/tr>\n<tr>\n<td>.<\/td>\n<\/tr>\n<p><!--renglon agregado--><\/p>\n<tr>\n<td style=\"vertical-align: top; text-align: justify;\" width=\"550\">\n<!-- CONTENIDO DE INFO --><\/p>\n<p style=\"text-align:justify\">\n<em>Punta Abreojos <\/em>es un peque\u00f1o pueblo pesquero en Baja California Sur, M\u00e9xico. Cuenta con un \u2018point break\u2019 que provee de excelentes olas, el spot ideal para practicar el surf, windsurf o <a href=\"http:\/\/es.wikipedia.org\/wiki\/Kitesurf\">kitesurfing<\/a>. Es conocido principalmente por windsurferos o kiteboarderos que toman ventaja de los predecibles vientos del noroeste. El pueblo m\u00e1s cercano es San Ignacio y la ciudad m\u00e1s cerca es Mulege. Este pueblo de <a href=\"http:\/\/mexico.pueblosamerica.com\/i\/punta-abreojos\/\">Punta Abreojos <\/a>cuenta incre\u00edble vida marina y variedad de peces.<\/p>\n<p style=\"text-align:justify\">El aeropuerto m\u00e1s cercano es en Loreto, a 234 kilometros de distancia. Si conduces, toma la federal n\u00famero 1, pasando Bah\u00eda de Tortugas.<\/p>\n<p style=\"text-align:justify\"><strong>Condiciones para kitesurf:<\/strong><\/p>\n<p style=\"text-align:justify\">Los vientos ideales provienen  del norte o noroeste. La mayor parte del tiempo es un lugar desolado. Hay algunas rocas y piedras en ciertos puntos. El viento sopla la mayor parte del a\u00f1o, a un promedio de 12-25 nudos. Los vientos dominantes son del noroeste, side-onshore y offshore. La mejor temporada es de Septiembre a Abril. Durante el invierno es recomendable utilizar un wetsuit o traje de neopreno. El nivel es s\u00f3lo para intermediarios y avanzados. Durante el verano son las mejores condiciones para surfear.<br \/>\n<!-- FIN DE INFO --><\/p>\n<\/td>\n<td><\/td>\n<td><img decoding=\"async\" src=\"_images\/d-puntaabreojos.jpg\" alt=\"\" \/><\/p>\n<p><a href=\"http:\/\/www.windguru.cz\/es\/index.php?sc=208960\" target=\"_blank\"><img decoding=\"async\" src=\"_images\/winduguru2.jpg\" alt=\"\" \/><\/a>><\/p>\n<p><a href=\"\" target=\"_blank\"><img decoding=\"async\" src=\"_images\/fotosdestino.jpg\" alt=\"\" \/><\/a><\/td>\n<\/tr>\n<tr>\n<td colspan=\"3\"><img decoding=\"async\" src=\"_images\/tit_prop.jpg\" alt=\"\" \/><\/td>\n<\/tr>\n<\/table>\n<p><!--FIN PROPIEDAD1--><img decoding=\"async\" src=\"_images\/fotosdestinos.jpg\" alt=\"\" \/><\/p>\n\n\t\t<style type=\"text\/css\">\n\t\t\t#gallery-1 {\n\t\t\t\tmargin: auto;\n\t\t\t}\n\t\t\t#gallery-1 .gallery-item {\n\t\t\t\tfloat: left;\n\t\t\t\tmargin-top: 10px;\n\t\t\t\ttext-align: center;\n\t\t\t\twidth: 33%;\n\t\t\t}\n\t\t\t#gallery-1 img {\n\t\t\t\tborder: 2px solid #cfcfcf;\n\t\t\t}\n\t\t\t#gallery-1 .gallery-caption {\n\t\t\t\tmargin-left: 0;\n\t\t\t}\n\t\t\t\/* see gallery_shortcode() in wp-includes\/media.php *\/\n\t\t<\/style>\n\t\t<div id='gallery-1' class='gallery galleryid-3541 gallery-columns-3 gallery-size-medium'><dl class='gallery-item'>\n\t\t\t<dt class='gallery-icon landscape'>\n\t\t\t\t<a rel='wp-prettyPhoto[gallery]' href='http:\/\/kitesurfvacation.com\/wp-content\/uploads\/2012\/08\/puntaabreojos3.jpg'><img loading=\"lazy\" decoding=\"async\" width=\"300\" height=\"200\" src=\"http:\/\/kitesurfvacation.com\/wp-content\/uploads\/2012\/08\/puntaabreojos3-300x200.jpg\" class=\"attachment-medium size-medium\" alt=\"\" srcset=\"http:\/\/kitesurfvacation.com\/wp-content\/uploads\/2012\/08\/puntaabreojos3-300x200.jpg 300w, http:\/\/kitesurfvacation.com\/wp-content\/uploads\/2012\/08\/puntaabreojos3.jpg 900w\" sizes=\"auto, (max-width: 300px) 100vw, 300px\" \/><\/a>\n\t\t\t<\/dt><\/dl><dl class='gallery-item'>\n\t\t\t<dt class='gallery-icon landscape'>\n\t\t\t\t<a rel='wp-prettyPhoto[gallery]' href='http:\/\/kitesurfvacation.com\/wp-content\/uploads\/2012\/08\/puntaabreojos4.jpg'><img loading=\"lazy\" decoding=\"async\" width=\"300\" height=\"200\" src=\"http:\/\/kitesurfvacation.com\/wp-content\/uploads\/2012\/08\/puntaabreojos4-300x200.jpg\" class=\"attachment-medium size-medium\" alt=\"\" srcset=\"http:\/\/kitesurfvacation.com\/wp-content\/uploads\/2012\/08\/puntaabreojos4-300x200.jpg 300w, http:\/\/kitesurfvacation.com\/wp-content\/uploads\/2012\/08\/puntaabreojos4.jpg 900w\" sizes=\"auto, (max-width: 300px) 100vw, 300px\" \/><\/a>\n\t\t\t<\/dt><\/dl><dl class='gallery-item'>\n\t\t\t<dt class='gallery-icon landscape'>\n\t\t\t\t<a rel='wp-prettyPhoto[gallery]' href='http:\/\/kitesurfvacation.com\/wp-content\/uploads\/2012\/08\/puntaabreojos5.jpg'><img loading=\"lazy\" decoding=\"async\" width=\"300\" height=\"200\" src=\"http:\/\/kitesurfvacation.com\/wp-content\/uploads\/2012\/08\/puntaabreojos5-300x200.jpg\" class=\"attachment-medium size-medium\" alt=\"\" srcset=\"http:\/\/kitesurfvacation.com\/wp-content\/uploads\/2012\/08\/puntaabreojos5-300x200.jpg 300w, http:\/\/kitesurfvacation.com\/wp-content\/uploads\/2012\/08\/puntaabreojos5.jpg 900w\" sizes=\"auto, (max-width: 300px) 100vw, 300px\" \/><\/a>\n\t\t\t<\/dt><\/dl><br style=\"clear: both\" \/><dl class='gallery-item'>\n\t\t\t<dt class='gallery-icon landscape'>\n\t\t\t\t<a rel='wp-prettyPhoto[gallery]' href='http:\/\/kitesurfvacation.com\/wp-content\/uploads\/2012\/08\/puntaabreojos1.jpg'><img loading=\"lazy\" decoding=\"async\" width=\"300\" height=\"200\" src=\"http:\/\/kitesurfvacation.com\/wp-content\/uploads\/2012\/08\/puntaabreojos1-300x200.jpg\" class=\"attachment-medium size-medium\" alt=\"\" srcset=\"http:\/\/kitesurfvacation.com\/wp-content\/uploads\/2012\/08\/puntaabreojos1-300x200.jpg 300w, http:\/\/kitesurfvacation.com\/wp-content\/uploads\/2012\/08\/puntaabreojos1.jpg 900w\" sizes=\"auto, (max-width: 300px) 100vw, 300px\" \/><\/a>\n\t\t\t<\/dt><\/dl><dl class='gallery-item'>\n\t\t\t<dt class='gallery-icon landscape'>\n\t\t\t\t<a rel='wp-prettyPhoto[gallery]' href='http:\/\/kitesurfvacation.com\/wp-content\/uploads\/2012\/08\/puntaabreojos7.jpg'><img loading=\"lazy\" decoding=\"async\" width=\"300\" height=\"225\" src=\"http:\/\/kitesurfvacation.com\/wp-content\/uploads\/2012\/08\/puntaabreojos7-300x225.jpg\" class=\"attachment-medium size-medium\" alt=\"\" srcset=\"http:\/\/kitesurfvacation.com\/wp-content\/uploads\/2012\/08\/puntaabreojos7-300x225.jpg 300w, http:\/\/kitesurfvacation.com\/wp-content\/uploads\/2012\/08\/puntaabreojos7.jpg 990w\" sizes=\"auto, (max-width: 300px) 100vw, 300px\" \/><\/a>\n\t\t\t<\/dt><\/dl><dl class='gallery-item'>\n\t\t\t<dt class='gallery-icon landscape'>\n\t\t\t\t<a rel='wp-prettyPhoto[gallery]' href='http:\/\/kitesurfvacation.com\/wp-content\/uploads\/2012\/08\/puntaabreojos2.jpg'><img loading=\"lazy\" decoding=\"async\" width=\"300\" height=\"200\" src=\"http:\/\/kitesurfvacation.com\/wp-content\/uploads\/2012\/08\/puntaabreojos2-300x200.jpg\" class=\"attachment-medium size-medium\" alt=\"\" srcset=\"http:\/\/kitesurfvacation.com\/wp-content\/uploads\/2012\/08\/puntaabreojos2-300x200.jpg 300w, http:\/\/kitesurfvacation.com\/wp-content\/uploads\/2012\/08\/puntaabreojos2.jpg 900w\" sizes=\"auto, (max-width: 300px) 100vw, 300px\" \/><\/a>\n\t\t\t<\/dt><\/dl><br style=\"clear: both\" \/>\n\t\t<\/div>\n\n&nbsp;<\/p>\n\n<!-- Facebook Like Button v1.9.6 BEGIN [http:\/\/blog.bottomlessinc.com] -->\n<iframe src=\"http:\/\/www.facebook.com\/plugins\/like.php?href=http%3A%2F%2Fkitesurfvacation.com%2F%3Fpage_id%3D3541&amp;layout=standard&amp;show_faces=false&amp;width=450&amp;action=like&amp;colorscheme=light\" scrolling=\"no\" frameborder=\"0\" allowTransparency=\"true\" style=\"border:none; overflow:hidden; width:450px; height: 30px; align: left; margin: 2px 0px 2px 0px\"><\/iframe>\n<!-- Facebook Like Button END -->\n","protected":false},"excerpt":{"rendered":"<p>&nbsp;&nbsp;&nbsp; &nbsp;<\/p>\n","protected":false},"author":1,"featured_media":0,"parent":0,"menu_order":0,"comment_status":"closed","ping_status":"closed","template":"page-FullWidth.php","meta":{"footnotes":""},"class_list":["post-3541","page","type-page","status-publish","hentry"],"_links":{"self":[{"href":"http:\/\/kitesurfvacation.com\/index.php?rest_route=\/wp\/v2\/pages\/3541","targetHints":{"allow":["GET"]}}],"collection":[{"href":"http:\/\/kitesurfvacation.com\/index.php?rest_route=\/wp\/v2\/pages"}],"about":[{"href":"http:\/\/kitesurfvacation.com\/index.php?rest_route=\/wp\/v2\/types\/page"}],"author":[{"embeddable":true,"href":"http:\/\/kitesurfvacation.com\/index.php?rest_route=\/wp\/v2\/users\/1"}],"replies":[{"embeddable":true,"href":"http:\/\/kitesurfvacation.com\/index.php?rest_route=%2Fwp%2Fv2%2Fcomments&post=3541"}],"version-history":[{"count":7,"href":"http:\/\/kitesurfvacation.com\/index.php?rest_route=\/wp\/v2\/pages\/3541\/revisions"}],"predecessor-version":[{"id":11639,"href":"http:\/\/kitesurfvacation.com\/index.php?rest_route=\/wp\/v2\/pages\/3541\/revisions\/11639"}],"wp:attachment":[{"href":"http:\/\/kitesurfvacation.com\/index.php?rest_route=%2Fwp%2Fv2%2Fmedia&parent=3541"}],"curies":[{"name":"wp","href":"https:\/\/api.w.org\/{rel}","templated":true}]}}