{"id":3204,"date":"2012-07-20T21:53:42","date_gmt":"2012-07-20T21:53:42","guid":{"rendered":"http:\/\/kitesurfvacation.com\/?page_id=3204"},"modified":"2012-07-21T14:15:18","modified_gmt":"2012-07-21T14:15:18","slug":"descubra-playas-caribenas-en-un-yate-de-lujo","status":"publish","type":"page","link":"http:\/\/kitesurfvacation.com\/?page_id=3204","title":{"rendered":"Descubra playas caribe\u00f1as en un Yate de Lujo"},"content":{"rendered":"<div id=\"tweetbutton3204\" class=\"tw_button\" style=\"\"><a href=\"http:\/\/twitter.com\/share?url=http%3A%2F%2Fkitesurfvacation.com%2F%3Fpage_id%3D3204&amp;text=Descubra%20playas%20caribe%C3%B1as%20en%20un%20Yate%20de%20Lujo&amp;related=&amp;lang=en&amp;count=horizontal&amp;counturl=http%3A%2F%2Fkitesurfvacation.com%2F%3Fpage_id%3D3204\" class=\"twitter-share-button\"  style=\"width:55px;height:22px;background:transparent url('http:\/\/kitesurfvacation.com\/wp-content\/plugins\/wp-tweet-button\/tweetn.png') no-repeat  0 0;text-align:left;text-indent:-9999px;display:block;\">Tweet<\/a><\/div>\n<!-- Facebook Like Button v1.9.6 BEGIN [http:\/\/blog.bottomlessinc.com] -->\n<iframe src=\"http:\/\/www.facebook.com\/plugins\/like.php?href=http%3A%2F%2Fkitesurfvacation.com%2F%3Fpage_id%3D3204&amp;layout=standard&amp;show_faces=false&amp;width=450&amp;action=like&amp;colorscheme=light\" scrolling=\"no\" frameborder=\"0\" allowTransparency=\"true\" style=\"border:none; overflow:hidden; width:450px; height: 30px; align: left; margin: 2px 0px 2px 0px\"><\/iframe>\n<!-- Facebook Like Button END -->\n<table>\n<tbody>\n<tr>\n<td><img decoding=\"async\" src=\"_images\/yate500.jpg\" alt=\"\" \/><\/td>\n<td> <\/td>\n<td><img decoding=\"async\" src=\"_images\/yate200.jpg\" alt=\"\" \/><\/td>\n<\/tr>\n<tr>\n<td style=\"vertical-align: top; text-align: justify;\" colspan=\"3\" width=\"845\"><!-- CONTENIDO DE INFO --><\/p>\n<p style=\"text-align: justify;\">\n<p><strong>Descubra playas caribe\u00f1as en un Yate de Lujo<\/strong><\/p>\n<p style=\"text-align: justify;\">Disfruta de una aventura en un Yate de lujo durante 4 horas o todo el d\u00eda. Disfruta de un momento ideal con tu pareja, amigos, familia o despedida de soltera. Vive el sue\u00f1o en un para\u00edso de incre\u00edbles playas en la Riviera Maya a bordo de \u2018Big Chill\u2019, un majestuoso  yate Chris Craft Crowne . Nuestros tours salen de Puerto Aventuras todos los d\u00edas de la semana, en la ma\u00f1ana o en la tarde por una duraci\u00f3n de 4, 6 u 8 horas. Max. 8 personas.<\/p>\n<p style=\"text-align: justify;\">Nuestras viajes incluyen servicio de primera clase a bordo del yate para 8 privilegiadas personas.<\/p>\n<p style=\"text-align: justify;\">El \u2018Big Chill\u2019 ofrece: Amplia \u2018cockpit\u2019 \u00e1rea con bar, lounge y regadera, plataforma para nadar con escalera, sunpads para disfrutar del sol caribe\u00f1o, completo sistema de entretenimiento.<\/p>\n<p style=\"text-align: justify;\">Despu\u00e9s de recibir una breve introducci\u00f3n de seguridad a bordo, haremos una parada en  un famoso arrecife virgen al sur de Playa del Carmen, \u2018Punta Inah\u2019. Usted podr\u00e1 descansar, nadar en el agua de cristal o experimentar snorkelling. Uno de nuestros gu\u00edas biling\u00fces y profesionales, le har\u00e1 descubrir el arrecife para encontrar peces coloridos, tortugas, manta rayas y una gran variedad de vida tropical. Experimente los placeres de la pesca de fondo o pesca deportiva en el camino a la bella playa de Paamul o disfrute del sol caribe\u00f1o.<\/p>\n<p style=\"text-align: justify;\">Las excursiones incluyen: Servicio de primera clase, equipo profesional para la pesca deportiva, equipo completo para snorkelling, bebidas y refrigerios a bordo.<\/p>\n<p>\u2022\tHalf Day ( 4hrs ) \t\t$ 590 usd<\/p>\n<p>\u2022\tHalf Day (6 hrs )\t              $ 790 usd<\/p>\n<p>\u2022\tAll day ( 8 hrs )\t\t$ 990 usd<\/p>\n<\/td>\n<td> <\/td>\n<\/tr>\n<tr>\n<td colspan=\"3\"><div class=\"clear\"><\/div><div class=\"tabs-wrapper\"><ul class=\"tabs\"><li><a href=\"javascript:void(0)\" class=\"defaulttab\" rel=\"tab1868\"><span>1<\/span><\/a><\/li><li><a href=\"javascript:void(0)\" rel=\"tab1646\"><span>2<\/span><\/a><\/li><li><a href=\"javascript:void(0)\" rel=\"tab1933\"><span>3<\/span><\/a><\/li><li><a href=\"javascript:void(0)\" rel=\"tab1273\"><span>4<\/span><\/a><\/li><li><a href=\"javascript:void(0)\" rel=\"tab1184\"><span>5<\/span><\/a><\/li><li><a href=\"javascript:void(0)\" rel=\"tab1617\"><span>6<\/span><\/a><\/li><\/ul><div class=\"tab-content\" id=\"tab1868\"><div class=\"tabs-inner-padding\"><img decoding=\"async\" src=\"_images\/yate4.jpg\"  \/><\/div><\/div><div class=\"tab-content\" id=\"tab1646\"><div class=\"tabs-inner-padding\"><img decoding=\"async\" src=\"_images\/yate5.jpg\" \/><\/div><\/div><div class=\"tab-content\" id=\"tab1933\"><div class=\"tabs-inner-padding\"><img decoding=\"async\" src=\"_images\/yate3.jpg\" \/><\/div><\/div><div class=\"tab-content\" id=\"tab1273\"><div class=\"tabs-inner-padding\"><img decoding=\"async\" src=\"_images\/yate2.jpg\" \/><\/div><\/div><div class=\"tab-content\" id=\"tab1184\"><div class=\"tabs-inner-padding\"><img decoding=\"async\" src=\"_images\/yate6.jpg\" \/><\/div><\/div><div class=\"tab-content\" id=\"tab1617\"><div class=\"tabs-inner-padding\"><img decoding=\"async\" src=\"_images\/yate7.jpg\"  \/><\/div><\/div><\/div><!-- tabs-wrapper end --><div class=\"clear\"><\/div><\/td>\n<\/tr>\n<tr>\n<td>\n                <a class=\"medium custom-button align-btn-left\" href=\"http:\/\/kitesurfvacation.com\/?page_id=2810#prop\" title=\"m\u00e1s tours y actividades\"><span style=\"background-color:#FF5C00; color:#FFFFFF\"> :: m\u00e1s tours y actividades:: <\/span><\/a>\n\t     <\/td>\n<\/tr>\n<\/tbody>\n<\/table>\n\n<!-- Facebook Like Button v1.9.6 BEGIN [http:\/\/blog.bottomlessinc.com] -->\n<iframe src=\"http:\/\/www.facebook.com\/plugins\/like.php?href=http%3A%2F%2Fkitesurfvacation.com%2F%3Fpage_id%3D3204&amp;layout=standard&amp;show_faces=false&amp;width=450&amp;action=like&amp;colorscheme=light\" scrolling=\"no\" frameborder=\"0\" allowTransparency=\"true\" style=\"border:none; overflow:hidden; width:450px; height: 30px; align: left; margin: 2px 0px 2px 0px\"><\/iframe>\n<!-- Facebook Like Button END -->\n","protected":false},"excerpt":{"rendered":"<p>Descubra playas caribe\u00f1as en un Yate de Lujo Disfruta de una aventura en un Yate de lujo durante 4 horas o todo el d\u00eda. Disfruta de un momento ideal con tu pareja, amigos, familia o despedida de soltera. Vive el sue\u00f1o en un para\u00edso de incre\u00edbles playas [&hellip;]<\/p>\n","protected":false},"author":1,"featured_media":0,"parent":0,"menu_order":0,"comment_status":"closed","ping_status":"open","template":"page-FullWidth.php","meta":{"footnotes":""},"class_list":["post-3204","page","type-page","status-publish","hentry"],"_links":{"self":[{"href":"http:\/\/kitesurfvacation.com\/index.php?rest_route=\/wp\/v2\/pages\/3204","targetHints":{"allow":["GET"]}}],"collection":[{"href":"http:\/\/kitesurfvacation.com\/index.php?rest_route=\/wp\/v2\/pages"}],"about":[{"href":"http:\/\/kitesurfvacation.com\/index.php?rest_route=\/wp\/v2\/types\/page"}],"author":[{"embeddable":true,"href":"http:\/\/kitesurfvacation.com\/index.php?rest_route=\/wp\/v2\/users\/1"}],"replies":[{"embeddable":true,"href":"http:\/\/kitesurfvacation.com\/index.php?rest_route=%2Fwp%2Fv2%2Fcomments&post=3204"}],"version-history":[{"count":9,"href":"http:\/\/kitesurfvacation.com\/index.php?rest_route=\/wp\/v2\/pages\/3204\/revisions"}],"predecessor-version":[{"id":3206,"href":"http:\/\/kitesurfvacation.com\/index.php?rest_route=\/wp\/v2\/pages\/3204\/revisions\/3206"}],"wp:attachment":[{"href":"http:\/\/kitesurfvacation.com\/index.php?rest_route=%2Fwp%2Fv2%2Fmedia&parent=3204"}],"curies":[{"name":"wp","href":"https:\/\/api.w.org\/{rel}","templated":true}]}}