{"id":2846,"date":"2012-05-25T18:23:55","date_gmt":"2012-05-25T18:23:55","guid":{"rendered":"http:\/\/kitesurfvacation.com\/?page_id=2846"},"modified":"2019-11-28T20:18:04","modified_gmt":"2019-11-29T02:18:04","slug":"clases-y-cursos-de-kitesurf-en-mexico","status":"publish","type":"page","link":"http:\/\/kitesurfvacation.com\/?page_id=2846","title":{"rendered":"Clases y cursos de Kitesurfing"},"content":{"rendered":"<div id=\"tweetbutton2846\" class=\"tw_button\" style=\"\"><a href=\"http:\/\/twitter.com\/share?url=http%3A%2F%2Fkitesurfvacation.com%2F%3Fpage_id%3D2846&amp;text=Clases%20y%20cursos%20de%20Kitesurfing&amp;related=&amp;lang=en&amp;count=horizontal&amp;counturl=http%3A%2F%2Fkitesurfvacation.com%2F%3Fpage_id%3D2846\" class=\"twitter-share-button\"  style=\"width:55px;height:22px;background:transparent url('http:\/\/kitesurfvacation.com\/wp-content\/plugins\/wp-tweet-button\/tweetn.png') no-repeat  0 0;text-align:left;text-indent:-9999px;display:block;\">Tweet<\/a><\/div>\n<!-- Facebook Like Button v1.9.6 BEGIN [http:\/\/blog.bottomlessinc.com] -->\n<iframe src=\"http:\/\/www.facebook.com\/plugins\/like.php?href=http%3A%2F%2Fkitesurfvacation.com%2F%3Fpage_id%3D2846&amp;layout=standard&amp;show_faces=false&amp;width=450&amp;action=like&amp;colorscheme=light\" scrolling=\"no\" frameborder=\"0\" allowTransparency=\"true\" style=\"border:none; overflow:hidden; width:450px; height: 30px; align: left; margin: 2px 0px 2px 0px\"><\/iframe>\n<!-- Facebook Like Button END -->\n<p><a href=\"http:\/\/kitesurfvacation.com\/wp-content\/uploads\/2012\/05\/kiteboardinglessonsmexico3-e1541027695674.jpg\" rel=\"wp-prettyPhoto[2846]\"><img loading=\"lazy\" decoding=\"async\" src=\"http:\/\/kitesurfvacation.com\/wp-content\/uploads\/2012\/05\/kiteboardinglessonsmexico3-e1541027695674.jpg\" alt=\"escueladekitesurfmexico\" width=\"600\" height=\"450\" class=\"aligncenter size-full wp-image-13242\" \/><\/a><\/p>\n<p><!-- CONTENIDO DE INFO --><\/p>\n<p><strong>El estudiante de <a href=\"http:\/\/es.wikipedia.org\/wiki\/Kitesurf\">kitesurf<\/a> aprender\u00e1 en la escuela de kitesurfing los siguientes conocimientos y habilidades:<\/strong><\/p>\n<p>Nivel 1 en tierra (Curso Introductorio al Kitesurfing, 3 horas)<\/p>\n<p style=\"text-align: justify;\">-Conocimiento de las direcciones del <em>viento<\/em> y las condiciones seguras para volar, -Conocimiento y detecci\u00f3n de obst\u00e1culos en el lugar, -Entendimiento de los requisitos para contar con una segura \u00e1rea de despegue, -Preparaci\u00f3n y ajuste inicial de un kite de entrenamiento, -Conocimiento de las medida y <em>sistemas de seguridad<\/em>, -Contar\u00e1 con las habilidades b\u00e1sicas para volar un kite de entrenamiento, -Despegue y aterrizaje del kite de entrenamiento, -Conocimiento de la <strong>ventana de viento<\/strong>. -Preparaci\u00f3n y ajustes iniciales del equipo (kite 4 l\u00edneas inflable) de una manera independiente y segura, as\u00ed como un pre-vuelo de revisi\u00f3n, -Usar y comprobar el funcionamiento de sistemas de seguridad del equipo, -Conocimiento del uso y funcionamiento del arn\u00e9s, -Conocimiento del uso de las se\u00f1ales internacionales de comunicaci\u00f3n,-Efectuar un <em>despegue y aterrizaje <\/em>seguro de un<em> <a href=\"http:\/\/www.youtube.com\/watch?v=uY8OhYC17UY\" rel=\"wp-prettyPhoto[2846]\">(video)<\/a> kite inflable<\/em>, -Control del kite enganchado al arn\u00e9s, -Entendimiento del sistema de-power, -Jalar y activar el quick release y el leash, -Efectuar las <a href=\"http:\/\/www.kitepedia.com\/kitesurf\/Tecnica_de_Autorescate_Kitesurf\">t\u00e9cnicas de auto rescate <\/a>desarmando el kite para llegar a la playa con el equipo completo,<\/p>\n<p><strong>Nivel 2 en el agua ( Intermedio, 3 horas aprox.) <\/strong><\/p>\n<p style=\"text-align: justify;\">-Entrar y salir del agua de una forma segura e independiente mientras se controla el kite. -Despegue del kite desde el agua. -Correcto control y posici\u00f3n del kite en la ventana de viento, -Primer arrastre en el agua en direcci\u00f3n del viento (body drag), -Body drag arriba del viento para recuperar la tabla <a href=\"http:\/\/www.youtube.com\/watch?v=jXERnPqe0Uw\" rel=\"wp-prettyPhoto[2846]\">(video), <\/a>-Entender y practicar el movimiento del kite para generar la fuerza inicial, -Conocimiento de las <strong>reglas de seguridad<\/strong> y teor\u00eda de inicio desde el agua, -Conocimiento de las reglas de navegaci\u00f3n, -Conocimiento del ajuste y elecci\u00f3n del equipo de acuerdo a las condiciones de viento,<\/p>\n<p><strong>Nivel 3 (3 horas aprox.)<\/strong><\/p>\n<p style=\"text-align: justify;\">-Ajustarse la tabla en los pies mientras controla el kite en la posici\u00f3n correcta, -Inicio desde el agua en ambas direcciones y navegando distancias cortas,-Efectuar la <a href=\"http:\/\/www.youtube.com\/watch?v=Qm2-RvcL74k\">salida inicial en la tabla <\/a>con el completo control del kite de una forma independiente, -Control de la velocidad al navegar mediante la fuerza en el tal\u00f3n trasero (edge), -Navegar consistentemente en ambas direcciones, -Navegar consistentemente arriba del viento (upwind), -Auto rescate y guardado del equipo desde el agua, -Control y prevenci\u00f3n de los riesgos del area de navegaci\u00f3n, -Mantener el control en casi todas las condiciones de viento.<\/p>\n<p><strong>Comun\u00edcate con nosotros para organizar y agendar tu curso o clase de kiteboarding o en caso de que tengas alguna otra duda al respecto.<\/strong><\/p>\n<p>&nbsp;<\/p>\n<p><a href=\"http:\/\/kitesurfvacation.com\/wp-content\/uploads\/2012\/05\/kitecampislablanca2018-35-of-53-e1541027213370.jpg\" rel=\"wp-prettyPhoto[2846]\"><img loading=\"lazy\" decoding=\"async\" class=\"aligncenter size-full wp-image-13239\" src=\"http:\/\/kitesurfvacation.com\/wp-content\/uploads\/2012\/05\/kitecampislablanca2018-35-of-53-e1541027213370.jpg\" alt=\"\" width=\"960\" height=\"640\" \/><\/a><\/p>\n<p>Aparte de las clases para principiantes, tambi\u00e9n tenemos diferentes cursos para avanzados. Desde saltos, trucos y cualquier t\u00e9cnica para mejorar tu progresi\u00f3n en tu nivel de kiteboarding.<\/p>\n<p style=\"text-align: left;\">Por otro lado, hemos comenzado a impartir clases de <strong>Kite Hydrofoil.<\/strong> Esta nueva modalidad nos ha permitido navegar hasta con vientos de 6 nudos. Es una excelente opci\u00f3n para d\u00edas con poco viento y sobre todo para aprender algo nuevo. <strong>El kite foilboarding, hydrofoiling, foil <\/strong>o<strong> foilboarding<\/strong> consiste en un utilizar una tabla especial la cual lleva un m\u00e1stil, fuselaje y dos alas, lo cual genera un lift y menos resistencia para estar \u00abflotando\u00bb arriba del agua.<\/p>\n\n<!-- Facebook Like Button v1.9.6 BEGIN [http:\/\/blog.bottomlessinc.com] -->\n<iframe src=\"http:\/\/www.facebook.com\/plugins\/like.php?href=http%3A%2F%2Fkitesurfvacation.com%2F%3Fpage_id%3D2846&amp;layout=standard&amp;show_faces=false&amp;width=450&amp;action=like&amp;colorscheme=light\" scrolling=\"no\" frameborder=\"0\" allowTransparency=\"true\" style=\"border:none; overflow:hidden; width:450px; height: 30px; align: left; margin: 2px 0px 2px 0px\"><\/iframe>\n<!-- Facebook Like Button END -->\n","protected":false},"excerpt":{"rendered":"<p>El estudiante de kitesurf aprender\u00e1 en la escuela de kitesurfing los siguientes conocimientos y habilidades: Nivel 1 en tierra (Curso Introductorio al Kitesurfing, 3 horas) -Conocimiento de las direcciones del viento y las condiciones seguras para volar, -Conocimiento y detecci\u00f3n de obst\u00e1culos en el lugar, -Entendimiento de [&hellip;]<\/p>\n","protected":false},"author":1,"featured_media":0,"parent":0,"menu_order":0,"comment_status":"closed","ping_status":"closed","template":"page-FullWidth.php","meta":{"footnotes":""},"class_list":["post-2846","page","type-page","status-publish","hentry"],"_links":{"self":[{"href":"http:\/\/kitesurfvacation.com\/index.php?rest_route=\/wp\/v2\/pages\/2846","targetHints":{"allow":["GET"]}}],"collection":[{"href":"http:\/\/kitesurfvacation.com\/index.php?rest_route=\/wp\/v2\/pages"}],"about":[{"href":"http:\/\/kitesurfvacation.com\/index.php?rest_route=\/wp\/v2\/types\/page"}],"author":[{"embeddable":true,"href":"http:\/\/kitesurfvacation.com\/index.php?rest_route=\/wp\/v2\/users\/1"}],"replies":[{"embeddable":true,"href":"http:\/\/kitesurfvacation.com\/index.php?rest_route=%2Fwp%2Fv2%2Fcomments&post=2846"}],"version-history":[{"count":28,"href":"http:\/\/kitesurfvacation.com\/index.php?rest_route=\/wp\/v2\/pages\/2846\/revisions"}],"predecessor-version":[{"id":12777,"href":"http:\/\/kitesurfvacation.com\/index.php?rest_route=\/wp\/v2\/pages\/2846\/revisions\/12777"}],"wp:attachment":[{"href":"http:\/\/kitesurfvacation.com\/index.php?rest_route=%2Fwp%2Fv2%2Fmedia&parent=2846"}],"curies":[{"name":"wp","href":"https:\/\/api.w.org\/{rel}","templated":true}]}}