{"id":2810,"date":"2012-05-25T15:39:05","date_gmt":"2012-05-25T15:39:05","guid":{"rendered":"http:\/\/kitesurfvacation.com\/?page_id=2810"},"modified":"2016-07-26T14:20:05","modified_gmt":"2016-07-26T19:20:05","slug":"tours-y-actividades","status":"publish","type":"page","link":"http:\/\/kitesurfvacation.com\/?page_id=2810","title":{"rendered":"Tours y Actividades"},"content":{"rendered":"<div id=\"tweetbutton2810\" class=\"tw_button\" style=\"\"><a href=\"http:\/\/twitter.com\/share?url=http%3A%2F%2Fkitesurfvacation.com%2F%3Fpage_id%3D2810&amp;text=Tours%20y%20Actividades&amp;related=&amp;lang=en&amp;count=horizontal&amp;counturl=http%3A%2F%2Fkitesurfvacation.com%2F%3Fpage_id%3D2810\" class=\"twitter-share-button\"  style=\"width:55px;height:22px;background:transparent url('http:\/\/kitesurfvacation.com\/wp-content\/plugins\/wp-tweet-button\/tweetn.png') no-repeat  0 0;text-align:left;text-indent:-9999px;display:block;\">Tweet<\/a><\/div>\n<!-- Facebook Like Button v1.9.6 BEGIN [http:\/\/blog.bottomlessinc.com] -->\n<iframe src=\"http:\/\/www.facebook.com\/plugins\/like.php?href=http%3A%2F%2Fkitesurfvacation.com%2F%3Fpage_id%3D2810&amp;layout=standard&amp;show_faces=false&amp;width=450&amp;action=like&amp;colorscheme=light\" scrolling=\"no\" frameborder=\"0\" allowTransparency=\"true\" style=\"border:none; overflow:hidden; width:450px; height: 30px; align: left; margin: 2px 0px 2px 0px\"><\/iframe>\n<!-- Facebook Like Button END -->\n<p><a href=\"http:\/\/kitesurfvacation.com\/wp-content\/uploads\/2016\/07\/actividadestoursmexico.jpg\" rel=\"wp-prettyPhoto[2810]\"><img loading=\"lazy\" decoding=\"async\" class=\"aligncenter size-full wp-image-7044\" src=\"http:\/\/kitesurfvacation.com\/wp-content\/uploads\/2016\/07\/actividadestoursmexico.jpg\" alt=\"kitesurfing packages\" width=\"850\" height=\"300\" \/><\/a><\/p>\n<p style=\"text-align: justify;\">Adem\u00e1s de venir a kitesurfear a nuestros excelentes destinos de kite, te recomendamos plenamente conocer un poco m\u00e1s sobre las costumbres y tradiciones del pa\u00eds. Planea alg\u00fan d\u00eda libre o igual para los d\u00edas sin viento, te sugerimos varias actividades a realizar como <strong>deportes acu\u00e1ticos y de aventura, tours arqueol\u00f3gicos, paseos culturales, visitas a pueblos m\u00e1gicos, playas, cenotes, islas, ruinas,<\/strong> etc.<\/p>\n<p style=\"text-align: justify;\">Estamos comprometidos en mostrar a nuestros visitantes <strong>la riqueza natural y cultural de M\u00e9xico.<\/strong> En ese sentido, formamos alianzas con los mejores gu\u00edas, instructores y operadores de tours principalmente mexicanos que brindan un servicio personalizado a nuestros clientes. Las actividades que sugerimos van acorde a nuestra filosof\u00eda, enfocadas a un turismo m\u00e1s consciente sobre la ecolog\u00eda y respeto por la naturaleza. Definitivamente no fomentamos ning\u00fan tour en masa o que vaya en contra del medio ambiente.<\/p>\n<p style=\"text-align: justify;\">En cada zona del pa\u00eds contamos con una gu\u00eda de actividades, tours y cosas que hacer. Podr\u00e1s realizar algunas de estas actividades por tu cuenta o visitar ciertos lugares t\u00fa mismo, pero en otros casos te recomendamos plenamente que tomes un tour o gu\u00eda. Garantizamos la responsabilidad, profesionalidad y el buen servicio de los operadores de tours que sugerimos. <\/p>\n<p><strong>Haz click en la zona que visites para ver todas las opciones de actividades:<\/strong><br \/>\n<!--FIN 4--><\/p>\n<table><!--Riviera Maya y Pen\u00ednsula de Yucatan --><\/p>\n<tbody>\n<tr>\n<td style=\"vertical-align: top;\" width=\"50%\"><span class=\"custom-frame alignleft frame-shadow\"><img loading=\"lazy\" decoding=\"async\" class=\" size-medium wp-image-1819\" title=\"bucerias\" src=\"http:\/\/kitesurfvacation.com\/wp-content\/uploads\/2016\/07\/actividadesrivieramaya.jpg\" alt=\"\" width=\"420\" height=\"230\" \/><\/span><\/td>\n<td>\n<h3>La Riviera Maya (Caribe) y la Peninsula de Yucat\u00e1n<\/h3>\n<p style=\"text-align: justify;\">La Riviera Maya se extiende a lo largo de la costa caribe\u00f1a mexicana y la Pen\u00ednsula de Yucat\u00e1n. Es la casa de las mejores playas en M\u00e9xico, ruinas esc\u00e9nicas, reservas de la biosfera y m\u00e1gicos cenotes. Conoce m\u00e1s de la cultura Maya y explora el Caribe Mexicano.<\/p>\n\n                <a class=\"medium custom-button align-btn-left\" href=\"http:\/\/kitesurfvacation.com\/?page_id=9829\" title=\"tours y actividades\"><span style=\"background-color:#FF5C00; color:#FFFFFF\">tours y actividades<\/span><\/a>\n\t     \n<hr \/>\n<\/td>\n<\/tr>\n<\/tr>\n<\/tr>\n<\/tr>\n<p><!--Baja California.--><\/p>\n<tr>\n<td style=\"vertical-align: top;\" width=\"50%\"><span class=\"custom-frame alignleft frame-shadow\"><img loading=\"lazy\" decoding=\"async\" class=\" size-medium wp-image-1819\" title=\"Baja California tours\" src=\"http:\/\/kitesurfvacation.com\/wp-content\/uploads\/2016\/07\/actividadesbaja.jpg\" alt=\"\" width=\"420\" height=\"230\" \/><\/span><\/td>\n<td>\n<h3>Baja California<\/h3>\n<p style=\"text-align: justify;\">En construcci\u00f3n<\/p>\n<hr \/>\n<\/td>\n<\/tr>\n<\/tbody>\n<\/table>\n\n<!-- Facebook Like Button v1.9.6 BEGIN [http:\/\/blog.bottomlessinc.com] -->\n<iframe src=\"http:\/\/www.facebook.com\/plugins\/like.php?href=http%3A%2F%2Fkitesurfvacation.com%2F%3Fpage_id%3D2810&amp;layout=standard&amp;show_faces=false&amp;width=450&amp;action=like&amp;colorscheme=light\" scrolling=\"no\" frameborder=\"0\" allowTransparency=\"true\" style=\"border:none; overflow:hidden; width:450px; height: 30px; align: left; margin: 2px 0px 2px 0px\"><\/iframe>\n<!-- Facebook Like Button END -->\n","protected":false},"excerpt":{"rendered":"<p>Adem\u00e1s de venir a kitesurfear a nuestros excelentes destinos de kite, te recomendamos plenamente conocer un poco m\u00e1s sobre las costumbres y tradiciones del pa\u00eds. Planea alg\u00fan d\u00eda libre o igual para los d\u00edas sin viento, te sugerimos varias actividades a realizar como deportes acu\u00e1ticos y de [&hellip;]<\/p>\n","protected":false},"author":1,"featured_media":0,"parent":0,"menu_order":0,"comment_status":"closed","ping_status":"closed","template":"page-FullWidth.php","meta":{"footnotes":""},"class_list":["post-2810","page","type-page","status-publish","hentry"],"_links":{"self":[{"href":"http:\/\/kitesurfvacation.com\/index.php?rest_route=\/wp\/v2\/pages\/2810","targetHints":{"allow":["GET"]}}],"collection":[{"href":"http:\/\/kitesurfvacation.com\/index.php?rest_route=\/wp\/v2\/pages"}],"about":[{"href":"http:\/\/kitesurfvacation.com\/index.php?rest_route=\/wp\/v2\/types\/page"}],"author":[{"embeddable":true,"href":"http:\/\/kitesurfvacation.com\/index.php?rest_route=\/wp\/v2\/users\/1"}],"replies":[{"embeddable":true,"href":"http:\/\/kitesurfvacation.com\/index.php?rest_route=%2Fwp%2Fv2%2Fcomments&post=2810"}],"version-history":[{"count":19,"href":"http:\/\/kitesurfvacation.com\/index.php?rest_route=\/wp\/v2\/pages\/2810\/revisions"}],"predecessor-version":[{"id":9063,"href":"http:\/\/kitesurfvacation.com\/index.php?rest_route=\/wp\/v2\/pages\/2810\/revisions\/9063"}],"wp:attachment":[{"href":"http:\/\/kitesurfvacation.com\/index.php?rest_route=%2Fwp%2Fv2%2Fmedia&parent=2810"}],"curies":[{"name":"wp","href":"https:\/\/api.w.org\/{rel}","templated":true}]}}