{"id":2786,"date":"2012-05-17T23:21:33","date_gmt":"2012-05-17T23:21:33","guid":{"rendered":"http:\/\/kitesurfvacation.com\/?page_id=2786"},"modified":"2012-05-25T16:45:16","modified_gmt":"2012-05-25T16:45:16","slug":"tortugas-marinas-y-cenotes","status":"publish","type":"page","link":"http:\/\/kitesurfvacation.com\/?page_id=2786","title":{"rendered":"Tortugas Marinas y Cenotes"},"content":{"rendered":"<div id=\"tweetbutton2786\" class=\"tw_button\" style=\"\"><a href=\"http:\/\/twitter.com\/share?url=http%3A%2F%2Fkitesurfvacation.com%2F%3Fpage_id%3D2786&amp;text=Tortugas%20Marinas%20y%20Cenotes&amp;related=&amp;lang=en&amp;count=horizontal&amp;counturl=http%3A%2F%2Fkitesurfvacation.com%2F%3Fpage_id%3D2786\" class=\"twitter-share-button\"  style=\"width:55px;height:22px;background:transparent url('http:\/\/kitesurfvacation.com\/wp-content\/plugins\/wp-tweet-button\/tweetn.png') no-repeat  0 0;text-align:left;text-indent:-9999px;display:block;\">Tweet<\/a><\/div>\n<!-- Facebook Like Button v1.9.6 BEGIN [http:\/\/blog.bottomlessinc.com] -->\n<iframe src=\"http:\/\/www.facebook.com\/plugins\/like.php?href=http%3A%2F%2Fkitesurfvacation.com%2F%3Fpage_id%3D2786&amp;layout=standard&amp;show_faces=false&amp;width=450&amp;action=like&amp;colorscheme=light\" scrolling=\"no\" frameborder=\"0\" allowTransparency=\"true\" style=\"border:none; overflow:hidden; width:450px; height: 30px; align: left; margin: 2px 0px 2px 0px\"><\/iframe>\n<!-- Facebook Like Button END -->\n<table>\n<tbody>\n<tr>\n<td><img decoding=\"async\" src=\"_images\/tortugas500.jpg\" alt=\"\" \/><\/td>\n<td> <\/td>\n<td><img decoding=\"async\" src=\"_images\/tortugas200.jpg\" alt=\"\" \/><\/td>\n<\/tr>\n<tr>\n<td style=\"vertical-align: top; text-align: justify;\" colspan=\"3\" width=\"845\"><!-- CONTENIDO DE INFO --><\/p>\n<p style=\"text-align: justify;\"> Alrededor de las 9:00 de la ma\u00f1ana llegaremos al cenote. Exploraremos 2 cenotes, uno abierto y uno cerrado, donde podremos ver la cristalina agua con visibilidad de 150 m., estalactitas y estalagmitas. Despu\u00e9s de los cenotes contaremos una hora para relajarse y asolearse en las llantas salvavidas del cenote abierto y tomar  aguas, refrescos, y comer algo frutas y s\u00e1ndwiches.<\/p>\n<p style=\"text-align: justify;\">Despu\u00e9s del snack nos dirigimos a la bah\u00eda de Akumal a 20 minutos del cenote.El nado con las tortugas est\u00e1 completamente garantizado. Haremos snorkel en la bah\u00eda de Akumal, veremos arrecife de coral, pez mera, rayas y tortugas. Estaremos de vuelta a los hoteles aproximadamente a las 2 de la tarde. <\/p>\n<p><strong>Importante traer:<\/strong><br \/>\nToalla, Protector biodegradable, Playera, Sandalias, <\/p>\n<p><strong>El Tour incluye:<\/strong><br \/>\n\u2022\tSnorkel en 2 diferentes cenotes (unos abierto y uno cerrado)<br \/>\n\u2022\tSnorkel en arrecife de coral.<br \/>\n\u2022\tTransporte con aire acondicionado (van).<br \/>\n\u2022\tSnorkel con tortugas  completamente garantizado.<br \/>\n\u2022\tRefresco y Agua  durante todo el d\u00eda.<br \/>\n\u2022\ts\u00e1ndwiches  y Snack de frutas .<br \/>\n\u2022\tTodo el equipo completo para las actividades.<br \/>\n\u2022\tGu\u00edas en franc\u00e9s, italiano, espa\u00f1ol, ingl\u00e9s, holand\u00e9s, alem\u00e1n.\n<\/p>\n<\/td>\n<td> <\/td>\n<\/tr>\n<tr>\n<td colspan=\"3\"><div class=\"clear\"><\/div><div class=\"tabs-wrapper\"><ul class=\"tabs\"><li><a href=\"javascript:void(0)\" class=\"defaulttab\" rel=\"tab1911\"><span>1<\/span><\/a><\/li><li><a href=\"javascript:void(0)\" rel=\"tab1141\"><span>2<\/span><\/a><\/li><li><a href=\"javascript:void(0)\" rel=\"tab1866\"><span>3<\/span><\/a><\/li><li><a href=\"javascript:void(0)\" rel=\"tab1868\"><span>4<\/span><\/a><\/li><li><a href=\"javascript:void(0)\" rel=\"tab1412\"><span>5<\/span><\/a><\/li><li><a href=\"javascript:void(0)\" rel=\"tab1286\"><span>6<\/span><\/a><\/li><li><a href=\"javascript:void(0)\" rel=\"tab1587\"><span>7<\/span><\/a><\/li><\/ul><div class=\"tab-content\" id=\"tab1911\"><div class=\"tabs-inner-padding\"><img decoding=\"async\" src=\"_images\/tortugas1.jpg\"  \/><\/div><\/div><div class=\"tab-content\" id=\"tab1141\"><div class=\"tabs-inner-padding\"><img decoding=\"async\" src=\"_images\/tortugas2.jpg\" \/><\/div><\/div><div class=\"tab-content\" id=\"tab1866\"><div class=\"tabs-inner-padding\"><img decoding=\"async\" src=\"_images\/tortugas3.jpg\" \/><\/div><\/div><div class=\"tab-content\" id=\"tab1868\"><div class=\"tabs-inner-padding\"><img decoding=\"async\" src=\"_images\/tortugas4.jpg\" \/><\/div><\/div><div class=\"tab-content\" id=\"tab1412\"><div class=\"tabs-inner-padding\"><img decoding=\"async\" src=\"_images\/tortugas5.jpg\" \/><\/div><\/div><div class=\"tab-content\" id=\"tab1286\"><div class=\"tabs-inner-padding\"><img decoding=\"async\" src=\"_images\/tortugas6.jpg\" \/><\/div><\/div><div class=\"tab-content\" id=\"tab1587\"><div class=\"tabs-inner-padding\"><img decoding=\"async\" src=\"_images\/tortugas7.jpg\"  \/><\/div><\/div><\/div><!-- tabs-wrapper end --><div class=\"clear\"><\/div><\/td>\n<\/tr>\n<tr>\n<td>\n                <a class=\"medium custom-button align-btn-left\" href=\"http:\/\/kitesurfvacation.com\/?page_id=2810#prop\" title=\"more properties in Bucerias\"><span style=\"background-color:#FF5C00; color:#FFFFFF\"> :: m\u00e1s tours y actividades:: <\/span><\/a>\n\t     <\/td>\n<\/tr>\n<\/tbody>\n<\/table>\n\n<!-- Facebook Like Button v1.9.6 BEGIN [http:\/\/blog.bottomlessinc.com] -->\n<iframe src=\"http:\/\/www.facebook.com\/plugins\/like.php?href=http%3A%2F%2Fkitesurfvacation.com%2F%3Fpage_id%3D2786&amp;layout=standard&amp;show_faces=false&amp;width=450&amp;action=like&amp;colorscheme=light\" scrolling=\"no\" frameborder=\"0\" allowTransparency=\"true\" style=\"border:none; overflow:hidden; width:450px; height: 30px; align: left; margin: 2px 0px 2px 0px\"><\/iframe>\n<!-- Facebook Like Button END -->\n","protected":false},"excerpt":{"rendered":"<p>Alrededor de las 9:00 de la ma\u00f1ana llegaremos al cenote. Exploraremos 2 cenotes, uno abierto y uno cerrado, donde podremos ver la cristalina agua con visibilidad de 150 m., estalactitas y estalagmitas. Despu\u00e9s de los cenotes contaremos una hora para relajarse y asolearse en las llantas salvavidas [&hellip;]<\/p>\n","protected":false},"author":1,"featured_media":0,"parent":0,"menu_order":0,"comment_status":"closed","ping_status":"open","template":"page-FullWidth.php","meta":{"footnotes":""},"class_list":["post-2786","page","type-page","status-publish","hentry"],"_links":{"self":[{"href":"http:\/\/kitesurfvacation.com\/index.php?rest_route=\/wp\/v2\/pages\/2786","targetHints":{"allow":["GET"]}}],"collection":[{"href":"http:\/\/kitesurfvacation.com\/index.php?rest_route=\/wp\/v2\/pages"}],"about":[{"href":"http:\/\/kitesurfvacation.com\/index.php?rest_route=\/wp\/v2\/types\/page"}],"author":[{"embeddable":true,"href":"http:\/\/kitesurfvacation.com\/index.php?rest_route=\/wp\/v2\/users\/1"}],"replies":[{"embeddable":true,"href":"http:\/\/kitesurfvacation.com\/index.php?rest_route=%2Fwp%2Fv2%2Fcomments&post=2786"}],"version-history":[{"count":7,"href":"http:\/\/kitesurfvacation.com\/index.php?rest_route=\/wp\/v2\/pages\/2786\/revisions"}],"predecessor-version":[{"id":2822,"href":"http:\/\/kitesurfvacation.com\/index.php?rest_route=\/wp\/v2\/pages\/2786\/revisions\/2822"}],"wp:attachment":[{"href":"http:\/\/kitesurfvacation.com\/index.php?rest_route=%2Fwp%2Fv2%2Fmedia&parent=2786"}],"curies":[{"name":"wp","href":"https:\/\/api.w.org\/{rel}","templated":true}]}}