{"id":27,"date":"2011-12-13T03:19:15","date_gmt":"2011-12-13T03:19:15","guid":{"rendered":"http:\/\/kitesurfvacation.com\/?page_id=27"},"modified":"2016-04-22T00:25:55","modified_gmt":"2016-04-22T05:25:55","slug":"golfo-de-mexico-2","status":"publish","type":"page","link":"http:\/\/kitesurfvacation.com\/?page_id=27","title":{"rendered":"Golfo de M\u00e9xico&#8230;.(Kite Spots)"},"content":{"rendered":"<div id=\"tweetbutton27\" class=\"tw_button\" style=\"\"><a href=\"http:\/\/twitter.com\/share?url=http%3A%2F%2Fkitesurfvacation.com%2F%3Fpage_id%3D27&amp;text=Golfo%20de%20M%C3%A9xico%26%238230%3B.%28Kite%20Spots%29&amp;related=&amp;lang=en&amp;count=horizontal&amp;counturl=http%3A%2F%2Fkitesurfvacation.com%2F%3Fpage_id%3D27\" class=\"twitter-share-button\"  style=\"width:55px;height:22px;background:transparent url('http:\/\/kitesurfvacation.com\/wp-content\/plugins\/wp-tweet-button\/tweetn.png') no-repeat  0 0;text-align:left;text-indent:-9999px;display:block;\">Tweet<\/a><\/div>\n<!-- Facebook Like Button v1.9.6 BEGIN [http:\/\/blog.bottomlessinc.com] -->\n<iframe src=\"http:\/\/www.facebook.com\/plugins\/like.php?href=http%3A%2F%2Fkitesurfvacation.com%2F%3Fpage_id%3D27&amp;layout=standard&amp;show_faces=false&amp;width=450&amp;action=like&amp;colorscheme=light\" scrolling=\"no\" frameborder=\"0\" allowTransparency=\"true\" style=\"border:none; overflow:hidden; width:450px; height: 30px; align: left; margin: 2px 0px 2px 0px\"><\/iframe>\n<!-- Facebook Like Button END -->\n<table>\n<p><!--Veracruz --><\/p>\n<tr>\n<td width=\"50%\" style=\"vertical-align: top; \">\n<span class=\"custom-frame alignleft frame-shadow\"><img loading=\"lazy\" decoding=\"async\" src=\"http:\/\/kitesurfvacation.com\/wp-content\/uploads\/2011\/12\/costa-esmeralda1.jpg\" alt=\"\" title=\"bucerias\" width=\"420\"  height=\"230\" class=\" size-medium wp-image-1819\" \/><\/span>\n<\/td>\n<td>\n<h3> Veracruz y Costa Esmeralda.<\/h3>\n<p style=\"text-align:justify\">Excelentes playas para el kiteboarding en esta costa, playa tropical y muchos pozos petroleros. El estado de Veracruz ocupa una larga parte de la costa y a\u00fan se encuentran dispersos varios pueblos y sitios arqueol\u00f3gicos ya que es una parte no muy visitada en el pa\u00eds. La costa es ideal para downwinders. Mejor \u00e9poca: enero, febrero, marzo, abril, junio, octubre, noviembre y diciembre. Es famosa por los Nortes, que van desde octubre a marzo, con vientos de 20-40 nudos.<\/p>\n\n                <a class=\"medium custom-button align-btn-left\" href=\"http:\/\/kitesurfvacation.com\/?page_id=647\" title=\"m\u00e1s info & propiedades\"><span style=\"background-color:#FF5C00; color:#FFFFFF\">m\u00e1s info, fotos & propiedades<\/span><\/a>\n\t     \n<hr>\n<\/td>\n<\/tr>\n<p><!--Ciudad del Carmen, Campeche.--><\/p>\n<tr>\n<td width=\"50%\" style=\"vertical-align: top; \">\n<span class=\"custom-frame alignleft frame-shadow\"><img loading=\"lazy\" decoding=\"async\" src=\"http:\/\/www.kitesurfvacation.com\/_images\/ciudaddelcarmen420.jpg\" alt=\"\" title=\"Ciudad del Carmen\" width=\"420\"  height=\"230\" class=\" size-medium wp-image-1819\" \/><\/span>\n<\/td>\n<td>\n<h3>Ciudad del Carmen, Campeche.<\/h3>\n<p style=\"text-align:justify\">Ciudad del Carmen es una ciudad y puerto en el Estado de Campeche, un incre\u00edble spot para practicar el kiteboarding. Este puerto cuenta con una belleza inigualable, podr\u00e1 apreciar magnificas atracciones naturales como las aves y delfines en la Reserva Natural de La Laguna Terminos. Usted podr\u00e1 practicar el kiteboarding en diferentes spots cercanos como Playa Norte, Playa Bahamita y Ensenada Polcai. Temporada: Diciembre, Enero, Febrero, Marzo, Abril, Mayo. Promedio de viento (13-25 nudos). <\/p>\n\n                <a class=\"medium custom-button align-btn-left\" href=\"http:\/\/kitesurfvacation.com\/?page_id=3558\" title=\"m\u00e1s info & propiedades\"><span style=\"background-color:#FF5C00; color:#FFFFFF\">m\u00e1s info, fotos & propiedades<\/span><\/a>\n\t     \n<hr>\n<\/td>\n<\/tr>\n<p><!--Tampico, Tamaulipas.--><\/p>\n<tr>\n<td width=\"50%\" style=\"vertical-align: top; \">\n<span class=\"custom-frame alignleft frame-shadow\"><img loading=\"lazy\" decoding=\"async\" src=\"http:\/\/www.kitesurfvacation.com\/_images\/tampico420.jpg\" alt=\"\" title=\"Tampico\" width=\"420\"  height=\"230\" class=\" size-medium wp-image-1819\" \/><\/span>\n<\/td>\n<td>\n<h3>Tampico, Tamaulipas.<\/h3>\n<p style=\"text-align:justify\">Tampico es un Puerto en el Estado de Tamaulipas en el norte del pa\u00eds. Tampico es una ciudad multicultural rodeada de r\u00edos y lagunas, con incre\u00edbles paisajes. Aqu\u00ed encontrar\u00e1s muchos restaurantes, bares, hoteles, bancos, etc. El mejor spot para el kiteboarding en esta zona es la Playa Miramar. La mejor temporada en Tampico abarca de Octubre hasta Abril. Podr\u00e1s encontrar aguas no profundas y fondo de arena sin piedras. El viento generalmente es de 10 a 20 nudos. Cuando  llegan los \u2018nortes\u2019, los fuertes vientos llegan hasta m\u00e1s de 20 nudos..<\/p>\n\n                <a class=\"medium custom-button align-btn-left\" href=\"http:\/\/kitesurfvacation.com\/?page_id=3567\" title=\"m\u00e1s info & propiedades\"><span style=\"background-color:#FF5C00; color:#FFFFFF\">m\u00e1s info, fotos & propiedades<\/span><\/a>\n\t     \n<hr>\n<\/td>\n<\/tr>\n<\/table>\n\n<!-- Facebook Like Button v1.9.6 BEGIN [http:\/\/blog.bottomlessinc.com] -->\n<iframe src=\"http:\/\/www.facebook.com\/plugins\/like.php?href=http%3A%2F%2Fkitesurfvacation.com%2F%3Fpage_id%3D27&amp;layout=standard&amp;show_faces=false&amp;width=450&amp;action=like&amp;colorscheme=light\" scrolling=\"no\" frameborder=\"0\" allowTransparency=\"true\" style=\"border:none; overflow:hidden; width:450px; height: 30px; align: left; margin: 2px 0px 2px 0px\"><\/iframe>\n<!-- Facebook Like Button END -->\n","protected":false},"excerpt":{"rendered":"<p>Veracruz y Costa Esmeralda. Excelentes playas para el kiteboarding en esta costa, playa tropical y muchos pozos petroleros. El estado de Veracruz ocupa una larga parte de la costa y a\u00fan se encuentran dispersos varios pueblos y sitios arqueol\u00f3gicos ya que es una parte no muy visitada [&hellip;]<\/p>\n","protected":false},"author":1,"featured_media":0,"parent":6,"menu_order":4,"comment_status":"closed","ping_status":"closed","template":"page-FullWidth.php","meta":{"footnotes":""},"class_list":["post-27","page","type-page","status-publish","hentry"],"_links":{"self":[{"href":"http:\/\/kitesurfvacation.com\/index.php?rest_route=\/wp\/v2\/pages\/27","targetHints":{"allow":["GET"]}}],"collection":[{"href":"http:\/\/kitesurfvacation.com\/index.php?rest_route=\/wp\/v2\/pages"}],"about":[{"href":"http:\/\/kitesurfvacation.com\/index.php?rest_route=\/wp\/v2\/types\/page"}],"author":[{"embeddable":true,"href":"http:\/\/kitesurfvacation.com\/index.php?rest_route=\/wp\/v2\/users\/1"}],"replies":[{"embeddable":true,"href":"http:\/\/kitesurfvacation.com\/index.php?rest_route=%2Fwp%2Fv2%2Fcomments&post=27"}],"version-history":[{"count":20,"href":"http:\/\/kitesurfvacation.com\/index.php?rest_route=\/wp\/v2\/pages\/27\/revisions"}],"predecessor-version":[{"id":11576,"href":"http:\/\/kitesurfvacation.com\/index.php?rest_route=\/wp\/v2\/pages\/27\/revisions\/11576"}],"up":[{"embeddable":true,"href":"http:\/\/kitesurfvacation.com\/index.php?rest_route=\/wp\/v2\/pages\/6"}],"wp:attachment":[{"href":"http:\/\/kitesurfvacation.com\/index.php?rest_route=%2Fwp%2Fv2%2Fmedia&parent=27"}],"curies":[{"name":"wp","href":"https:\/\/api.w.org\/{rel}","templated":true}]}}