{"id":25,"date":"2011-12-13T03:18:55","date_gmt":"2011-12-13T03:18:55","guid":{"rendered":"http:\/\/kitesurfvacation.com\/?page_id=25"},"modified":"2018-08-11T09:52:24","modified_gmt":"2018-08-11T14:52:24","slug":"caribe-y-yucatan-2","status":"publish","type":"page","link":"http:\/\/kitesurfvacation.com\/?page_id=25","title":{"rendered":"Caribe Mexicano y Yucatan&#8230; (Kite Spots, Destinos y Playas de Kitesurfing)"},"content":{"rendered":"<div id=\"tweetbutton25\" class=\"tw_button\" style=\"\"><a href=\"http:\/\/twitter.com\/share?url=http%3A%2F%2Fkitesurfvacation.com%2F%3Fpage_id%3D25&amp;text=Caribe%20Mexicano%20y%20Yucatan%26%238230%3B%20%28Kite%20Spots%2C%20Destinos%20y%20Playas%20de%20Kitesurfing%29&amp;related=&amp;lang=en&amp;count=horizontal&amp;counturl=http%3A%2F%2Fkitesurfvacation.com%2F%3Fpage_id%3D25\" class=\"twitter-share-button\"  style=\"width:55px;height:22px;background:transparent url('http:\/\/kitesurfvacation.com\/wp-content\/plugins\/wp-tweet-button\/tweetn.png') no-repeat  0 0;text-align:left;text-indent:-9999px;display:block;\">Tweet<\/a><\/div>\n<!-- Facebook Like Button v1.9.6 BEGIN [http:\/\/blog.bottomlessinc.com] -->\n<iframe src=\"http:\/\/www.facebook.com\/plugins\/like.php?href=http%3A%2F%2Fkitesurfvacation.com%2F%3Fpage_id%3D25&amp;layout=standard&amp;show_faces=false&amp;width=450&amp;action=like&amp;colorscheme=light\" scrolling=\"no\" frameborder=\"0\" allowTransparency=\"true\" style=\"border:none; overflow:hidden; width:450px; height: 30px; align: left; margin: 2px 0px 2px 0px\"><\/iframe>\n<!-- Facebook Like Button END -->\n<table>\n<tbody>\n<tr>\n<td style=\"vertical-align: top;\" width=\"50%\"><span class=\"custom-frame alignleft frame-shadow\"><img loading=\"lazy\" decoding=\"async\" class=\" size-medium wp-image-1819\" title=\"playa del carmen\" src=\"http:\/\/kitesurfvacation.com\/wp-content\/uploads\/2011\/12\/pdc.jpg\" alt=\"\" width=\"420\" height=\"230\" \/><\/span><\/td>\n<td>\n<h3>Playa del Carmen<\/h3>\n<p style=\"text-align: justify;\">Playa del Carmen,  es un pueblo tur\u00edstico en la costa de <a href=\"http:\/\/www.qroo.gob.mx\/qroo\/\">Quintana Roo <\/a>en la Pen\u00ednsula de Yucat\u00e1n en M\u00e9xico. Es el centro de la Riviera Maya y ofrece sobretodo un atmosfera relajada, peque\u00f1as boutiques y distintivo aire europeo. Este lugar es uno de los m\u00e1s conocidos en la <a href=\"http:\/\/www.rivieramaya.com\/es\">Riviera Maya<\/a>, ha sido la sede y parada para torneos internacionales de la PKRA. Fuerza de viento:10 nudos- 20 nudos aprox. Mejor temporada: Enero, febrero, Marzo, Abril, Mayo, Noviembre y Diciembre.  <\/p>\n\n                <a class=\"medium custom-button align-btn-left\" href=\"http:\/\/kitesurfvacation.com\/?page_id=634\" title=\"m\u00e1s info &amp; properties\"><span style=\"background-color:#FF5C00; color:#FFFFFF\">m\u00e1s info, fotos &amp; propiedades<\/span><\/a>\n\t     \n<hr \/>\n<\/td>\n<\/tr>\n<tr>\n<td><\/td>\n<\/tr>\n<tr>\n<td style=\"vertical-align: top;\" width=\"50%\"><span class=\"custom-frame alignleft frame-shadow\"><img loading=\"lazy\" decoding=\"async\" class=\" size-medium wp-image-1819\" title=\"holbox kite\" src=\"http:\/\/www.kitesurfvacation.com\/_images\/holboxkiteboardingyucatan420.jpg\" alt=\"\" width=\"420\" height=\"230\" \/><\/span><\/td>\n<td>\n<h3>Isla Holbox<\/h3>\n<p style=\"text-align: justify;\">Holbox esta ubicada al noroeste de Canc\u00fan (2 hrs), es una isla en el Estado de Quintana Roo, en la costa norte de la <a href=\"http:\/\/es.wikipedia.org\/wiki\/Pen%C3%ADnsula_de_Yucat%C3%A1n\">Pen\u00ednsula de Yucat\u00e1n<\/a>. Holbox Existe un santuario de cientos de flamingos rosas, pel\u00edcanos y otras aves ex\u00f3ticas y animales. Las calles de Holbox son de arena blanca, com\u00fanmente como en las islas caribe\u00f1as.  Esta Isla es una de las playas m\u00e1s seguras para poder aprender kitesurf. Las condiciones son ideales para los principiantes, aguas no profundas, sin obst\u00e1culos a lo largo y a lo ancho de la playa, demasiados d\u00edas de viento durante los meses del invierno principalmente. Los expertos o avanzados encontrar\u00e1n muy buenas condiciones cuando los \u2018nortes\u2019 alcancen velocidades de 28 nudos o m\u00e1s.<\/p>\n\n                <a class=\"medium custom-button align-btn-left\" href=\"http:\/\/kitesurfvacation.com\/?page_id=636\" title=\"m\u00e1s info &amp; propiedades\"><span style=\"background-color:#FF5C00; color:#FFFFFF\">m\u00e1s info, fotos &amp; propiedades<\/span><\/a>\n\t     \n<hr \/>\n<\/td>\n<\/tr>\n<tr>\n<td><\/td>\n<\/tr>\n<tr>\n<td style=\"vertical-align: top;\" width=\"50%\"><span class=\"custom-frame alignleft frame-shadow\"><img loading=\"lazy\" decoding=\"async\" class=\" size-medium wp-image-1819\" title=\"islablancacancun\" src=\"http:\/\/www.kitesurfvacation.com\/_images\/islablancacancuncaribe420.jpg\" alt=\"\" width=\"420\" height=\"230\" \/><\/span><\/td>\n<td>\n<h3>Isla Blanca, Canc\u00fan<\/h3>\n<p style=\"text-align: justify;\">Excelente e ideal para hacer <a href=\"http:\/\/www.zonakitesurf.com\/queeskitesurf.htm\">kiteboarding<\/a>. Esta isla localizada a s\u00f3lo 25 minutos al norte de Canc\u00fan dentro de una inmensa laguna de agua salada, pr\u00e1cticamente sin oleaje ya que el agua no es profunda.  Es el lugar ideal para los \u2018Nortes\u2019 debido a la ubicaci\u00f3n y a lo plano del agua. Es un lugar perfecto para aprender a kitesurfear ya que la profundidad de la laguna es pr\u00e1cticamente hasta la cadera en todas partes. Uno de nuestros <a href=\"http:\/\/www.kitepedia.com\/kitesurf\/Spots_De_Kitesurf#M.C3.A9xico\">kitesurfing spots <\/a>preferidos. Mejor temporada: Noviembre, Diciembre, Enero, Febrero, Marzo, Abril, Mayo.<\/p>\n\n                <a class=\"medium custom-button align-btn-left\" href=\"http:\/\/kitesurfvacation.com\/?page_id=638\" title=\"more info, photos &amp; properties\"><span style=\"background-color:#FF5C00; color:#FFFFFF\">m\u00e1s info, fotos &amp; propiedades<\/span><\/a>\n\t     \n<hr \/>\n<\/td>\n<\/tr>\n<tr>\n<td><\/td>\n<\/tr>\n<tr>\n<td style=\"vertical-align: top;\" width=\"50%\"><span class=\"custom-frame alignleft frame-shadow\"><img loading=\"lazy\" decoding=\"async\" class=\" size-medium wp-image-1819\" title=\"tulumkitesurfing\" src=\"http:\/\/www.kitesurfvacation.com\/_images\/tulumkiteboarding420.jpg\" alt=\"\" width=\"420\" height=\"230\" \/><\/span><\/td>\n<td>\n<h3>Tulum<\/h3>\n<p style=\"text-align: justify;\">Tulum es una de las playas m\u00e1s hermosas en el <a href=\"http:\/\/www.youtube.com\/watch?v=AJhDnOXm71w\" rel=\"wp-prettyPhoto[25]\">Caribe Mexicano<\/a> y en todo Am\u00e9rica, con su pintoresco escenario de las ruinas <em>Mayas<\/em> sobre la arena.  Las playas de Tulum ofrecen excelentes condiciones para hacer kitesurf rodeadas de incre\u00edbles paisajes, Playas largas y sin gente.  Fuerza del viento: 12 a 25 nudos. Sopla durante la ma\u00f1ana, mediod\u00eda, tarde y hasta la noche. La mejor temporada de kiteboarding son los meses de Enero, febrero, marzo, abril, mayo y diciembre..<\/p>\n\n                <a class=\"medium custom-button align-btn-left\" href=\"http:\/\/kitesurfvacation.com\/?page_id=641\" title=\"m\u00e1s info, fotos &amp; propiedades\"><span style=\"background-color:#FF5C00; color:#FFFFFF\">m\u00e1s info, fotos &amp; propiedades<\/span><\/a>\n\t     \n<hr \/>\n<\/td>\n<\/tr>\n<tr>\n<td><\/td>\n<\/tr>\n<tr>\n<td style=\"vertical-align: top;\" width=\"50%\"><span class=\"custom-frame alignleft frame-shadow\"><img loading=\"lazy\" decoding=\"async\" class=\" size-medium wp-image-1819\" title=\"cozumelkitesurfing\" src=\"http:\/\/kitesurfvacation.com\/wp-content\/uploads\/2011\/12\/cozumel.jpg\" alt=\"\" width=\"420\" height=\"230\" \/><\/span><\/td>\n<td>\n<h3>Cozumel<\/h3>\n<p style=\"text-align: justify;\">Cozumel es una isla <strong>caribe\u00f1a<\/strong> justo en la Pen\u00ednsula de Yucat\u00e1n al sureste de M\u00e9xico. Cuenta con incre\u00edbles playas, gente amable, calles seguras y con precios econ\u00f3micos comparado con otros destinos tur\u00edsticos en M\u00e9xico. Los mejores meses: Enero, Febrero, Marzo, Abril, Mayo, Diciembre. Tipo de viento Termal y vientos frontales. El <em>viento<\/em> m\u00e1s usual es del Este, cuando entra un frente fr\u00edo o los huracanes pasan cerca, podr\u00e1 contar con fuertes vientos. Hay un punto donde hay olas.<\/p>\n\n                <a class=\"medium custom-button align-btn-left\" href=\"http:\/\/kitesurfvacation.com\/?page_id=643\" title=\"m\u00e1s info &amp; propiedades\"><span style=\"background-color:#FF5C00; color:#FFFFFF\">m\u00e1s info, fotos &amp; propiedades<\/span><\/a>\n\t     \n<hr \/>\n<\/td>\n<\/tr>\n<tr>\n<td><\/td>\n<\/tr>\n<tr>\n<td style=\"vertical-align: top;\" width=\"50%\"><span class=\"custom-frame alignleft frame-shadow\"><img loading=\"lazy\" decoding=\"async\" class=\" size-medium wp-image-1819\" title=\"sisalkiteboarding\" src=\"http:\/\/www.kitesurfvacation.com\/_images\/sisalkiteboardingyucatan.jpg\" alt=\"\" width=\"420\" height=\"230\" \/><\/span><\/td>\n<td>\n<h3>Sisal Yucatan<\/h3>\n<p style=\"text-align: justify;\">Sisal es el mejor kite spot secreto de M\u00e9xico. Es un encantador pueblo de pescadores localizado en el noroeste de la Pen\u00ednsula de Yucat\u00e1n  a s\u00f3lo  a 40 minutos manejando de Merida. Caracterizado por su ambiente relajado, incre\u00edble atm\u00f3sfera rodeado de naturaleza, ex\u00f3tico escenario y sus flamencos rosas. Kil\u00f3metros de playas amplias y v\u00edrgenes, las aguas no profundas cerca de la orilla y la costa ventosa, hacen de las playas de Sisal una lugar id\u00edlico para la pr\u00e1ctica del kitesurfing. La temporada de viento es de Noviembre a Julio.<\/p>\n\n                <a class=\"medium custom-button align-btn-left\" href=\"http:\/\/kitesurfvacation.com\/?page_id=12895\" title=\"m\u00e1s info &amp; propiedades\"><span style=\"background-color:#FF5C00; color:#FFFFFF\">m\u00e1s info, fotos &amp; propiedades<\/span><\/a>\n\t     \n<hr \/>\n<\/td>\n<\/tr>\n<tr>\n<td><\/td>\n<\/tr>\n<tr>\n<td style=\"vertical-align: top;\" width=\"50%\"><span class=\"custom-frame alignleft frame-shadow\"><img loading=\"lazy\" decoding=\"async\" class=\" size-medium wp-image-1819\" title=\"el cuyo\" src=\"http:\/\/www.kitesurfvacation.com\/_images\/elcuyo420.jpg\" alt=\"\" width=\"420\" height=\"230\" \/><\/span><\/td>\n<td>\n<h3>El Cuyo Yucatan<\/h3>\n<p style=\"text-align: justify;\">El Cuyo, Yucat\u00e1n se encuentra a tan s\u00f3lo 2 horas manejando de Canc\u00fan, es un peque\u00f1o pueblo mexicano de pescadores ubicado a un costado de la Reserva de Rio Lagartos., Yucat\u00e1n. El Cuyo es un para\u00edso de kiteboarding, debido a sus fuertes vientos c\u00e1lidos generados por el efecto t\u00e9rmico, aguas de baja profundidad, viento de lado, playas largas sin gente, e ideal para \u2018downwinders\u2019 y principiantes del kite.  La temporada de viento abarca el mes de Noviembre hasta Julio.\n<\/p>\n\n                <a class=\"medium custom-button align-btn-left\" href=\"http:\/\/kitesurfvacation.com\/?page_id=7409\" title=\"m\u00e1s info &amp; propiedades\"><span style=\"background-color:#FF5C00; color:#FFFFFF\">m\u00e1s info, fotos &amp; propiedades<\/span><\/a>\n\t     \n<hr \/>\n<\/td>\n<\/tr>\n<p><!-- San Felipe, Rio Lagartos y Las Coloradas.--><\/p>\n<tr>\n<td width=\"50%\" style=\"vertical-align: top; \">\n<span class=\"custom-frame alignleft frame-shadow\"><img loading=\"lazy\" decoding=\"async\" src=\"http:\/\/www.kitesurfvacation.com\/_images\/sanfelipekitesurfcaribe420.jpg\" alt=\"\" title=\"sanfelipe\" width=\"420\"  height=\"230\" class=\" size-medium wp-image-1819\" \/><\/span>\n<\/td>\n<td>\n<h3> San Felipe, Rio Lagartos and Las Coloradas.<\/h3>\n<p style=\"text-align:justify\"> San Felipe, Rio Lagartos y Las Coloradas, son  pueblos peque\u00f1os localizados en la costa norte del Estado de Yucat\u00e1n. Son principalmente pueblos pesqueros, pero recientemente se ha incrementado el auge del turismo.. Estas <em>playas<\/em> son ideales para aprender a practicar el <strong>kitesurfing<\/strong> en un remoto y ex\u00f3tico spot, gracias a los consistentes vientos side-onshore, agua de baja profundidad, su belleza natural,  sin obst\u00e1culos en unas largas playas y sobre todo a la gran cantidad de d\u00edas de viento durante todo el a\u00f1o. Les recomendamos hacer un \u2018down-wind\u2019 desde  Rio Lagartos hasta San Felipe.<\/p>\n\n                <a class=\"medium custom-button align-btn-left\" href=\"http:\/\/kitesurfvacation.com\/?page_id=3495\" title=\"m\u00e1s info & propiedades\"><span style=\"background-color:#FF5C00; color:#FFFFFF\">m\u00e1s info, fotos & propiedades<\/span><\/a>\n\t     \n<hr \/>\n<\/td>\n<\/tr>\n<tr>\n<td><\/td>\n<\/tr>\n<tr>\n<td style=\"vertical-align: top;\" width=\"50%\"><span class=\"custom-frame alignleft frame-shadow\"><img loading=\"lazy\" decoding=\"async\" class=\" size-medium wp-image-1819\" title=\"bucerias\" src=\"http:\/\/www.kitesurfvacation.com\/_images\/progresokitesurfingcaribe420.jpg\" alt=\"\" width=\"420\" height=\"230\" \/><\/span><\/td>\n<td>\n<h3>Progreso<\/h3>\n<p style=\"text-align: justify;\">Progreso es una ciudad y un Puerto en M\u00e9xico en el <a href=\"http:\/\/www.yucatan.gob.mx\/\">Estado de Yucat\u00e1n<\/a>, a 30 minutos por carretera al norte de la capital M\u00e9rida es un emergente destino tur\u00edstico. El agua no es muy profunda, 10 metros de profundidad  hasta 4 km mar adentro.  El viento es bueno casi todo el a\u00f1o, excepto por Julio y Agosto. El resto del a\u00f1o es un lugar sumamente confiable. Los meses m\u00e1s seguros de viento son desde Febrero hasta Junio. La costa recibe los Nortes directamente. El viento varia principalmente de 12 nudos a 35 nudos de la direcci\u00f3n noreste.<\/p>\n\n                <a class=\"medium custom-button align-btn-left\" href=\"http:\/\/kitesurfvacation.com\/?page_id=645\" title=\"m\u00e1s info &amp; propiedades\"><span style=\"background-color:#FF5C00; color:#FFFFFF\">m\u00e1s info, fotos &amp; propiedades<\/span><\/a>\n\t     \n<hr \/>\n<\/td>\n<\/tr>\n<tr>\n<td><\/td>\n<\/tr>\n<tr>\n<\/table>\n\n<!-- Facebook Like Button v1.9.6 BEGIN [http:\/\/blog.bottomlessinc.com] -->\n<iframe src=\"http:\/\/www.facebook.com\/plugins\/like.php?href=http%3A%2F%2Fkitesurfvacation.com%2F%3Fpage_id%3D25&amp;layout=standard&amp;show_faces=false&amp;width=450&amp;action=like&amp;colorscheme=light\" scrolling=\"no\" frameborder=\"0\" allowTransparency=\"true\" style=\"border:none; overflow:hidden; width:450px; height: 30px; align: left; margin: 2px 0px 2px 0px\"><\/iframe>\n<!-- Facebook Like Button END -->\n","protected":false},"excerpt":{"rendered":"<p>Playa del Carmen Playa del Carmen, es un pueblo tur\u00edstico en la costa de Quintana Roo en la Pen\u00ednsula de Yucat\u00e1n en M\u00e9xico. Es el centro de la Riviera Maya y ofrece sobretodo un atmosfera relajada, peque\u00f1as boutiques y distintivo aire europeo. Este lugar es uno de [&hellip;]<\/p>\n","protected":false},"author":1,"featured_media":0,"parent":6,"menu_order":1,"comment_status":"closed","ping_status":"closed","template":"page-FullWidth.php","meta":{"footnotes":""},"class_list":["post-25","page","type-page","status-publish","hentry"],"_links":{"self":[{"href":"http:\/\/kitesurfvacation.com\/index.php?rest_route=\/wp\/v2\/pages\/25","targetHints":{"allow":["GET"]}}],"collection":[{"href":"http:\/\/kitesurfvacation.com\/index.php?rest_route=\/wp\/v2\/pages"}],"about":[{"href":"http:\/\/kitesurfvacation.com\/index.php?rest_route=\/wp\/v2\/types\/page"}],"author":[{"embeddable":true,"href":"http:\/\/kitesurfvacation.com\/index.php?rest_route=\/wp\/v2\/users\/1"}],"replies":[{"embeddable":true,"href":"http:\/\/kitesurfvacation.com\/index.php?rest_route=%2Fwp%2Fv2%2Fcomments&post=25"}],"version-history":[{"count":43,"href":"http:\/\/kitesurfvacation.com\/index.php?rest_route=\/wp\/v2\/pages\/25\/revisions"}],"predecessor-version":[{"id":13073,"href":"http:\/\/kitesurfvacation.com\/index.php?rest_route=\/wp\/v2\/pages\/25\/revisions\/13073"}],"up":[{"embeddable":true,"href":"http:\/\/kitesurfvacation.com\/index.php?rest_route=\/wp\/v2\/pages\/6"}],"wp:attachment":[{"href":"http:\/\/kitesurfvacation.com\/index.php?rest_route=%2Fwp%2Fv2%2Fmedia&parent=25"}],"curies":[{"name":"wp","href":"https:\/\/api.w.org\/{rel}","templated":true}]}}