{"id":23,"date":"2011-12-13T03:18:18","date_gmt":"2011-12-13T03:18:18","guid":{"rendered":"http:\/\/kitesurfvacation.com\/?page_id=23"},"modified":"2016-04-22T00:37:24","modified_gmt":"2016-04-22T05:37:24","slug":"pacifico","status":"publish","type":"page","link":"http:\/\/kitesurfvacation.com\/?page_id=23","title":{"rendered":"Pac\u00edfico Mexicano&#8230;.(Destinos y playas de Kitesurfing)"},"content":{"rendered":"<div id=\"tweetbutton23\" class=\"tw_button\" style=\"\"><a href=\"http:\/\/twitter.com\/share?url=http%3A%2F%2Fkitesurfvacation.com%2F%3Fpage_id%3D23&amp;text=Pac%C3%ADfico%20Mexicano%26%238230%3B.%28Destinos%20y%20playas%20de%20Kitesurfing%29&amp;related=&amp;lang=en&amp;count=horizontal&amp;counturl=http%3A%2F%2Fkitesurfvacation.com%2F%3Fpage_id%3D23\" class=\"twitter-share-button\"  style=\"width:55px;height:22px;background:transparent url('http:\/\/kitesurfvacation.com\/wp-content\/plugins\/wp-tweet-button\/tweetn.png') no-repeat  0 0;text-align:left;text-indent:-9999px;display:block;\">Tweet<\/a><\/div>\n<!-- Facebook Like Button v1.9.6 BEGIN [http:\/\/blog.bottomlessinc.com] -->\n<iframe src=\"http:\/\/www.facebook.com\/plugins\/like.php?href=http%3A%2F%2Fkitesurfvacation.com%2F%3Fpage_id%3D23&amp;layout=standard&amp;show_faces=false&amp;width=450&amp;action=like&amp;colorscheme=light\" scrolling=\"no\" frameborder=\"0\" allowTransparency=\"true\" style=\"border:none; overflow:hidden; width:450px; height: 30px; align: left; margin: 2px 0px 2px 0px\"><\/iframe>\n<!-- Facebook Like Button END -->\n<table>\n<tbody>\n<tr>\n<td style=\"vertical-align: top;\" width=\"50%\"><span class=\"custom-frame alignleft frame-shadow\"><img loading=\"lazy\" decoding=\"async\" class=\" size-medium wp-image-1819\" title=\"bucerias kiting pacific\" src=\"http:\/\/kitesurfvacation.com\/_images\/buceriaskiteboarding420.jpg\" alt=\"pacific kite destinations\" width=\"420\" height=\"230\" \/><\/span><\/td>\n<td>\n<h3>Bucerias<\/h3>\n<p style=\"text-align: justify;\">Bucerias es un bonito y peque\u00f1o pueblo pesquero que atrae turistas que no desean el  tr\u00e1fico de Puerto Vallarta, pero que aun desean servicios dentro de un pueblo vacacional con acceso cercano a <a href=\"http:\/\/es.wikipedia.org\/wiki\/Puerto_Vallarta\">Puerto Vallarta<\/a> (20 minutos). Bucer\u00edas cuenta con 5 millas de arena blanda, calles de adoqu\u00edn y su calidez y encanto lo inspirar\u00e1n a la vida simple. El viento sopla generalmente despu\u00e9s del mediod\u00eda. La temporada de viento generalmente abarca los meses de Enero a Junio. \u00a1Incre\u00edble lugar para hacer kiteboarding!!.<\/p>\n\n                <a class=\"medium custom-button align-btn-left\" href=\"http:\/\/kitesurfvacation.com\/?page_id=630\" title=\"m\u00e1s info &amp; propiedades\"><span style=\"background-color:#FF5C00; color:#FFFFFF\">m\u00e1s info, fotos &amp; propiedades<\/span><\/a>\n\t     \n<hr \/>\n<\/td>\n<\/tr>\n<tr>\n<td><\/td>\n<\/tr>\n<tr>\n<td style=\"vertical-align: top;\" width=\"50%\"><span class=\"custom-frame alignleft frame-shadow\"><img loading=\"lazy\" decoding=\"async\" class=\" size-medium wp-image-1819\" title=\"nuevo vallarta and puerto vallarta kitesurf\" src=\"http:\/\/kitesurfvacation.com\/_images\/nuevovallartakiteboarding420.jpg\" alt=\"kitesurf nuevo vallarta\" width=\"420\" height=\"230\" \/><\/span><\/td>\n<td>\n<h3>Nuevo Vallarta y Puerto Vallarta<\/h3>\n<p style=\"text-align: justify;\">Nuevo Vallarta es una  zona hotelera y residencial localizada en M\u00e9xico en Nayarit. A 15 minutos en autom\u00f3vil al norte  de Puerto Vallarta. Esta zona de kiteboard es una de las m\u00e1s preferidas de la Bah\u00eda de Banderas, gente del sur de la bah\u00eda y viajeros de Guadalajara vienen a disfrutar de los <em>fuertes vientos del Pac\u00edfico<\/em> y la playa larga. La temporada de viento generalmente abarca los meses de Enero a Junio, posteriormente el mar se calienta tanto que no hay brisa de mar.  Es muy posible contar con 4-5 d\u00edas por semana de buen viento en la temporada.<\/p>\n\n                <a class=\"medium custom-button align-btn-left\" href=\"http:\/\/kitesurfvacation.com\/?page_id=632\" title=\"m\u00e1s info &amp; propiedades\"><span style=\"background-color:#FF5C00; color:#FFFFFF\">m\u00e1s info, fotos &amp; propiedades<\/span><\/a>\n\t     \n<hr \/>\n<\/td>\n<\/tr>\n<p><!--La Ventosa y Salina Cruz--><\/p>\n<tr>\n<td width=\"50%\" style=\"vertical-align: top; \">\n<span class=\"custom-frame alignleft frame-shadow\"><img loading=\"lazy\" decoding=\"async\" src=\"http:\/\/kitesurfvacation.com\/_images\/laventosa420.jpg\" alt=\"\" title=\"laventosa\" width=\"420\"  height=\"230\" class=\" size-medium wp-image-1819\" \/><\/span>\n<\/td>\n<td>\n<h3>La Ventosa y Salina Cruz<\/h3>\n<p style=\"text-align:justify\">La m\u00edtica zona de La Ventosa y Salina Cruz es considerada como uno de los destinos con m\u00e1s viento en el mundo. Famosa por sus huracanados vientos que provocan hasta volcaduras de veh\u00edculos de carga pesada en la carretera  y por ser el \u00fanico lugar en el pa\u00eds donde existe una planta de generadores e\u00f3licos. Los cicl\u00f3nicos vientos son generados principalmente por <a href=\"http:\/\/fisica.laguia2000.com\/dinamica-clasica\/efecto-venturi\"><em>el efecto \u2018Venturi\u2019 <\/em><\/a>de dos cadenas o estribaciones monta\u00f1osas en el Istmo de Tehuantepec. Los vientos oscilan entre 20 y 35 nudos durante la mayor parte del a\u00f1o. <\/p>\n\n                <a class=\"medium custom-button align-btn-left\" href=\"http:\/\/kitesurfvacation.com\/?page_id=3575\" title=\"m\u00e1s info & propiedades\"><span style=\"background-color:#FF5C00; color:#FFFFFF\">m\u00e1s info, fotos & propiedades<\/span><\/a>\n\t     \n<hr>\n<\/td>\n<\/tr>\n<p><!-- San Carlos, Sonora.--><\/p>\n<tr>\n<td width=\"50%\" style=\"vertical-align: top; \">\n<span class=\"custom-frame alignleft frame-shadow\"><img loading=\"lazy\" decoding=\"async\" src=\"http:\/\/kitesurfvacation.com\/_images\/sancarlos420.jpg\" alt=\"\" title=\"sancarlos\" width=\"420\"  height=\"230\" class=\" size-medium wp-image-1819\" \/><\/span>\n<\/td>\n<td>\n<h3> San Carlos, Sonora.<\/h3>\n<p style=\"text-align:justify\"> San Carlos se encuentra ubicado en el Mar de Cortez, en el puerto de Guaymas, Sonora. Existen majestuosas playas, espectacular snorkeling y buceo, kayaking, pesca deportiva o simplemente relajar en la arena. Cuenta con un consistente viento del oeste que se mantiene sideshore en la bah\u00eda, por esa raz\u00f3n lo hace un spot espectacular para el kiteboarding. La bah\u00eda ofrece agua plana perfecta para el kiteboarding, especialmente en Playa Algodones. La mejor temporada de viento es considerada de Octubre a Abril, los vientos del noroeste provienen side on shore entre 15 a 25 nudos. Generalmente el viento comienza al mediod\u00eda.<\/p>\n\n                <a class=\"medium custom-button align-btn-left\" href=\"http:\/\/kitesurfvacation.com\/?page_id=3549\" title=\"m\u00e1s info & propiedades\"><span style=\"background-color:#FF5C00; color:#FFFFFF\">m\u00e1s info, fotos & propiedades<\/span><\/a>\n\t     \n<hr>\n<\/td>\n<\/tr>\n<\/table>\n\n<!-- Facebook Like Button v1.9.6 BEGIN [http:\/\/blog.bottomlessinc.com] -->\n<iframe src=\"http:\/\/www.facebook.com\/plugins\/like.php?href=http%3A%2F%2Fkitesurfvacation.com%2F%3Fpage_id%3D23&amp;layout=standard&amp;show_faces=false&amp;width=450&amp;action=like&amp;colorscheme=light\" scrolling=\"no\" frameborder=\"0\" allowTransparency=\"true\" style=\"border:none; overflow:hidden; width:450px; height: 30px; align: left; margin: 2px 0px 2px 0px\"><\/iframe>\n<!-- Facebook Like Button END -->\n","protected":false},"excerpt":{"rendered":"<p>Bucerias Bucerias es un bonito y peque\u00f1o pueblo pesquero que atrae turistas que no desean el tr\u00e1fico de Puerto Vallarta, pero que aun desean servicios dentro de un pueblo vacacional con acceso cercano a Puerto Vallarta (20 minutos). Bucer\u00edas cuenta con 5 millas de arena blanda, calles [&hellip;]<\/p>\n","protected":false},"author":1,"featured_media":0,"parent":6,"menu_order":3,"comment_status":"closed","ping_status":"closed","template":"page-FullWidth.php","meta":{"footnotes":""},"class_list":["post-23","page","type-page","status-publish","hentry"],"_links":{"self":[{"href":"http:\/\/kitesurfvacation.com\/index.php?rest_route=\/wp\/v2\/pages\/23","targetHints":{"allow":["GET"]}}],"collection":[{"href":"http:\/\/kitesurfvacation.com\/index.php?rest_route=\/wp\/v2\/pages"}],"about":[{"href":"http:\/\/kitesurfvacation.com\/index.php?rest_route=\/wp\/v2\/types\/page"}],"author":[{"embeddable":true,"href":"http:\/\/kitesurfvacation.com\/index.php?rest_route=\/wp\/v2\/users\/1"}],"replies":[{"embeddable":true,"href":"http:\/\/kitesurfvacation.com\/index.php?rest_route=%2Fwp%2Fv2%2Fcomments&post=23"}],"version-history":[{"count":32,"href":"http:\/\/kitesurfvacation.com\/index.php?rest_route=\/wp\/v2\/pages\/23\/revisions"}],"predecessor-version":[{"id":11583,"href":"http:\/\/kitesurfvacation.com\/index.php?rest_route=\/wp\/v2\/pages\/23\/revisions\/11583"}],"up":[{"embeddable":true,"href":"http:\/\/kitesurfvacation.com\/index.php?rest_route=\/wp\/v2\/pages\/6"}],"wp:attachment":[{"href":"http:\/\/kitesurfvacation.com\/index.php?rest_route=%2Fwp%2Fv2%2Fmedia&parent=23"}],"curies":[{"name":"wp","href":"https:\/\/api.w.org\/{rel}","templated":true}]}}