{"id":21,"date":"2011-12-13T03:17:49","date_gmt":"2011-12-13T03:17:49","guid":{"rendered":"http:\/\/kitesurfvacation.com\/?page_id=21"},"modified":"2016-04-22T00:35:56","modified_gmt":"2016-04-22T05:35:56","slug":"baja-california-2","status":"publish","type":"page","link":"http:\/\/kitesurfvacation.com\/?page_id=21","title":{"rendered":"Baja California&#8230;.(Kitesurfing Spots y Playas)"},"content":{"rendered":"<div id=\"tweetbutton21\" class=\"tw_button\" style=\"\"><a href=\"http:\/\/twitter.com\/share?url=http%3A%2F%2Fkitesurfvacation.com%2F%3Fpage_id%3D21&amp;text=Baja%20California%26%238230%3B.%28Kitesurfing%20Spots%20y%20Playas%29&amp;related=&amp;lang=en&amp;count=horizontal&amp;counturl=http%3A%2F%2Fkitesurfvacation.com%2F%3Fpage_id%3D21\" class=\"twitter-share-button\"  style=\"width:55px;height:22px;background:transparent url('http:\/\/kitesurfvacation.com\/wp-content\/plugins\/wp-tweet-button\/tweetn.png') no-repeat  0 0;text-align:left;text-indent:-9999px;display:block;\">Tweet<\/a><\/div>\n<!-- Facebook Like Button v1.9.6 BEGIN [http:\/\/blog.bottomlessinc.com] -->\n<iframe src=\"http:\/\/www.facebook.com\/plugins\/like.php?href=http%3A%2F%2Fkitesurfvacation.com%2F%3Fpage_id%3D21&amp;layout=standard&amp;show_faces=false&amp;width=450&amp;action=like&amp;colorscheme=light\" scrolling=\"no\" frameborder=\"0\" allowTransparency=\"true\" style=\"border:none; overflow:hidden; width:450px; height: 30px; align: left; margin: 2px 0px 2px 0px\"><\/iframe>\n<!-- Facebook Like Button END -->\n<table>\n<tbody>\n<td style=\"vertical-align: top;\" width=\"50%\"><span class=\"custom-frame alignleft frame-shadow\"><img loading=\"lazy\" decoding=\"async\" class=\" size-medium wp-image-1819\"  title=\"la ventana baja california\" src=\"http:\/\/kitesurfvacation.com\/_images\/laventanakiteboarding420.jpg\" alt=\"kitesurflaventana\" width=\"420\" height=\"230\" \/><\/span><\/td>\n<td>\n<h3>La Ventana<\/h3>\n<p style=\"text-align: justify;\">La Ventana es un peque\u00f1o pueblo de pescadores ubicado en el <a href=\"https:\/\/www.google.com.mx\/search?q=mar+de+cortes&#038;hl=es&#038;prmd=imvns&#038;tbm=isch&#038;tbo=u&#038;source=univ&#038;sa=X&#038;ei=nId5UNO9Msi-2gX3_oDABA&#038;ved=0CCgQsAQ&#038;biw=1366&#038;bih=642\">Mar de Cortez<\/a>, a s\u00f3lo 30 minutos al sureste de La Paz, Baja California, M\u00e9xico. La Ventana fue descubierta hace aproximadamente 15 a\u00f1os por windsurferos, y actualmente se ha convertido en el perfecto spot para hacer kiteboarding gracias a sus estables vientos de Octubre hasta Marzo, y por su arenosa playa en forma de L con vientos sideshore. Muchos lugares son muy seguros y buenos para despegar. Cada a\u00f1o, durante los meses de Diciembre y Enero, La Ventana ofrece competencias internacionales de kitesurf, cl\u00ecnicas y expos, tales como La Ventana Classic y su tradicional expo kite.<\/p>\n\n                <a class=\"medium custom-button align-btn-left\" href=\"http:\/\/kitesurfvacation.com\/?page_id=611\" title=\"more info, photos &amp; properties\"><span style=\"background-color:#FF5C00; color:#FFFFFF\">m\u00e1s info, fotos &amp; propiedades<\/span><\/a>\n\t     \n<hr \/>\n<\/td>\n<\/tr>\n<tr>\n<td style=\"vertical-align: top;\" width=\"50%\"><span class=\"custom-frame alignleft frame-shadow\"><img loading=\"lazy\" decoding=\"async\" class=\" size-medium wp-image-1819\" title=\"los barriles kite baja california\" src=\"http:\/\/kitesurfvacation.com\/_images\/losbarrileskiteboarding420.jpg\" alt=\"kitesurflosbarrilesbaja\" width=\"420\" height=\"230\" \/><\/span><\/td>\n<td>\n<h3>Los Barriles<\/h3>\n<p style=\"text-align: justify;\">Los Barriles es un peque\u00f1o pueblo en <a href=\"http:\/\/es.wikipedia.org\/wiki\/Baja_California_Sur\"><strong><em>Baja California Sur, M\u00e9xico<\/em><\/strong><\/a>. Ubicado en las costas del Mar de Cortez justo en medio de Los Cabos y La Paz. Los Barriles es un excelente lugar para principiantes y para practicar en olas gracias al gran shorebreak con el que cuenta. Toda la playa de Los Barriles es un gran lugar para practicar kiteboarding, pero el mejor es Playa  Norte, en el lado noreste de la playa. Inmensas playas con infinidad de opciones, algunos lugares son ampliamente seguros y sin problemas para despegar. Los mejores meses son enero, febrero, marzo, abril,octubre, noviembre, diciembre.<\/p>\n\n                <a class=\"medium custom-button align-btn-left\" href=\"http:\/\/kitesurfvacation.com\/?page_id=557\" title=\"m\u00e1s info, fotos &amp; propiedades\"><span style=\"background-color:#FF5C00; color:#FFFFFF\">m\u00e1s info, fotos &amp; propiedades<\/span><\/a>\n\t     \n<hr \/>\n<\/td>\n<\/tr>\n<tr>\n<td><\/td>\n<\/tr>\n<tr>\n<p><!--Punta Abreojos--><\/p>\n<tr>\n<td width=\"50%\" style=\"vertical-align: top; \">\n<span class=\"custom-frame alignleft frame-shadow\"><img loading=\"lazy\" decoding=\"async\" src=\"http:\/\/kitesurfvacation.com\/_images\/puntaabreojos420.jpg\" alt=\"\" title=\"punta abreojos\" width=\"420\"  height=\"230\" class=\" size-medium wp-image-1819\" \/><\/span>\n<\/td>\n<td>\n<h3>Punta Abreojos<\/h3>\n<p style=\"text-align:justify\">Punta Abreojos es un peque\u00f1o pueblo pesquero en Baja California Sur. Cuenta con un \u2018point break\u2019 que provee de excelentes olas, el spot ideal para practicar el surf, <strong>windsurf o kitesurfing<\/strong>. Es conocido principalmente por windsurferos o kiteboarderos que toman ventaja de los predecibles vientos del noroeste. La mayor parte del tiempo es un lugar desolado. El viento sopla la mayor parte del a\u00f1o, a un promedio de 12-25 nudos. <\/p>\n\n                <a class=\"medium custom-button align-btn-left\" href=\"http:\/\/kitesurfvacation.com\/?page_id=3541\" title=\"m\u00e1s info & propiedades\"><span style=\"background-color:#FF5C00; color:#FFFFFF\">m\u00e1s info, fotos & propiedades<\/span><\/a>\n\t     \n<hr>\n<\/td>\n<\/tr>\n<p><!--Punta, San Carlos.--><\/p>\n<tr>\n<td width=\"50%\" style=\"vertical-align: top; \">\n<span class=\"custom-frame alignleft frame-shadow\"><img loading=\"lazy\" decoding=\"async\" src=\"http:\/\/kitesurfvacation.com\/_images\/puntasancarlos420.jpg\" alt=\"\" title=\"puntasancarlos\" width=\"420\"  height=\"230\" class=\" size-medium wp-image-1819\" \/><\/span>\n<\/td>\n<td>\n<h3>Punta San Carlos.<\/h3>\n<p style=\"text-align:justify\">Punta San Carlos se encuentra ubicada en <a href=\"http:\/\/www.bajacalifornia.gob.mx\/portal\/site.jsp\">Baja California Norte <\/a>en el Oc\u00e9ano Pac\u00edfico, cerca del pueblo llamado El Rosario, aproximadamente a 275 millas de la frontera con los Estados Unidos. Punta San Carlos esta expuesta a un arrecife y un \u2018point break\u2019 espectacular para la <a href=\"http:\/\/www.youtube.com\/watch?v=8JzN1LzWhig\" rel=\"wp-prettyPhoto[21]\">pr\u00e1ctica del kiteboarding<\/a>, windsurfing y surfing. Es el lugar ideal para el eco-turismo y deportes extremos. La mayor parte del a\u00f1o hay viento, especialmente los vientos t\u00e9rmicos, que pueden ser en ocasiones muy fuertes. Usualmente el viento es \u2018sideshore\u2019.<\/p>\n\n                <a class=\"medium custom-button align-btn-left\" href=\"http:\/\/kitesurfvacation.com\/?page_id=3531\" title=\"m\u00e1s info & propiedades\"><span style=\"background-color:#FF5C00; color:#FFFFFF\">m\u00e1s info, fotos & propiedades<\/span><\/a>\n\t     \n<hr>\n<\/td>\n<\/tr>\n<\/table>\n\n<!-- Facebook Like Button v1.9.6 BEGIN [http:\/\/blog.bottomlessinc.com] -->\n<iframe src=\"http:\/\/www.facebook.com\/plugins\/like.php?href=http%3A%2F%2Fkitesurfvacation.com%2F%3Fpage_id%3D21&amp;layout=standard&amp;show_faces=false&amp;width=450&amp;action=like&amp;colorscheme=light\" scrolling=\"no\" frameborder=\"0\" allowTransparency=\"true\" style=\"border:none; overflow:hidden; width:450px; height: 30px; align: left; margin: 2px 0px 2px 0px\"><\/iframe>\n<!-- Facebook Like Button END -->\n","protected":false},"excerpt":{"rendered":"<p>La Ventana La Ventana es un peque\u00f1o pueblo de pescadores ubicado en el Mar de Cortez, a s\u00f3lo 30 minutos al sureste de La Paz, Baja California, M\u00e9xico. La Ventana fue descubierta hace aproximadamente 15 a\u00f1os por windsurferos, y actualmente se ha convertido en el perfecto spot [&hellip;]<\/p>\n","protected":false},"author":1,"featured_media":0,"parent":6,"menu_order":2,"comment_status":"closed","ping_status":"closed","template":"page-FullWidth.php","meta":{"footnotes":""},"class_list":["post-21","page","type-page","status-publish","hentry"],"_links":{"self":[{"href":"http:\/\/kitesurfvacation.com\/index.php?rest_route=\/wp\/v2\/pages\/21","targetHints":{"allow":["GET"]}}],"collection":[{"href":"http:\/\/kitesurfvacation.com\/index.php?rest_route=\/wp\/v2\/pages"}],"about":[{"href":"http:\/\/kitesurfvacation.com\/index.php?rest_route=\/wp\/v2\/types\/page"}],"author":[{"embeddable":true,"href":"http:\/\/kitesurfvacation.com\/index.php?rest_route=\/wp\/v2\/users\/1"}],"replies":[{"embeddable":true,"href":"http:\/\/kitesurfvacation.com\/index.php?rest_route=%2Fwp%2Fv2%2Fcomments&post=21"}],"version-history":[{"count":28,"href":"http:\/\/kitesurfvacation.com\/index.php?rest_route=\/wp\/v2\/pages\/21\/revisions"}],"predecessor-version":[{"id":11582,"href":"http:\/\/kitesurfvacation.com\/index.php?rest_route=\/wp\/v2\/pages\/21\/revisions\/11582"}],"up":[{"embeddable":true,"href":"http:\/\/kitesurfvacation.com\/index.php?rest_route=\/wp\/v2\/pages\/6"}],"wp:attachment":[{"href":"http:\/\/kitesurfvacation.com\/index.php?rest_route=%2Fwp%2Fv2%2Fmedia&parent=21"}],"curies":[{"name":"wp","href":"https:\/\/api.w.org\/{rel}","templated":true}]}}