{"id":167,"date":"2011-12-19T22:17:21","date_gmt":"2011-12-19T22:17:21","guid":{"rendered":"http:\/\/kitesurfvacation.com\/?page_id=167"},"modified":"2020-08-05T11:31:37","modified_gmt":"2020-08-05T16:31:37","slug":"mapa","status":"publish","type":"page","link":"http:\/\/kitesurfvacation.com\/?page_id=167","title":{"rendered":"Mapa de los mejores Destinos Spots y playas de kitesurfing en Mexico"},"content":{"rendered":"<div id=\"tweetbutton167\" class=\"tw_button\" style=\"\"><a href=\"http:\/\/twitter.com\/share?url=http%3A%2F%2Fkitesurfvacation.com%2F%3Fpage_id%3D167&amp;text=Mapa%20de%20los%20mejores%20Destinos%20Spots%20y%20playas%20de%20kitesurfing%20en%20Mexico&amp;related=&amp;lang=en&amp;count=horizontal&amp;counturl=http%3A%2F%2Fkitesurfvacation.com%2F%3Fpage_id%3D167\" class=\"twitter-share-button\"  style=\"width:55px;height:22px;background:transparent url('http:\/\/kitesurfvacation.com\/wp-content\/plugins\/wp-tweet-button\/tweetn.png') no-repeat  0 0;text-align:left;text-indent:-9999px;display:block;\">Tweet<\/a><\/div>\n<!-- Facebook Like Button v1.9.6 BEGIN [http:\/\/blog.bottomlessinc.com] -->\n<iframe src=\"http:\/\/www.facebook.com\/plugins\/like.php?href=http%3A%2F%2Fkitesurfvacation.com%2F%3Fpage_id%3D167&amp;layout=standard&amp;show_faces=false&amp;width=450&amp;action=like&amp;colorscheme=light\" scrolling=\"no\" frameborder=\"0\" allowTransparency=\"true\" style=\"border:none; overflow:hidden; width:450px; height: 30px; align: left; margin: 2px 0px 2px 0px\"><\/iframe>\n<!-- Facebook Like Button END -->\n<p><a href=\"http:\/\/kitesurfvacation.com\/wp-content\/uploads\/2020\/08\/kitesurfvacationmapdestinations.jpg\" rel=\"wp-prettyPhoto[167]\"><img loading=\"lazy\" decoding=\"async\" src=\"http:\/\/kitesurfvacation.com\/wp-content\/uploads\/2020\/08\/kitesurfvacationmapdestinations.jpg\" alt=\"kitesurfing spots and destinations world mexico\" width=\"850\" height=\"300\" class=\"aligncenter size-full wp-image-7082\" \/><\/a><\/p>\n<p style=\"text-align: justify;\">Sabemos que es complicado encontrar <strong>buenos spots de kiteboarding en el mundo<\/strong>. Kitesurf Vacation ofrece detallada y completa informaci\u00f3n sobre <strong>los mejores destinos de kitesurfing en M\u00e9xico<\/strong>. Desde <strong>espectaculares playas de kiteboarding a lo largo de la costa mexicana<\/strong>, lugares secretos del caribe y sin fin de incre\u00edbles locaciones de kitesurf con viento estable y consistente. M\u00e9xico cuenta con <strong>ex\u00f3ticos y diferentes spots de kitesurf<\/strong> para todos los niveles de cada kitero. \u00a1Podr\u00e1s practicar el kiteboard en lagunas de poca profundidad hasta kitesurfear en perfectas olas en el mar!<\/p>\n<p style=\"text-align: justify;\"> Nuestro pa\u00eds Mexico ofrece <strong>excelentes condiciones de viento y una amplia temporada de viento al a\u00f1o<\/strong>. Nuestro mapa interactivo esta dividido en 4 \u00e1reas o zonas de kite: &#8211; <strong>El Caribe y  Yucat\u00e1n<\/strong>, &#8211; <strong>Baja California<\/strong>, &#8211;  <strong>El Golfo de M\u00e9xico<\/strong> y \u2013 <strong>El Pac\u00edfico<\/strong>. <strong>\u00a1Haz click en cada destino de kite para mayor informaci\u00f3n\u00a1<\/strong><\/p>\n<div style=\"border: 0px solid red; height: 500px;\">\n<div style=\"position: relative; border: 0px solid blue; width: 350px; height: 350px; top: 0px; left: 0px;\"><img decoding=\"async\" src=\"http:\/\/kitesurfvacation.com\/_images\/mapa.jpg\" alt=\"\" \/><\/div>\n<div style=\"position: relative; border: 0px solid blue; width: 100px; height: 100px; top: -200px; left: 7px;\"><a href=\"http:\/\/kitesurfvacation.com\/?page_id=21\"><img decoding=\"async\" style=\"border: 0;\" src=\"http:\/\/kitesurfvacation.com\/_images\/mapbc.png\" alt=\"\" \/><\/a><\/div>\n<div style=\"position: relative; border: 0px solid blue; width: 100px; height: 100px; top: -100px; left: 200px;\"><a href=\"http:\/\/kitesurfvacation.com\/?page_id=23\"><img decoding=\"async\" style=\"border: 0;\" src=\"http:\/\/kitesurfvacation.com\/_images\/mappacifico.png\" alt=\"\" \/><\/a><\/div>\n<div style=\"position: relative; border: 0px solid blue; width: 100px; height: 100px; top: -280px; left: 480px;\"><a href=\"http:\/\/kitesurfvacation.com\/?page_id=27\"><img decoding=\"async\" style=\"border: 0;\" src=\"http:\/\/kitesurfvacation.com\/_images\/mapgolfo.png\" alt=\"\" \/><\/a><\/div>\n<div style=\"position: relative; border: 0px solid blue; width: 100px; height: 100px; top: -350px; left: 700px;\"><a href=\"http:\/\/kitesurfvacation.com\/?page_id=25\"><img decoding=\"async\" style=\"border: 0;\" src=\"http:\/\/kitesurfvacation.com\/_images\/mapcaribe.png\" alt=\"\" \/><\/a><\/div>\n<\/div>\n\n<!-- Facebook Like Button v1.9.6 BEGIN [http:\/\/blog.bottomlessinc.com] -->\n<iframe src=\"http:\/\/www.facebook.com\/plugins\/like.php?href=http%3A%2F%2Fkitesurfvacation.com%2F%3Fpage_id%3D167&amp;layout=standard&amp;show_faces=false&amp;width=450&amp;action=like&amp;colorscheme=light\" scrolling=\"no\" frameborder=\"0\" allowTransparency=\"true\" style=\"border:none; overflow:hidden; width:450px; height: 30px; align: left; margin: 2px 0px 2px 0px\"><\/iframe>\n<!-- Facebook Like Button END -->\n","protected":false},"excerpt":{"rendered":"<p>Sabemos que es complicado encontrar buenos spots de kiteboarding en el mundo. Kitesurf Vacation ofrece detallada y completa informaci\u00f3n sobre los mejores destinos de kitesurfing en M\u00e9xico. Desde espectaculares playas de kiteboarding a lo largo de la costa mexicana, lugares secretos del caribe y sin fin de [&hellip;]<\/p>\n","protected":false},"author":1,"featured_media":0,"parent":0,"menu_order":4,"comment_status":"closed","ping_status":"closed","template":"page-FullWidth.php","meta":{"footnotes":""},"class_list":["post-167","page","type-page","status-publish","hentry"],"_links":{"self":[{"href":"http:\/\/kitesurfvacation.com\/index.php?rest_route=\/wp\/v2\/pages\/167","targetHints":{"allow":["GET"]}}],"collection":[{"href":"http:\/\/kitesurfvacation.com\/index.php?rest_route=\/wp\/v2\/pages"}],"about":[{"href":"http:\/\/kitesurfvacation.com\/index.php?rest_route=\/wp\/v2\/types\/page"}],"author":[{"embeddable":true,"href":"http:\/\/kitesurfvacation.com\/index.php?rest_route=\/wp\/v2\/users\/1"}],"replies":[{"embeddable":true,"href":"http:\/\/kitesurfvacation.com\/index.php?rest_route=%2Fwp%2Fv2%2Fcomments&post=167"}],"version-history":[{"count":84,"href":"http:\/\/kitesurfvacation.com\/index.php?rest_route=\/wp\/v2\/pages\/167\/revisions"}],"predecessor-version":[{"id":13497,"href":"http:\/\/kitesurfvacation.com\/index.php?rest_route=\/wp\/v2\/pages\/167\/revisions\/13497"}],"wp:attachment":[{"href":"http:\/\/kitesurfvacation.com\/index.php?rest_route=%2Fwp%2Fv2%2Fmedia&parent=167"}],"curies":[{"name":"wp","href":"https:\/\/api.w.org\/{rel}","templated":true}]}}