{"id":14,"date":"2011-12-13T02:05:36","date_gmt":"2011-12-13T02:05:36","guid":{"rendered":"http:\/\/kitesurfvacation.com\/?page_id=14"},"modified":"2017-07-22T12:09:47","modified_gmt":"2017-07-22T17:09:47","slug":"contacto","status":"publish","type":"page","link":"http:\/\/kitesurfvacation.com\/?page_id=14","title":{"rendered":"Contacto"},"content":{"rendered":"<div id=\"tweetbutton14\" class=\"tw_button\" style=\"\"><a href=\"http:\/\/twitter.com\/share?url=http%3A%2F%2Fkitesurfvacation.com%2F%3Fpage_id%3D14&amp;text=Contacto&amp;related=&amp;lang=en&amp;count=horizontal&amp;counturl=http%3A%2F%2Fkitesurfvacation.com%2F%3Fpage_id%3D14\" class=\"twitter-share-button\"  style=\"width:55px;height:22px;background:transparent url('http:\/\/kitesurfvacation.com\/wp-content\/plugins\/wp-tweet-button\/tweetn.png') no-repeat  0 0;text-align:left;text-indent:-9999px;display:block;\">Tweet<\/a><\/div>\n<!-- Facebook Like Button v1.9.6 BEGIN [http:\/\/blog.bottomlessinc.com] -->\n<iframe src=\"http:\/\/www.facebook.com\/plugins\/like.php?href=http%3A%2F%2Fkitesurfvacation.com%2F%3Fpage_id%3D14&amp;layout=standard&amp;show_faces=false&amp;width=450&amp;action=like&amp;colorscheme=light\" scrolling=\"no\" frameborder=\"0\" allowTransparency=\"true\" style=\"border:none; overflow:hidden; width:450px; height: 30px; align: left; margin: 2px 0px 2px 0px\"><\/iframe>\n<!-- Facebook Like Button END -->\n<p>\u00a1Hola amigo! Somos Tina y Jaime, nos encantar\u00eda saber de ti y apoyarte en cualquier duda que tengas sobre tu viaje o con cualquier tema relevante al kitesurfing en M\u00e9xico. <\/p>\n<p>Para poder darte un mejor servicio y asesor\u00eda, necesitamos que nos proporciones la mayor informaci\u00f3n posible y detalles en espec\u00edfico de tu viaje. <strong>\u00bfQu\u00e9 destino piensas visitar? \u00bfEn que fechas? \u00bfCu\u00e1l es tu nivel de kiteboarding? \u00bfNecesitas clases de kite?. <\/strong> En caso de requerir hospedaje, <strong>\u00bfcu\u00e1l es presupuesto m\u00e1ximo por noche? \u00bfcu\u00e1ntas personas? \u00bfnecesitas alg\u00fan servicio extra?<\/strong><\/p>\n\n<!-- Facebook Like Button v1.9.6 BEGIN [http:\/\/blog.bottomlessinc.com] -->\n<iframe src=\"http:\/\/www.facebook.com\/plugins\/like.php?href=http%3A%2F%2Fkitesurfvacation.com%2F%3Fpage_id%3D14&amp;layout=standard&amp;show_faces=false&amp;width=450&amp;action=like&amp;colorscheme=light\" scrolling=\"no\" frameborder=\"0\" allowTransparency=\"true\" style=\"border:none; overflow:hidden; width:450px; height: 30px; align: left; margin: 2px 0px 2px 0px\"><\/iframe>\n<!-- Facebook Like Button END -->\n","protected":false},"excerpt":{"rendered":"<p>\u00a1Hola amigo! Somos Tina y Jaime, nos encantar\u00eda saber de ti y apoyarte en cualquier duda que tengas sobre tu viaje o con cualquier tema relevante al kitesurfing en M\u00e9xico. Para poder darte un mejor servicio y asesor\u00eda, necesitamos que nos proporciones la mayor informaci\u00f3n posible y [&hellip;]<\/p>\n","protected":false},"author":1,"featured_media":0,"parent":0,"menu_order":9,"comment_status":"closed","ping_status":"closed","template":"page-Contact.php","meta":{"footnotes":""},"class_list":["post-14","page","type-page","status-publish","hentry"],"_links":{"self":[{"href":"http:\/\/kitesurfvacation.com\/index.php?rest_route=\/wp\/v2\/pages\/14","targetHints":{"allow":["GET"]}}],"collection":[{"href":"http:\/\/kitesurfvacation.com\/index.php?rest_route=\/wp\/v2\/pages"}],"about":[{"href":"http:\/\/kitesurfvacation.com\/index.php?rest_route=\/wp\/v2\/types\/page"}],"author":[{"embeddable":true,"href":"http:\/\/kitesurfvacation.com\/index.php?rest_route=\/wp\/v2\/users\/1"}],"replies":[{"embeddable":true,"href":"http:\/\/kitesurfvacation.com\/index.php?rest_route=%2Fwp%2Fv2%2Fcomments&post=14"}],"version-history":[{"count":9,"href":"http:\/\/kitesurfvacation.com\/index.php?rest_route=\/wp\/v2\/pages\/14\/revisions"}],"predecessor-version":[{"id":12641,"href":"http:\/\/kitesurfvacation.com\/index.php?rest_route=\/wp\/v2\/pages\/14\/revisions\/12641"}],"wp:attachment":[{"href":"http:\/\/kitesurfvacation.com\/index.php?rest_route=%2Fwp%2Fv2%2Fmedia&parent=14"}],"curies":[{"name":"wp","href":"https:\/\/api.w.org\/{rel}","templated":true}]}}